{"id":703,"date":"2023-04-16T19:56:47","date_gmt":"2023-04-16T19:56:47","guid":{"rendered":"http:\/\/www.ju-aesthetic.de\/?page_id=703"},"modified":"2026-02-08T09:57:43","modified_gmt":"2026-02-08T09:57:43","slug":"gebuehren","status":"publish","type":"page","link":"https:\/\/www.ju-aesthetic.de\/?page_id=703","title":{"rendered":"Bezahlung \/ Gutscheine"},"content":{"rendered":"<h2>BEZAHLUNG UND GUTSCHEINE<\/h2>\n<p>Alle Preise k\u00f6nnen auf der Seite der jeweiligen <a href=\"https:\/\/www.ju-aesthetic.de\/?page_id=219\">Behandlung<\/a> gesehen\u00a0werden.<\/p>\n<p>Meine Preise sind transparent und ich verstecke mich nicht hinter unklaren Formulierungen, Lockangeboten oder dubiosen Rabatten. Qualit\u00e4t\u00a0und individuelle\u00a0Betreuung und steht\u00a0f\u00fcr mich\u00a0an\u00a0oberster Stelle. <strong>Vermeintlich &#8222;billige&#8220; Unterspritzungen in Kosmetikstudios durch Heilpraktiker oder Wander\u00e4rzte sind illegal und werden zumeist auch nicht korrekt abgerechnet.<\/strong> Im Falle einer Komplikation hat der Patient keinen Zugriff mehr auf den Behandler und die Krankenkasse zahlt die oft notwendigen, kostenintensiven Therapien nicht. Bitte \u00fcberlegt Euch das, bevor ihr ein Angebot annehmt, das zu gut ist, um wahr zu sein.<\/p>\n<p>Alle Preise sind selbstverst\u00e4ndlich bereits inklusive Mehrwertsteuer. Jede Behandlung wird\u00a0ordentlich nach GO\u00c4 (Geb\u00fchrenordnung f\u00fcr \u00c4rzte) abgerechnet und auf Wunsch die Rechnung ausgeh\u00e4ndigt.<\/p>\n<p>Ich akzeptiere alle g\u00e4ngigen Karten (ec\/Debitkarten und Kreditkarten,\u00a0Apple Pay) und Bargeld. Keine American Express.<\/p>\n<p><strong>Der Betrag muss direkt nach der Behandlung vor Ort beglichen werden. Eine Bezahlung mittels \u00dcberweisung ist nicht m\u00f6glich.<\/strong><\/p>\n<p>Gutscheine k\u00f6nnen bei mir vor Ort gekauft werden. Am besten bestellst Du diesen per Email oder telefonisch vor.<\/p>\n<p style=\"text-align: left;\"><a href=\"mailto:hello@ju-aesthetic.de\">hello@ju-aesthetic.de\u00a0<\/a><\/p>\n<p>\t\t\t\t\t<a href=\"https:\/\/www.ju-aesthetic.de\/?page_id=221\" target=\"_blank\"><br \/>\n\t\t\t\t\t\t\t\t\tKontakt<br \/>\n\t\t\t\t\t<\/a><br \/>\n\t\t\t\t\t<a href=\"https:\/\/www.doctolib.de\/arzt\/rosenheim\/julia-kiefl\" target=\"_blank\"><br \/>\n\t\t\t\t\t\t\t\t\tOnline Terminvereinbarung<br \/>\n\t\t\t\t\t<\/a><\/p>\n","protected":false},"excerpt":{"rendered":"<p>BEZAHLUNG UND GUTSCHEINE Alle Preise k\u00f6nnen auf der Seite der jeweiligen Behandlung gesehen\u00a0werden. Meine Preise sind transparent und ich verstecke mich nicht hinter unklaren Formulierungen, Lockangeboten oder dubiosen Rabatten. Qualit\u00e4t\u00a0und individuelle\u00a0Betreuung und steht\u00a0f\u00fcr mich\u00a0an\u00a0oberster Stelle. Vermeintlich &#8222;billige&#8220; Unterspritzungen in Kosmetikstudios durch Heilpraktiker oder Wander\u00e4rzte sind illegal und werden zumeist auch nicht korrekt abgerechnet. Im Falle [&hellip;]<\/p>\n","protected":false},"author":1,"featured_media":0,"parent":0,"menu_order":0,"comment_status":"closed","ping_status":"closed","template":"","meta":{"footnotes":""},"class_list":["post-703","page","type-page","status-publish","hentry"],"_links":{"self":[{"href":"https:\/\/www.ju-aesthetic.de\/index.php?rest_route=\/wp\/v2\/pages\/703","targetHints":{"allow":["GET"]}}],"collection":[{"href":"https:\/\/www.ju-aesthetic.de\/index.php?rest_route=\/wp\/v2\/pages"}],"about":[{"href":"https:\/\/www.ju-aesthetic.de\/index.php?rest_route=\/wp\/v2\/types\/page"}],"author":[{"embeddable":true,"href":"https:\/\/www.ju-aesthetic.de\/index.php?rest_route=\/wp\/v2\/users\/1"}],"replies":[{"embeddable":true,"href":"https:\/\/www.ju-aesthetic.de\/index.php?rest_route=%2Fwp%2Fv2%2Fcomments&post=703"}],"version-history":[{"count":91,"href":"https:\/\/www.ju-aesthetic.de\/index.php?rest_route=\/wp\/v2\/pages\/703\/revisions"}],"predecessor-version":[{"id":4461,"href":"https:\/\/www.ju-aesthetic.de\/index.php?rest_route=\/wp\/v2\/pages\/703\/revisions\/4461"}],"wp:attachment":[{"href":"https:\/\/www.ju-aesthetic.de\/index.php?rest_route=%2Fwp%2Fv2%2Fmedia&parent=703"}],"curies":[{"name":"wp","href":"https:\/\/api.w.org\/{rel}","templated":true}]}}