{"id":660,"date":"2023-04-16T14:11:47","date_gmt":"2023-04-16T14:11:47","guid":{"rendered":"http:\/\/www.ju-aesthetic.de\/?page_id=660"},"modified":"2026-02-08T10:12:10","modified_gmt":"2026-02-08T10:12:10","slug":"xavi","status":"publish","type":"page","link":"https:\/\/www.ju-aesthetic.de\/?page_id=660","title":{"rendered":"Praxishund Xavi"},"content":{"rendered":"\t\t<div data-elementor-type=\"wp-page\" data-elementor-id=\"660\" class=\"elementor elementor-660\" data-elementor-post-type=\"page\">\n\t\t\t\t<div class=\"elementor-element elementor-element-5d971c3c e-flex e-con-boxed e-con e-parent\" data-id=\"5d971c3c\" data-element_type=\"container\">\n\t\t\t\t\t<div class=\"e-con-inner\">\n\t\t<div class=\"elementor-element elementor-element-1df37c52 e-con-full e-flex e-con e-child\" data-id=\"1df37c52\" data-element_type=\"container\">\n\t\t\t\t<div class=\"elementor-element elementor-element-4e916a6d elementor-widget elementor-widget-heading\" data-id=\"4e916a6d\" data-element_type=\"widget\" data-widget_type=\"heading.default\">\n\t\t\t\t<div class=\"elementor-widget-container\">\n\t\t\t\t\t<h2 class=\"elementor-heading-title elementor-size-default\">XAVI PRAXISHUND<\/h2>\t\t\t\t<\/div>\n\t\t\t\t<\/div>\n\t\t\t\t<div class=\"elementor-element elementor-element-392e1d1 elementor-widget elementor-widget-text-editor\" data-id=\"392e1d1\" data-element_type=\"widget\" data-widget_type=\"text-editor.default\">\n\t\t\t\t<div class=\"elementor-widget-container\">\n\t\t\t\t\t\t\t\t\t<div dir=\"auto\">Hallo hier ist Xavi, unser Praxishund bei <a href=\"https:\/\/www.ju-aesthetic.de\/\">Ju Aesthetic<\/a>. Xavi ist eine Mischung aus italienischem Stra\u00dfen Retro Mops und Zwergdackel und ist 5 Jahre alt. Sein freundliches, quirliges Wesen und seine gute Aufpasserqualit\u00e4t machen ihn zum besten Praxishund ever.<\/div><div dir=\"auto\">\u00a0<\/div><div dir=\"auto\">Xavi liebt wie sein Frauchen <a href=\"https:\/\/www.ju-aesthetic.de\/?page_id=286\">Julia <\/a>Waldspazierg\u00e4nge, Snacks und Kuscheln. Den Tag \u00fcber verbringt er bei seinem Herrchen Mani, der auch mit seiner Trachten-Schuhmanufaktur\u00a0<a href=\"http:\/\/www.xaverluis.de\">XAVER LUIS<\/a> im Reschenhof zu finden ist.<\/div><div dir=\"auto\">\u00a0<\/div><div dir=\"auto\">Xavi ist zu jedem Besucher auf dem Reschenhof freundlich und aufgeschlossen (ausser vielleicht dem Paketboten). Er freut sich, wenn er Patienten begr\u00fc\u00dfen (und einen Blick in die Handtasche werfen) darf, bleibt aber sonst ganz brav in seinem K\u00f6rbchen im Backoffice der Praxis.<\/div><div dir=\"auto\">\u00a0<\/div><div dir=\"auto\">Besonders dankbar ist er, wenn ein Patient nach seinem Besuch bei Ju Aesthetic einen kleinen Betrag in die Spendenkasse f\u00fcr Tiere in Not wirft.<\/div><div dir=\"auto\">\u00a0<\/div>\t\t\t\t\t\t\t\t<\/div>\n\t\t\t\t<\/div>\n\t\t\t\t<\/div>\n\t\t<div class=\"elementor-element elementor-element-44168d4 e-con-full e-flex e-con e-child\" data-id=\"44168d4\" data-element_type=\"container\" data-settings=\"{&quot;background_background&quot;:&quot;classic&quot;}\">\n\t\t\t\t<\/div>\n\t\t\t\t\t<\/div>\n\t\t\t\t<\/div>\n\t\t<div class=\"elementor-element elementor-element-fa2651d e-flex e-con-boxed e-con e-parent\" data-id=\"fa2651d\" data-element_type=\"container\">\n\t\t\t\t\t<div class=\"e-con-inner\">\n\t\t\t\t<div class=\"elementor-element elementor-element-ff1eaf9 elementor-widget elementor-widget-spacer\" data-id=\"ff1eaf9\" data-element_type=\"widget\" data-widget_type=\"spacer.default\">\n\t\t\t\t<div class=\"elementor-widget-container\">\n\t\t\t\t\t\t\t<div class=\"elementor-spacer\">\n\t\t\t<div class=\"elementor-spacer-inner\"><\/div>\n\t\t<\/div>\n\t\t\t\t\t\t<\/div>\n\t\t\t\t<\/div>\n\t\t\t\t<div class=\"elementor-element elementor-element-cd27b57 elementor-align-center elementor-widget elementor-widget-global elementor-global-829 elementor-widget-button\" data-id=\"cd27b57\" data-element_type=\"widget\" data-settings=\"{&quot;motion_fx_motion_fx_mouse&quot;:&quot;yes&quot;,&quot;_animation&quot;:&quot;none&quot;}\" data-widget_type=\"button.default\">\n\t\t\t\t<div class=\"elementor-widget-container\">\n\t\t\t\t\t\t\t\t\t<div class=\"elementor-button-wrapper\">\n\t\t\t\t\t<a class=\"elementor-button elementor-button-link elementor-size-sm\" href=\"https:\/\/www.doctolib.de\/arzt\/rosenheim\/julia-kiefl\" target=\"_blank\">\n\t\t\t\t\t\t<span class=\"elementor-button-content-wrapper\">\n\t\t\t\t\t\t\t\t\t<span class=\"elementor-button-text\">Online Terminvereinbarung<\/span>\n\t\t\t\t\t<\/span>\n\t\t\t\t\t<\/a>\n\t\t\t\t<\/div>\n\t\t\t\t\t\t\t\t<\/div>\n\t\t\t\t<\/div>\n\t\t\t\t<div class=\"elementor-element elementor-element-b6d5ca8 elementor-align-center elementor-widget elementor-widget-global elementor-global-832 elementor-widget-button\" data-id=\"b6d5ca8\" data-element_type=\"widget\" data-widget_type=\"button.default\">\n\t\t\t\t<div class=\"elementor-widget-container\">\n\t\t\t\t\t\t\t\t\t<div class=\"elementor-button-wrapper\">\n\t\t\t\t\t<a class=\"elementor-button elementor-button-link elementor-size-sm\" href=\"https:\/\/www.ju-aesthetic.de\/?page_id=221\" target=\"_blank\">\n\t\t\t\t\t\t<span class=\"elementor-button-content-wrapper\">\n\t\t\t\t\t\t\t\t\t<span class=\"elementor-button-text\">Kontakt           <\/span>\n\t\t\t\t\t<\/span>\n\t\t\t\t\t<\/a>\n\t\t\t\t<\/div>\n\t\t\t\t\t\t\t\t<\/div>\n\t\t\t\t<\/div>\n\t\t\t\t\t<\/div>\n\t\t\t\t<\/div>\n\t\t<div class=\"elementor-element elementor-element-533a101 e-flex e-con-boxed e-con e-parent\" data-id=\"533a101\" data-element_type=\"container\">\n\t\t\t\t\t<div class=\"e-con-inner\">\n\t\t\t\t<div class=\"elementor-element elementor-element-91495b1 elementor-widget elementor-widget-spacer\" data-id=\"91495b1\" data-element_type=\"widget\" data-widget_type=\"spacer.default\">\n\t\t\t\t<div class=\"elementor-widget-container\">\n\t\t\t\t\t\t\t<div class=\"elementor-spacer\">\n\t\t\t<div class=\"elementor-spacer-inner\"><\/div>\n\t\t<\/div>\n\t\t\t\t\t\t<\/div>\n\t\t\t\t<\/div>\n\t\t\t\t\t<\/div>\n\t\t\t\t<\/div>\n\t\t\t\t<\/div>\n\t\t","protected":false},"excerpt":{"rendered":"<p>XAVI PRAXISHUND Hallo hier ist Xavi, unser Praxishund bei Ju Aesthetic. Xavi ist eine Mischung aus italienischem Stra\u00dfen Retro Mops und Zwergdackel und ist 5 Jahre alt. Sein freundliches, quirliges Wesen und seine gute Aufpasserqualit\u00e4t machen ihn zum besten Praxishund ever.\u00a0Xavi liebt wie sein Frauchen Julia Waldspazierg\u00e4nge, Snacks und Kuscheln. Den Tag \u00fcber verbringt er [&hellip;]<\/p>\n","protected":false},"author":1,"featured_media":0,"parent":0,"menu_order":0,"comment_status":"closed","ping_status":"closed","template":"","meta":{"footnotes":""},"class_list":["post-660","page","type-page","status-publish","hentry"],"_links":{"self":[{"href":"https:\/\/www.ju-aesthetic.de\/index.php?rest_route=\/wp\/v2\/pages\/660","targetHints":{"allow":["GET"]}}],"collection":[{"href":"https:\/\/www.ju-aesthetic.de\/index.php?rest_route=\/wp\/v2\/pages"}],"about":[{"href":"https:\/\/www.ju-aesthetic.de\/index.php?rest_route=\/wp\/v2\/types\/page"}],"author":[{"embeddable":true,"href":"https:\/\/www.ju-aesthetic.de\/index.php?rest_route=\/wp\/v2\/users\/1"}],"replies":[{"embeddable":true,"href":"https:\/\/www.ju-aesthetic.de\/index.php?rest_route=%2Fwp%2Fv2%2Fcomments&post=660"}],"version-history":[{"count":44,"href":"https:\/\/www.ju-aesthetic.de\/index.php?rest_route=\/wp\/v2\/pages\/660\/revisions"}],"predecessor-version":[{"id":4473,"href":"https:\/\/www.ju-aesthetic.de\/index.php?rest_route=\/wp\/v2\/pages\/660\/revisions\/4473"}],"wp:attachment":[{"href":"https:\/\/www.ju-aesthetic.de\/index.php?rest_route=%2Fwp%2Fv2%2Fmedia&parent=660"}],"curies":[{"name":"wp","href":"https:\/\/api.w.org\/{rel}","templated":true}]}}