{"id":658,"date":"2023-04-16T14:09:15","date_gmt":"2023-04-16T14:09:15","guid":{"rendered":"http:\/\/www.ju-aesthetic.de\/?page_id=658"},"modified":"2026-02-08T10:52:59","modified_gmt":"2026-02-08T10:52:59","slug":"strahlende-augen","status":"publish","type":"page","link":"https:\/\/www.ju-aesthetic.de\/?page_id=658","title":{"rendered":"Sch\u00f6ne Augen"},"content":{"rendered":"\t\t<div data-elementor-type=\"wp-page\" data-elementor-id=\"658\" class=\"elementor elementor-658\" data-elementor-post-type=\"page\">\n\t\t\t\t<div class=\"elementor-element elementor-element-4f4976c8 e-flex e-con-boxed e-con e-parent\" data-id=\"4f4976c8\" data-element_type=\"container\">\n\t\t\t\t\t<div class=\"e-con-inner\">\n\t\t<div class=\"elementor-element elementor-element-3f2b763c e-con-full e-flex e-con e-child\" data-id=\"3f2b763c\" data-element_type=\"container\">\n\t\t\t\t<div class=\"elementor-element elementor-element-74715172 elementor-widget elementor-widget-heading\" data-id=\"74715172\" data-element_type=\"widget\" data-widget_type=\"heading.default\">\n\t\t\t\t<div class=\"elementor-widget-container\">\n\t\t\t\t\t<h2 class=\"elementor-heading-title elementor-size-default\">STRAHLENDE AUGEN<\/h2>\t\t\t\t<\/div>\n\t\t\t\t<\/div>\n\t\t\t\t<div class=\"elementor-element elementor-element-2bd06a43 elementor-widget elementor-widget-text-editor\" data-id=\"2bd06a43\" data-element_type=\"widget\" data-widget_type=\"text-editor.default\">\n\t\t\t\t<div class=\"elementor-widget-container\">\n\t\t\t\t\t\t\t\t\t<div dir=\"auto\"><p>Die Augen &#8211; der Spiegel unserer Seele! Sie spielen eine wesentliche Rolle in unserer zwischenmenschlichen Kommunikation. Doch mit der Zeit verliert sich oft die jugendliche Strahlkraft unserer Augenpartie. Altersbedingte Ver\u00e4nderungen, wie feine Linien, F\u00e4ltchen und Volumenverlust lassen uns m\u00fcde, m\u00fcrrisch oder angespannt wirken. Es ist daher besonders wichtig, verst\u00e4rktes &#8222;Augenmerk&#8220; auf diesen Bereich zu legen.<\/p><div dir=\"auto\"><p><a href=\"https:\/\/www.ju-aesthetic.de\/?page_id=602\"><strong>Hyalurons\u00e4ure &#8211; Filler zur Behandlung der<\/strong> <strong>Tr\u00e4nenrinne<\/strong><\/a><\/p><p>Hyalurons\u00e4ure ist eine \u00fcberall im K\u00f6rper nat\u00fcrlich vorkommende, wasserspeichernde Substanz, die in Gel-Form zur Auff\u00fcllung der Tr\u00e4nenrinne benutzt werden kann (<a href=\"https:\/\/www.ju-aesthetic.de\/?page_id=602\">Filler<\/a>). Ich benutze hierbei eine speziell f\u00fcr die Tr\u00e4nenrinne konzipierte Hyalurons\u00e4ure, die gleichzeitig fest und formstabil, aber auch flexibel ist. Der Vorteil ist ein sofort sichtbares Ergebnis mit mehr Frische und reduzierten Augenschatten. Diese Behandlung h\u00e4lt teilweise jahrelang und muss zumeist nur selten aufgefrischt werden. Es ist allerdings zu beachten, dass es zu (dauerhaften) Schwellungen kommen kann, auch wenn die Unterspritzung hochprofessionell durchgef\u00fchrt wurde. \u00a0<\/p><p><a href=\"https:\/\/www.ju-aesthetic.de\/?page_id=604\"><strong>Botox &#8211; Effektiv gegen mimische Falten<\/strong><\/a><\/p><p>Botox ein hocheffektives Mittel gegen mimische Falten im oberen Gesichtsdrittel (Zornesfalten zwischen den Augenbrauen, Stirnfalten, Kr\u00e4henf\u00fcsse oder Lachf\u00e4ltchen um die Augen) Regelm\u00e4\u00dfig injiziert kann es dazu beitragen, Falten niemals entstehen oder wieder verschwinden zu lassen. Auch ist es m\u00f6glich, die Augenbrauen leicht anzuheben (chemical brow lift) oder Migr\u00e4ne zu behandeln. Die Angst oder Abneigung gegen Botulinumtoxin ist absolut unbegr\u00fcndet und nur durch die Medien gemacht. Es handelt sich hierbei um ein in der Natur von Bakterien produziertes Protein (kein Schlangengift oder \u00e4hnliches). Die Dosierungen, mit denen man in der \u00c4sthetik arbeitet sind so gering, dass das Botox keinerlei sch\u00e4dlicher Auswirkungen im K\u00f6rper haben kann. Die Vorteile sind eine schnell sichtbare, deutliche Verbesserung der mimischen Falten an den Augen oder der Stirn und die unkomplizierte, nahezu schmerzfreie Behandlung. Das Ergebnis zeigt sich bereits nach wenigen Tagen und h\u00e4lt circa 3 Monate. Um den Effekt aufrecht zu erhalten, muss die Behandlung regelm\u00e4\u00dfig aufgefrischt werden. Ich biete hierbei einen speziellen Preis an (ab 250\u20ac).<\/p><p><a href=\"https:\/\/www.ju-aesthetic.de\/?page_id=606\"><strong>Polynukleotide &#8211; Tiefenregeneration gegen feine Linien und F\u00e4ltchen<\/strong><\/a><\/p><p>Polynukleotide sind der neueste Trend in der \u00c4sthetik und wirklich eine Innovation. Kleine Molek\u00fcle, die aus Lachsforellen DNA gewonnen werden, stimulieren ganz nat\u00fcrlich die tiefe Regeneration in der Haut und hydratisieren sie gleichzeitig. Vor allem die d\u00fcnne, empfindliche Haut um die Augen wirkt nach einer Kur mit Polynukleotiden glatter, heller und tiefenerfrischt. Die Behandlung erfolgt in Mesotherapie Technik (multiple kleine Injektionen), daher muss mit kleinen H\u00e4matomen und Schwellungen f\u00fcr kurze Zeit gerechnet werden. Es ist wichtig zu wissen, dass f\u00fcr ein effektives Ergebnis zwei bis drei Behandlungen im Abstand von 4-6 Wochen n\u00f6tig sind.\u00a0<\/p><\/div><p><a href=\"https:\/\/www.ju-aesthetic.de\/?page_id=612\"><strong>NCTF\u00ae \u2013 Feuchtigkeit und Vitamine<\/strong><\/a><\/p><p>NCTF\u00ae ist eine d\u00fcnnfl\u00fcssiges Serum bestehend aus Aminos\u00e4uren, Vitaminen und einer leichten Hyalurons\u00e4ure. Es ist vor allem geeignet, die sensible Haut um die Augen jugendlich zu erhalten, zu st\u00e4rken und zu sch\u00fctzen. Daher ist eine Unterspritzung vor allem eine prophylaktische Massnahme und hat keine ausgepr\u00e4gten <a href=\"https:\/\/www.ju-aesthetic.de\/?page_id=649\">Anti-Aging<\/a> Effekte. Als Frische Kick f\u00fcr den Sommer oder im Herbst ist NCTF\u00ae aber eine unkomplizierte schnelle M\u00f6glichkeit die Augenpartie zu erfrischen. \u00a0 \u00a0\u00a0<\/p><p>Entdecke, welche Behandlung am besten zu Deinen Bed\u00fcrfnissen passt, um die Strahlkraft und Jugendlichkeit der Augenpartie zu erhalten oder wieder zu erlangen. Lass Dir jetzt von mir in meiner <a href=\"https:\/\/www.ju-aesthetic.de\/?page_id=642\">Praxis<\/a> in einem <a href=\"https:\/\/www.ju-aesthetic.de\/?page_id=634\">Beratungsgespr\u00e4ch<\/a> einen individuellen Therapie-Plan erstellen. Ich freue mich auf Dich!<\/p><\/div>\t\t\t\t\t\t\t\t<\/div>\n\t\t\t\t<\/div>\n\t\t\t\t<div class=\"elementor-element elementor-element-25287585 elementor-widget elementor-widget-price-list\" data-id=\"25287585\" data-element_type=\"widget\" data-widget_type=\"price-list.default\">\n\t\t\t\t<div class=\"elementor-widget-container\">\n\t\t\t\t\t\n\t\t<ul class=\"elementor-price-list\">\n\n\t\t\t\t\t\t\t\t\t<li><a class=\"elementor-price-list-item\" href=\"https:\/\/www.ju-aesthetic.de\/?page_id=602\">\t\t\t\t\n\t\t\t\t<div class=\"elementor-price-list-text\">\n\t\t\t\t\t\t\t\t\t<div class=\"elementor-price-list-header\">\n\t\t\t\t\t\t\t\t\t\t\t<span class=\"elementor-price-list-title\">\n\t\t\t\t\t\t\tTr\u00e4nenrinnen-Filler\t\t\t\t\t\t<\/span>\n\t\t\t\t\t\t\t\t\t\t\t\t\t\t\t\t\t\t<span class=\"elementor-price-list-separator\"><\/span>\n\t\t\t\t\t\t\t\t\t\t\t\t\t\t\t\t\t\t\t<span class=\"elementor-price-list-price\">ab 350\u20ac<\/span>\n\t\t\t\t\t\t\t\t\t\t<\/div>\n\t\t\t\t\t\t\t\t\t\t\t\t\t\t\t<p class=\"elementor-price-list-description\">\n\t\t\t\t\t\t\tHyalurons\u00e4ure zur Auff\u00fcllung der Tr\u00e4nenrinne\t\t\t\t\t\t<\/p>\n\t\t\t\t\t\t\t\t<\/div>\n\t\t\t\t<\/a><\/li>\t\t\t\t\t\t\t\t\t\t\t\t<li><a class=\"elementor-price-list-item\" href=\"https:\/\/www.ju-aesthetic.de\/?page_id=604\">\t\t\t\t\n\t\t\t\t<div class=\"elementor-price-list-text\">\n\t\t\t\t\t\t\t\t\t<div class=\"elementor-price-list-header\">\n\t\t\t\t\t\t\t\t\t\t\t<span class=\"elementor-price-list-title\">\n\t\t\t\t\t\t\tBotox Bright Eyes\t\t\t\t\t\t<\/span>\n\t\t\t\t\t\t\t\t\t\t\t\t\t\t\t\t\t\t<span class=\"elementor-price-list-separator\"><\/span>\n\t\t\t\t\t\t\t\t\t\t\t\t\t\t\t\t\t\t\t<span class=\"elementor-price-list-price\">ab 350\u20ac<\/span>\n\t\t\t\t\t\t\t\t\t\t<\/div>\n\t\t\t\t\t\t\t\t\t\t\t\t\t\t\t<p class=\"elementor-price-list-description\">\n\t\t\t\t\t\t\tBotulinumtoxinbehandlung der Zornesfalte und\/oder Kr\u00e4henf\u00fcsse\t\t\t\t\t\t<\/p>\n\t\t\t\t\t\t\t\t<\/div>\n\t\t\t\t<\/a><\/li>\t\t\t\t\t\t\t\t\t\t\t\t<li><a class=\"elementor-price-list-item\" href=\"https:\/\/www.ju-aesthetic.de\/?page_id=612\">\t\t\t\t\n\t\t\t\t<div class=\"elementor-price-list-text\">\n\t\t\t\t\t\t\t\t\t<div class=\"elementor-price-list-header\">\n\t\t\t\t\t\t\t\t\t\t\t<span class=\"elementor-price-list-title\">\n\t\t\t\t\t\t\tNCTF\t\t\t\t\t\t<\/span>\n\t\t\t\t\t\t\t\t\t\t\t\t\t\t\t\t\t\t<span class=\"elementor-price-list-separator\"><\/span>\n\t\t\t\t\t\t\t\t\t\t\t\t\t\t\t\t\t\t\t<span class=\"elementor-price-list-price\">ab 150\u20ac<\/span>\n\t\t\t\t\t\t\t\t\t\t<\/div>\n\t\t\t\t\t\t\t\t\t\t\t\t\t\t\t<p class=\"elementor-price-list-description\">\n\t\t\t\t\t\t\tHydratisierende Behandlung der F\u00e4ltchen unter dem Auge\t\t\t\t\t\t<\/p>\n\t\t\t\t\t\t\t\t<\/div>\n\t\t\t\t<\/a><\/li>\t\t\t\t\t\t\t\t\t\t\t\t<li><a class=\"elementor-price-list-item\" href=\"https:\/\/www.ju-aesthetic.de\/?page_id=606\">\t\t\t\t\n\t\t\t\t<div class=\"elementor-price-list-text\">\n\t\t\t\t\t\t\t\t\t<div class=\"elementor-price-list-header\">\n\t\t\t\t\t\t\t\t\t\t\t<span class=\"elementor-price-list-title\">\n\t\t\t\t\t\t\tPolynukleotide\t\t\t\t\t\t<\/span>\n\t\t\t\t\t\t\t\t\t\t\t\t\t\t\t\t\t\t<span class=\"elementor-price-list-separator\"><\/span>\n\t\t\t\t\t\t\t\t\t\t\t\t\t\t\t\t\t\t\t<span class=\"elementor-price-list-price\">ab 330\u20ac<\/span>\n\t\t\t\t\t\t\t\t\t\t<\/div>\n\t\t\t\t\t\t\t\t\t\t\t\t\t\t\t<p class=\"elementor-price-list-description\">\n\t\t\t\t\t\t\tKollagenstimulation gegen Augenringe und  F\u00e4ltchen ums Auge\t\t\t\t\t\t<\/p>\n\t\t\t\t\t\t\t\t<\/div>\n\t\t\t\t<\/a><\/li>\t\t\t\t\t\n\t\t<\/ul>\n\n\t\t\t\t\t\t<\/div>\n\t\t\t\t<\/div>\n\t\t\t\t<\/div>\n\t\t\t\t\t<\/div>\n\t\t\t\t<\/div>\n\t\t<div class=\"elementor-element elementor-element-c8b085f e-flex e-con-boxed e-con e-parent\" data-id=\"c8b085f\" data-element_type=\"container\">\n\t\t\t\t\t<div class=\"e-con-inner\">\n\t\t\t\t<div class=\"elementor-element elementor-element-2967 elementor-widget elementor-widget-global elementor-global-2967 elementor-widget-heading\" data-id=\"2967\" data-element_type=\"widget\" data-widget_type=\"heading.default\">\n\t\t\t\t<div class=\"elementor-widget-container\">\n\t\t\t\t\t<h3 class=\"elementor-heading-title elementor-size-default\">Die Preise richten sich  im Einzelfall stets nach den Vorgaben der GO\u00c4 und sind inkl. der gesetzl. MwSt.<\/h3>\t\t\t\t<\/div>\n\t\t\t\t<\/div>\n\t\t\t\t<div class=\"elementor-element elementor-element-8100956 elementor-widget elementor-widget-spacer\" data-id=\"8100956\" data-element_type=\"widget\" data-widget_type=\"spacer.default\">\n\t\t\t\t<div class=\"elementor-widget-container\">\n\t\t\t\t\t\t\t<div class=\"elementor-spacer\">\n\t\t\t<div class=\"elementor-spacer-inner\"><\/div>\n\t\t<\/div>\n\t\t\t\t\t\t<\/div>\n\t\t\t\t<\/div>\n\t\t\t\t<div class=\"elementor-element elementor-element-829 elementor-align-center elementor-widget elementor-widget-global elementor-global-829 elementor-widget-button\" data-id=\"829\" data-element_type=\"widget\" data-settings=\"{&quot;motion_fx_motion_fx_mouse&quot;:&quot;yes&quot;,&quot;_animation&quot;:&quot;none&quot;}\" data-widget_type=\"button.default\">\n\t\t\t\t<div class=\"elementor-widget-container\">\n\t\t\t\t\t\t\t\t\t<div class=\"elementor-button-wrapper\">\n\t\t\t\t\t<a class=\"elementor-button elementor-button-link elementor-size-sm\" href=\"https:\/\/www.doctolib.de\/arzt\/rosenheim\/julia-kiefl\" target=\"_blank\">\n\t\t\t\t\t\t<span class=\"elementor-button-content-wrapper\">\n\t\t\t\t\t\t\t\t\t<span class=\"elementor-button-text\">Online Terminvereinbarung<\/span>\n\t\t\t\t\t<\/span>\n\t\t\t\t\t<\/a>\n\t\t\t\t<\/div>\n\t\t\t\t\t\t\t\t<\/div>\n\t\t\t\t<\/div>\n\t\t\t\t<div class=\"elementor-element elementor-element-832 elementor-align-center elementor-widget elementor-widget-global elementor-global-832 elementor-widget-button\" data-id=\"832\" data-element_type=\"widget\" data-widget_type=\"button.default\">\n\t\t\t\t<div class=\"elementor-widget-container\">\n\t\t\t\t\t\t\t\t\t<div class=\"elementor-button-wrapper\">\n\t\t\t\t\t<a class=\"elementor-button elementor-button-link elementor-size-sm\" href=\"https:\/\/www.ju-aesthetic.de\/?page_id=221\" target=\"_blank\">\n\t\t\t\t\t\t<span class=\"elementor-button-content-wrapper\">\n\t\t\t\t\t\t\t\t\t<span class=\"elementor-button-text\">Kontakt           <\/span>\n\t\t\t\t\t<\/span>\n\t\t\t\t\t<\/a>\n\t\t\t\t<\/div>\n\t\t\t\t\t\t\t\t<\/div>\n\t\t\t\t<\/div>\n\t\t\t\t\t<\/div>\n\t\t\t\t<\/div>\n\t\t<div class=\"elementor-element elementor-element-95e709e e-flex e-con-boxed e-con e-parent\" data-id=\"95e709e\" data-element_type=\"container\">\n\t\t\t\t\t<div class=\"e-con-inner\">\n\t\t\t\t<div class=\"elementor-element elementor-element-494ac4d elementor-widget elementor-widget-spacer\" data-id=\"494ac4d\" data-element_type=\"widget\" data-widget_type=\"spacer.default\">\n\t\t\t\t<div class=\"elementor-widget-container\">\n\t\t\t\t\t\t\t<div class=\"elementor-spacer\">\n\t\t\t<div class=\"elementor-spacer-inner\"><\/div>\n\t\t<\/div>\n\t\t\t\t\t\t<\/div>\n\t\t\t\t<\/div>\n\t\t\t\t\t<\/div>\n\t\t\t\t<\/div>\n\t\t<div class=\"elementor-element elementor-element-d226f1b e-flex e-con-boxed e-con e-parent\" data-id=\"d226f1b\" data-element_type=\"container\">\n\t\t\t\t\t<div class=\"e-con-inner\">\n\t\t\t\t<div class=\"elementor-element elementor-element-2873223 elementor-widget elementor-widget-image\" data-id=\"2873223\" data-element_type=\"widget\" data-widget_type=\"image.default\">\n\t\t\t\t<div class=\"elementor-widget-container\">\n\t\t\t\t\t\t\t\t\t\t\t\t\t\t\t<img fetchpriority=\"high\" decoding=\"async\" width=\"683\" height=\"1024\" src=\"https:\/\/www.ju-aesthetic.de\/wp-content\/uploads\/2025\/03\/00489__L7A6436-683x1024.jpg\" class=\"attachment-large size-large wp-image-2947\" alt=\"Botox Mann\" srcset=\"https:\/\/www.ju-aesthetic.de\/wp-content\/uploads\/2025\/03\/00489__L7A6436-683x1024.jpg 683w, https:\/\/www.ju-aesthetic.de\/wp-content\/uploads\/2025\/03\/00489__L7A6436-200x300.jpg 200w, https:\/\/www.ju-aesthetic.de\/wp-content\/uploads\/2025\/03\/00489__L7A6436-768x1152.jpg 768w, https:\/\/www.ju-aesthetic.de\/wp-content\/uploads\/2025\/03\/00489__L7A6436-1024x1536.jpg 1024w, https:\/\/www.ju-aesthetic.de\/wp-content\/uploads\/2025\/03\/00489__L7A6436-1366x2048.jpg 1366w, https:\/\/www.ju-aesthetic.de\/wp-content\/uploads\/2025\/03\/00489__L7A6436-scaled.jpg 1707w\" sizes=\"(max-width: 683px) 100vw, 683px\" \/>\t\t\t\t\t\t\t\t\t\t\t\t\t\t\t<\/div>\n\t\t\t\t<\/div>\n\t\t\t\t\t<\/div>\n\t\t\t\t<\/div>\n\t\t\t\t<\/div>\n\t\t","protected":false},"excerpt":{"rendered":"<p>STRAHLENDE AUGEN Die Augen &#8211; der Spiegel unserer Seele! Sie spielen eine wesentliche Rolle in unserer zwischenmenschlichen Kommunikation. Doch mit der Zeit verliert sich oft die jugendliche Strahlkraft unserer Augenpartie. Altersbedingte Ver\u00e4nderungen, wie feine Linien, F\u00e4ltchen und Volumenverlust lassen uns m\u00fcde, m\u00fcrrisch oder angespannt wirken. Es ist daher besonders wichtig, verst\u00e4rktes &#8222;Augenmerk&#8220; auf diesen Bereich [&hellip;]<\/p>\n","protected":false},"author":1,"featured_media":0,"parent":0,"menu_order":0,"comment_status":"closed","ping_status":"closed","template":"","meta":{"footnotes":""},"class_list":["post-658","page","type-page","status-publish","hentry"],"_links":{"self":[{"href":"https:\/\/www.ju-aesthetic.de\/index.php?rest_route=\/wp\/v2\/pages\/658","targetHints":{"allow":["GET"]}}],"collection":[{"href":"https:\/\/www.ju-aesthetic.de\/index.php?rest_route=\/wp\/v2\/pages"}],"about":[{"href":"https:\/\/www.ju-aesthetic.de\/index.php?rest_route=\/wp\/v2\/types\/page"}],"author":[{"embeddable":true,"href":"https:\/\/www.ju-aesthetic.de\/index.php?rest_route=\/wp\/v2\/users\/1"}],"replies":[{"embeddable":true,"href":"https:\/\/www.ju-aesthetic.de\/index.php?rest_route=%2Fwp%2Fv2%2Fcomments&post=658"}],"version-history":[{"count":151,"href":"https:\/\/www.ju-aesthetic.de\/index.php?rest_route=\/wp\/v2\/pages\/658\/revisions"}],"predecessor-version":[{"id":4496,"href":"https:\/\/www.ju-aesthetic.de\/index.php?rest_route=\/wp\/v2\/pages\/658\/revisions\/4496"}],"wp:attachment":[{"href":"https:\/\/www.ju-aesthetic.de\/index.php?rest_route=%2Fwp%2Fv2%2Fmedia&parent=658"}],"curies":[{"name":"wp","href":"https:\/\/api.w.org\/{rel}","templated":true}]}}