{"id":640,"date":"2023-04-16T13:56:05","date_gmt":"2023-04-16T13:56:05","guid":{"rendered":"http:\/\/www.ju-aesthetic.de\/?page_id=640"},"modified":"2026-04-01T11:01:20","modified_gmt":"2026-04-01T11:01:20","slug":"fuer-maenner","status":"publish","type":"page","link":"https:\/\/www.ju-aesthetic.de\/?page_id=640","title":{"rendered":"f\u00fcr M\u00e4nner"},"content":{"rendered":"\t\t<div data-elementor-type=\"wp-page\" data-elementor-id=\"640\" class=\"elementor elementor-640\" data-elementor-post-type=\"page\">\n\t\t\t\t<div class=\"elementor-element elementor-element-49aa7b40 e-flex e-con-boxed e-con e-parent\" data-id=\"49aa7b40\" data-element_type=\"container\">\n\t\t\t\t\t<div class=\"e-con-inner\">\n\t\t<div class=\"elementor-element elementor-element-17a28825 e-con-full e-flex e-con e-child\" data-id=\"17a28825\" data-element_type=\"container\">\n\t\t\t\t<div class=\"elementor-element elementor-element-65b47ea7 elementor-widget elementor-widget-heading\" data-id=\"65b47ea7\" data-element_type=\"widget\" data-widget_type=\"heading.default\">\n\t\t\t\t<div class=\"elementor-widget-container\">\n\t\t\t\t\t<h2 class=\"elementor-heading-title elementor-size-default\">BEHANDLUNGEN F\u00dcR M\u00c4NNER<\/h2>\t\t\t\t<\/div>\n\t\t\t\t<\/div>\n\t\t\t\t<div class=\"elementor-element elementor-element-21877d0e elementor-widget elementor-widget-text-editor\" data-id=\"21877d0e\" data-element_type=\"widget\" data-widget_type=\"text-editor.default\">\n\t\t\t\t<div class=\"elementor-widget-container\">\n\t\t\t\t\t\t\t\t\t<div dir=\"auto\"><div dir=\"auto\">Sch\u00f6nheit und \u00c4sthetik waren fr\u00fcher ausschlie\u00dflich Frauensache \u2013 doch das hat sich l\u00e4ngst ge\u00e4ndert. Immer mehr M\u00e4nner legen gesteigerten Wert auf ihr \u00c4u\u00dferes und m\u00f6chten auch in Sachen Sch\u00f6nheit dem Zeitgeist entsprechen. Dabei sind Behandlungen f\u00fcr M\u00e4nner im Bereich \u00c4sthetik l\u00e4ngst keine reine Nischenerscheinung mehr. Ob Fettreduktion mit <a href=\"https:\/\/www.ju-aesthetic.de\/?page_id=2344\">Lemon Bottle<\/a>,\u00a0<a href=\"https:\/\/www.ju-aesthetic.de\/?page_id=604\">Botox<\/a>, <a href=\"https:\/\/www.ju-aesthetic.de\/?page_id=618\">Eigenbluttherapie<\/a> mit PRP, <a href=\"https:\/\/www.ju-aesthetic.de\/?page_id=602\">Hyalurons\u00e4ure<\/a>, <a href=\"https:\/\/www.ju-aesthetic.de\/?page_id=606\">Polynukleotide<\/a>\u00a0oder <a href=\"https:\/\/www.ju-aesthetic.de\/?page_id=606\">Sculptra<\/a> \u2013 immer mehr M\u00e4nner setzen auf diese Verfahren, um ihre eigene Optik zu verbessern sich in ihrer Haut wohler zu f\u00fchlen.<\/div><div dir=\"auto\">\u00a0<\/div><div dir=\"auto\"><strong><a href=\"https:\/\/www.ju-aesthetic.de\/?page_id=604\">Botox f\u00fcr M\u00e4nner: Faltenfrei und nat\u00fcrlich<\/a><\/strong><\/div><div dir=\"auto\">M\u00e4nner st\u00f6ren sich genauso wie Frauen an den Zeichen des Alterns. Vor allem der Bereich um die Augen (Kr\u00e4henf\u00fc\u00dfe) sowie die Stirn- und\u00a0Zornesfalte\u00a0sind bei oft stark ausgepr\u00e4gt.\u00a0Mit Botulinum kann man(n) diese unerw\u00fcnschten Ver\u00e4nderungen diskret,\u00a0schnell und wirksam behandeln. Durch die Injektion des Botulinumtoxins in die f\u00fcr die Falten\u00a0verantwortlichen Muskeln werden Nerven\u00fcbertragungssignale blockiert, sodass sich Muskeln im Gesicht nicht mehr\u00a0willk\u00fcrlich\u00a0anspannen lassen k\u00f6nnen. Das Ergebnis: ein nat\u00fcrlich junges Aussehen ohne Falten.<\/div><div dir=\"auto\">\u00a0<\/div><div dir=\"auto\"><strong><a href=\"https:\/\/www.ju-aesthetic.de\/?page_id=618\">PRP \u2013 F\u00fcr ein frisches Aussehen<\/a><\/strong><\/div><div dir=\"auto\">Viele M\u00e4nner sind auf der Suche nach nat\u00fcrlichen, diskreten Methoden, um ihre Haare zu st\u00e4rken und dem Haarausfall vorzubeugen. Eine M\u00f6glichkeit ist die PRP-Behandlung, auch bekannt als Eigenbluttherapie. Dabei wird k\u00f6rpereigenes Blut des Patienten entnommen, speziell aufbereitet (platelet rich plasma) und dann direkt im\u00a0Anschlu\u00df mit extrem feinen Nadeln in die Kopfhaut injiziert. PRP enth\u00e4lt Wachstumsfaktoren, welche die Haarregeneration anregen und die Follikel st\u00e4rken. Nach einer Haartransplantation ist eine PRP Kur mit 4 Behandlungen dringend zu empfehlen, um die noch schwachen neu eingesetzten Follikel zu st\u00e4rken- wie D\u00fcnger auf den frisch ges\u00e4gten Rasen.<\/div><div dir=\"auto\">\u00a0<\/div><div dir=\"auto\"><strong><a href=\"https:\/\/www.ju-aesthetic.de\/?page_id=602\">M\u00e4nnliche Konturierung \u2013 Hyalurons\u00e4ure als Wundermittel<\/a><\/strong><\/div><div dir=\"auto\">Hyalurons\u00e4ure oder \u00a0Filler ist ein bekanntes Mittel, um die Haut aufzupolstern, Falten zu gl\u00e4tten und Volumen zu erzeugen. M\u00e4nner aber w\u00fcnschen sich besonders oft ihre Konturen zu verbessern. Durch gezielte Filler Injektionen k\u00f6nnen bestimmte Partien des Gesichts (z. B. Kinn, Jaw Line, Wangen) konturiert werden. Das Ergebnis: eine deutliche optische Verbesserung und ein definierteres, m\u00e4nnlicheres Gesicht.<\/div><div dir=\"auto\">\u00a0<\/div><div dir=\"auto\"><strong><a href=\"https:\/\/www.ju-aesthetic.de\/?page_id=606\">Sculptra und Polynukleotide \u2013 Langfristig und nat\u00fcrlich<\/a><\/strong><\/div><div dir=\"auto\">Wer dauerhaft ein frisches und jugendliches Aussehen m\u00f6chte, der sollte sich f\u00fcr eine Sculptra- oder Polynukleotid-Behandlung entscheiden. Beides Stoffe sind biostimulierende Pr\u00e4parate, welche in bestimmte Bereiche der Haut eingebracht werden und die Bildung von k\u00f6rpereigenem nat\u00fcrlichem Kollagen anregen. Das Ergebnis: eine deutliche, langfristige Verbesserung des Hautbildes. Die Behandlung eignet sich besonders f\u00fcr M\u00e4nner, die ein nat\u00fcrliches Ergebnis erzielen m\u00f6chten \u2013 und das ohne operativen Eingriff.<\/div><div dir=\"auto\">\u00a0<\/div><div dir=\"auto\"><strong><a href=\"https:\/\/www.ju-aesthetic.de\/?page_id=2344\">Lemon Bottle &#8211; die innovative Fett weg Spritze auf\u00a0nat\u00fcrlicher Basis\u00a0<\/a><\/strong><\/div><div dir=\"auto\">Kleine Fettp\u00f6lsterchen im Kinn Kiefer Bereich sind st\u00f6rend und k\u00f6nnen sogar\u00a0unm\u00e4nnlich wirken. Mit der Fett weg Spritze auf\u00a0nat\u00fcrlicher Enzymbasis k\u00f6nnen wieder scharfe Konturen im\u00a0Bereich der\u00a0sogenannten &#8222;jaw line&#8220; geschaffen werden. Und das ohne Ausfallzeit und schmerzhafte Operation.<\/div><div dir=\"auto\">\u00a0<\/div><\/div><div dir=\"auto\"><a href=\"https:\/\/www.ju-aesthetic.de\/?page_id=610\"><strong>Drip Spa &#8211; Vitamininfusionen<\/strong><\/a><\/div><div dir=\"auto\">Arbeitsbelastung, Freizeitstress und nicht immer die\u00a0M\u00f6glichkeit, sich gesund und ausgewogen zu ern\u00e4hren. Dar\u00fcber klagen M\u00e4nner wie Frauen in unserer\u00a0schnelllebigen Welt. Die Aminos\u00e4uren- und Vitaminkomplexe in\u00a0meinen Infusionen k\u00f6nnen da wahre Wunder wirken und die leer gewordenen\u00a0Akkus\u00a0wieder direkt und ohne Umweg \u00fcber den Magen Darm Trakt (wie bei Tabletten) auff\u00fcllen. Ob Immunaufbau, Detox (Entgiftung), Manager Infusion (Anti Stress), Haarkr\u00e4ftigung (Beauty)\u00a0oder einfach Energy (Wachheit, Konzentration, Fitness) &#8211; bei Ju Aesthetic\u00a0habe ich die richtige Infusion f\u00fcr jedes Bed\u00fcrfnis.<\/div><div dir=\"auto\"><div dir=\"auto\">\u00a0<\/div><div dir=\"auto\"><strong>Fazit<\/strong><\/div><div dir=\"auto\"><span style=\"color: var( --e-global-color-text ); background-color: var( --e-global-color-secondary );\">M\u00e4nner, die Wert auf ihr \u00e4u\u00dferes Erscheinungsbild legen, haben mittlerweile viele M\u00f6glichkeiten, um ihre Optik zu ver\u00e4ndern. Ob <\/span><a href=\"https:\/\/www.ju-aesthetic.de\/?page_id=604\">Botox<\/a><span style=\"color: var( --e-global-color-text ); background-color: var( --e-global-color-secondary );\">, <\/span><a href=\"https:\/\/www.ju-aesthetic.de\/?page_id=618\">PRP<\/a><span style=\"color: var( --e-global-color-text ); background-color: var( --e-global-color-secondary );\">, <\/span><a href=\"https:\/\/www.ju-aesthetic.de\/?page_id=2344\">Fett weg Spritze<\/a><span style=\"color: var( --e-global-color-text ); background-color: var( --e-global-color-secondary );\">, <\/span><a href=\"https:\/\/www.ju-aesthetic.de\/?page_id=602\">Hyalurons\u00e4ure,<\/a><span style=\"color: var( --e-global-color-text ); background-color: var( --e-global-color-secondary );\">\u00a0<\/span><a href=\"https:\/\/www.ju-aesthetic.de\/?page_id=606\">Polynukleotide<\/a><span style=\"color: var( --e-global-color-text ); background-color: var( --e-global-color-secondary );\"> oder <\/span><a href=\"https:\/\/www.ju-aesthetic.de\/?page_id=606\">Sculptra<\/a><span style=\"color: var( --e-global-color-text ); background-color: var( --e-global-color-secondary );\"> \u2013 alle Behandlungen k\u00f6nnen gezielt eingesetzt werden, um die Zeichen des Alters oder andere unerw\u00fcnschte Ver\u00e4nderungen zu behandeln. Dabei ist es wichtig, sich immer in Fachh\u00e4nde zu begeben, um ein optimales Ergebnis zu erzielen. Ich berate auch meine\u00a0m\u00e4nnlichen Patienten\u00a0ehrlich,\u00a0gewissenhaft und diskret. Wir erstellen zusammen einen detaillierten <a href=\"https:\/\/www.ju-aesthetic.de\/?page_id=634\">Behandlungsplan<\/a>, der Deinen W\u00fcnschen entspricht.<\/span><\/div><\/div><div dir=\"auto\">\u00a0<\/div>\t\t\t\t\t\t\t\t<\/div>\n\t\t\t\t<\/div>\n\t\t\t\t<\/div>\n\t\t<div class=\"elementor-element elementor-element-1ecb42cf e-con-full e-flex e-con e-child\" data-id=\"1ecb42cf\" data-element_type=\"container\" data-settings=\"{&quot;background_background&quot;:&quot;classic&quot;}\">\n\t\t\t\t<div class=\"elementor-element elementor-element-5d788016 elementor-widget elementor-widget-price-list\" data-id=\"5d788016\" data-element_type=\"widget\" data-widget_type=\"price-list.default\">\n\t\t\t\t<div class=\"elementor-widget-container\">\n\t\t\t\t\t\n\t\t<ul class=\"elementor-price-list\">\n\n\t\t\t\t\t\t\t\t\t<li><a class=\"elementor-price-list-item\" href=\"https:\/\/www.ju-aesthetic.de\/?page_id=604\">\t\t\t\t\n\t\t\t\t<div class=\"elementor-price-list-text\">\n\t\t\t\t\t\t\t\t\t<div class=\"elementor-price-list-header\">\n\t\t\t\t\t\t\t\t\t\t\t<span class=\"elementor-price-list-title\">\n\t\t\t\t\t\t\tBotox\t\t\t\t\t\t<\/span>\n\t\t\t\t\t\t\t\t\t\t\t\t\t\t\t\t\t\t<span class=\"elementor-price-list-separator\"><\/span>\n\t\t\t\t\t\t\t\t\t\t\t\t\t\t\t\t\t\t\t<span class=\"elementor-price-list-price\">ab 350\u20ac <\/span>\n\t\t\t\t\t\t\t\t\t\t<\/div>\n\t\t\t\t\t\t\t\t\t\t\t\t\t\t\t<p class=\"elementor-price-list-description\">\n\t\t\t\t\t\t\tReduktion von mimischen Falten (Zornesfalte, Stirnfalten, Kr\u00e4henf\u00fc\u00dfe)\t\t\t\t\t\t<\/p>\n\t\t\t\t\t\t\t\t<\/div>\n\t\t\t\t<\/a><\/li>\t\t\t\t\t\t\t\t\t\t\t\t<li><a class=\"elementor-price-list-item\" href=\"https:\/\/www.ju-aesthetic.de\/?page_id=618\">\t\t\t\t\n\t\t\t\t<div class=\"elementor-price-list-text\">\n\t\t\t\t\t\t\t\t\t<div class=\"elementor-price-list-header\">\n\t\t\t\t\t\t\t\t\t\t\t<span class=\"elementor-price-list-title\">\n\t\t\t\t\t\t\tPRP\t\t\t\t\t\t<\/span>\n\t\t\t\t\t\t\t\t\t\t\t\t\t\t\t\t\t\t<span class=\"elementor-price-list-separator\"><\/span>\n\t\t\t\t\t\t\t\t\t\t\t\t\t\t\t\t\t\t\t<span class=\"elementor-price-list-price\">ab 250\u20ac<\/span>\n\t\t\t\t\t\t\t\t\t\t<\/div>\n\t\t\t\t\t\t\t\t\t\t\t\t\t\t\t<p class=\"elementor-price-list-description\">\n\t\t\t\t\t\t\tEigenbluttherapie insbesondere zur St\u00e4rkung der Haare oder nach Transplantation\t\t\t\t\t\t<\/p>\n\t\t\t\t\t\t\t\t<\/div>\n\t\t\t\t<\/a><\/li>\t\t\t\t\t\t\t\t\t\t\t\t<li><a class=\"elementor-price-list-item\" href=\"https:\/\/www.ju-aesthetic.de\/?page_id=602\">\t\t\t\t\n\t\t\t\t<div class=\"elementor-price-list-text\">\n\t\t\t\t\t\t\t\t\t<div class=\"elementor-price-list-header\">\n\t\t\t\t\t\t\t\t\t\t\t<span class=\"elementor-price-list-title\">\n\t\t\t\t\t\t\tHyalurons\u00e4ure Filler\t\t\t\t\t\t<\/span>\n\t\t\t\t\t\t\t\t\t\t\t\t\t\t\t\t\t\t<span class=\"elementor-price-list-separator\"><\/span>\n\t\t\t\t\t\t\t\t\t\t\t\t\t\t\t\t\t\t\t<span class=\"elementor-price-list-price\">ab 350\u20ac<\/span>\n\t\t\t\t\t\t\t\t\t\t<\/div>\n\t\t\t\t\t\t\t\t\t\t\t\t\t\t\t<p class=\"elementor-price-list-description\">\n\t\t\t\t\t\t\tVolumenaufbau z.B. an der Kieferlinie (jaw line), am Kinn oder im Mittelgesicht\t\t\t\t\t\t<\/p>\n\t\t\t\t\t\t\t\t<\/div>\n\t\t\t\t<\/a><\/li>\t\t\t\t\t\t\t\t\t\t\t\t<li><a class=\"elementor-price-list-item\" href=\"https:\/\/www.ju-aesthetic.de\/?page_id=606\">\t\t\t\t\n\t\t\t\t<div class=\"elementor-price-list-text\">\n\t\t\t\t\t\t\t\t\t<div class=\"elementor-price-list-header\">\n\t\t\t\t\t\t\t\t\t\t\t<span class=\"elementor-price-list-title\">\n\t\t\t\t\t\t\tSculptra\t\t\t\t\t\t<\/span>\n\t\t\t\t\t\t\t\t\t\t\t\t\t\t\t\t\t\t<span class=\"elementor-price-list-separator\"><\/span>\n\t\t\t\t\t\t\t\t\t\t\t\t\t\t\t\t\t\t\t<span class=\"elementor-price-list-price\">ab 490\u20ac<\/span>\n\t\t\t\t\t\t\t\t\t\t<\/div>\n\t\t\t\t\t\t\t\t\t\t\t\t\t\t\t<p class=\"elementor-price-list-description\">\n\t\t\t\t\t\t\tPoly-L-Milchs\u00e4ure Behandlung zum Liquid Facelift und Straffen des Gesichts\t\t\t\t\t\t<\/p>\n\t\t\t\t\t\t\t\t<\/div>\n\t\t\t\t<\/a><\/li>\t\t\t\t\t\t\t\t\t\t\t\t<li><a class=\"elementor-price-list-item\" href=\"https:\/\/www.ju-aesthetic.de\/?page_id=606\">\t\t\t\t\n\t\t\t\t<div class=\"elementor-price-list-text\">\n\t\t\t\t\t\t\t\t\t<div class=\"elementor-price-list-header\">\n\t\t\t\t\t\t\t\t\t\t\t<span class=\"elementor-price-list-title\">\n\t\t\t\t\t\t\tPolynukleotide\t\t\t\t\t\t<\/span>\n\t\t\t\t\t\t\t\t\t\t\t\t\t\t\t\t\t\t<span class=\"elementor-price-list-separator\"><\/span>\n\t\t\t\t\t\t\t\t\t\t\t\t\t\t\t\t\t\t\t<span class=\"elementor-price-list-price\">ab 330\u20ac<\/span>\n\t\t\t\t\t\t\t\t\t\t<\/div>\n\t\t\t\t\t\t\t\t\t\t\t\t\t\t\t<p class=\"elementor-price-list-description\">\n\t\t\t\t\t\t\tPolynukleotide aus Lachs-DNA zur Gl\u00e4ttung feiner F\u00e4ltchen oder (Akne)Narben\t\t\t\t\t\t<\/p>\n\t\t\t\t\t\t\t\t<\/div>\n\t\t\t\t<\/a><\/li>\t\t\t\t\t\t\t\t\t\t\t\t<li><a class=\"elementor-price-list-item\" href=\"https:\/\/www.ju-aesthetic.de\/?page_id=610\">\t\t\t\t\n\t\t\t\t<div class=\"elementor-price-list-text\">\n\t\t\t\t\t\t\t\t\t<div class=\"elementor-price-list-header\">\n\t\t\t\t\t\t\t\t\t\t\t<span class=\"elementor-price-list-title\">\n\t\t\t\t\t\t\tDrip Spa Infusion\t\t\t\t\t\t<\/span>\n\t\t\t\t\t\t\t\t\t\t\t\t\t\t\t\t\t\t<span class=\"elementor-price-list-separator\"><\/span>\n\t\t\t\t\t\t\t\t\t\t\t\t\t\t\t\t\t\t\t<span class=\"elementor-price-list-price\">ab 120\u20ac<\/span>\n\t\t\t\t\t\t\t\t\t\t<\/div>\n\t\t\t\t\t\t\t\t\t\t\t\t\t\t\t<p class=\"elementor-price-list-description\">\n\t\t\t\t\t\t\tVitamin- und Aminos\u00e4ureinfusionen gegen Stress oder zur Entgiftung\t\t\t\t\t\t<\/p>\n\t\t\t\t\t\t\t\t<\/div>\n\t\t\t\t<\/a><\/li>\t\t\t\t\t\t\t\t\t\t\t\t<li><a class=\"elementor-price-list-item\" href=\"https:\/\/www.ju-aesthetic.de\/?page_id=2344\">\t\t\t\t\n\t\t\t\t<div class=\"elementor-price-list-text\">\n\t\t\t\t\t\t\t\t\t<div class=\"elementor-price-list-header\">\n\t\t\t\t\t\t\t\t\t\t\t<span class=\"elementor-price-list-title\">\n\t\t\t\t\t\t\tLemon Bottle\u00ae\t\t\t\t\t\t<\/span>\n\t\t\t\t\t\t\t\t\t\t\t\t\t\t\t\t\t\t<span class=\"elementor-price-list-separator\"><\/span>\n\t\t\t\t\t\t\t\t\t\t\t\t\t\t\t\t\t\t\t<span class=\"elementor-price-list-price\">ab 150\u20ac<\/span>\n\t\t\t\t\t\t\t\t\t\t<\/div>\n\t\t\t\t\t\t\t\t\t\t\t\t\t\t\t<p class=\"elementor-price-list-description\">\n\t\t\t\t\t\t\tFett weg Spritze auf nat\u00fcrlicher Basis z.B. am Doppelkinn\t\t\t\t\t\t<\/p>\n\t\t\t\t\t\t\t\t<\/div>\n\t\t\t\t<\/a><\/li>\t\t\t\t\t\n\t\t<\/ul>\n\n\t\t\t\t\t\t<\/div>\n\t\t\t\t<\/div>\n\t\t\t\t<\/div>\n\t\t\t\t\t<\/div>\n\t\t\t\t<\/div>\n\t\t<div class=\"elementor-element elementor-element-1af9641a e-flex e-con-boxed e-con e-parent\" data-id=\"1af9641a\" data-element_type=\"container\">\n\t\t\t\t\t<div class=\"e-con-inner\">\n\t\t\t\t<div class=\"elementor-element elementor-element-28352464 elementor-widget elementor-widget-heading\" data-id=\"28352464\" data-element_type=\"widget\" data-widget_type=\"heading.default\">\n\t\t\t\t<div class=\"elementor-widget-container\">\n\t\t\t\t\t<h3 class=\"elementor-heading-title elementor-size-default\">Die Preise richten sich  im Einzelfall stets nach den Vorgaben der GO\u00c4 und sind inkl. der gesetzl. MwSt.<\/h3>\t\t\t\t<\/div>\n\t\t\t\t<\/div>\n\t\t\t\t<div class=\"elementor-element elementor-element-54f7e585 elementor-widget elementor-widget-spacer\" data-id=\"54f7e585\" data-element_type=\"widget\" data-widget_type=\"spacer.default\">\n\t\t\t\t<div class=\"elementor-widget-container\">\n\t\t\t\t\t\t\t<div class=\"elementor-spacer\">\n\t\t\t<div class=\"elementor-spacer-inner\"><\/div>\n\t\t<\/div>\n\t\t\t\t\t\t<\/div>\n\t\t\t\t<\/div>\n\t\t\t\t<div class=\"elementor-element elementor-element-6b6973aa elementor-align-center elementor-widget elementor-widget-global elementor-global-829 elementor-widget-button\" data-id=\"6b6973aa\" data-element_type=\"widget\" data-settings=\"{&quot;motion_fx_motion_fx_mouse&quot;:&quot;yes&quot;,&quot;_animation&quot;:&quot;none&quot;}\" data-widget_type=\"button.default\">\n\t\t\t\t<div class=\"elementor-widget-container\">\n\t\t\t\t\t\t\t\t\t<div class=\"elementor-button-wrapper\">\n\t\t\t\t\t<a class=\"elementor-button elementor-button-link elementor-size-sm\" href=\"https:\/\/www.doctolib.de\/arzt\/rosenheim\/julia-kiefl\" target=\"_blank\">\n\t\t\t\t\t\t<span class=\"elementor-button-content-wrapper\">\n\t\t\t\t\t\t\t\t\t<span class=\"elementor-button-text\">Online Terminvereinbarung<\/span>\n\t\t\t\t\t<\/span>\n\t\t\t\t\t<\/a>\n\t\t\t\t<\/div>\n\t\t\t\t\t\t\t\t<\/div>\n\t\t\t\t<\/div>\n\t\t\t\t<div class=\"elementor-element elementor-element-6e3e9547 elementor-align-center elementor-widget elementor-widget-global elementor-global-832 elementor-widget-button\" data-id=\"6e3e9547\" data-element_type=\"widget\" data-widget_type=\"button.default\">\n\t\t\t\t<div class=\"elementor-widget-container\">\n\t\t\t\t\t\t\t\t\t<div class=\"elementor-button-wrapper\">\n\t\t\t\t\t<a class=\"elementor-button elementor-button-link elementor-size-sm\" href=\"https:\/\/www.ju-aesthetic.de\/?page_id=221\" target=\"_blank\">\n\t\t\t\t\t\t<span class=\"elementor-button-content-wrapper\">\n\t\t\t\t\t\t\t\t\t<span class=\"elementor-button-text\">Kontakt           <\/span>\n\t\t\t\t\t<\/span>\n\t\t\t\t\t<\/a>\n\t\t\t\t<\/div>\n\t\t\t\t\t\t\t\t<\/div>\n\t\t\t\t<\/div>\n\t\t\t\t\t<\/div>\n\t\t\t\t<\/div>\n\t\t<div class=\"elementor-element elementor-element-2d6661c e-flex e-con-boxed e-con e-parent\" data-id=\"2d6661c\" data-element_type=\"container\">\n\t\t\t\t\t<div class=\"e-con-inner\">\n\t\t\t\t<div class=\"elementor-element elementor-element-d3425cb elementor-widget elementor-widget-spacer\" data-id=\"d3425cb\" data-element_type=\"widget\" data-widget_type=\"spacer.default\">\n\t\t\t\t<div class=\"elementor-widget-container\">\n\t\t\t\t\t\t\t<div class=\"elementor-spacer\">\n\t\t\t<div class=\"elementor-spacer-inner\"><\/div>\n\t\t<\/div>\n\t\t\t\t\t\t<\/div>\n\t\t\t\t<\/div>\n\t\t\t\t\t<\/div>\n\t\t\t\t<\/div>\n\t\t\t\t<\/div>\n\t\t","protected":false},"excerpt":{"rendered":"<p>BEHANDLUNGEN F\u00dcR M\u00c4NNER Sch\u00f6nheit und \u00c4sthetik waren fr\u00fcher ausschlie\u00dflich Frauensache \u2013 doch das hat sich l\u00e4ngst ge\u00e4ndert. Immer mehr M\u00e4nner legen gesteigerten Wert auf ihr \u00c4u\u00dferes und m\u00f6chten auch in Sachen Sch\u00f6nheit dem Zeitgeist entsprechen. Dabei sind Behandlungen f\u00fcr M\u00e4nner im Bereich \u00c4sthetik l\u00e4ngst keine reine Nischenerscheinung mehr. Ob Fettreduktion mit Lemon Bottle,\u00a0Botox, Eigenbluttherapie mit [&hellip;]<\/p>\n","protected":false},"author":1,"featured_media":0,"parent":0,"menu_order":0,"comment_status":"closed","ping_status":"closed","template":"","meta":{"footnotes":""},"class_list":["post-640","page","type-page","status-publish","hentry"],"_links":{"self":[{"href":"https:\/\/www.ju-aesthetic.de\/index.php?rest_route=\/wp\/v2\/pages\/640","targetHints":{"allow":["GET"]}}],"collection":[{"href":"https:\/\/www.ju-aesthetic.de\/index.php?rest_route=\/wp\/v2\/pages"}],"about":[{"href":"https:\/\/www.ju-aesthetic.de\/index.php?rest_route=\/wp\/v2\/types\/page"}],"author":[{"embeddable":true,"href":"https:\/\/www.ju-aesthetic.de\/index.php?rest_route=\/wp\/v2\/users\/1"}],"replies":[{"embeddable":true,"href":"https:\/\/www.ju-aesthetic.de\/index.php?rest_route=%2Fwp%2Fv2%2Fcomments&post=640"}],"version-history":[{"count":70,"href":"https:\/\/www.ju-aesthetic.de\/index.php?rest_route=\/wp\/v2\/pages\/640\/revisions"}],"predecessor-version":[{"id":4554,"href":"https:\/\/www.ju-aesthetic.de\/index.php?rest_route=\/wp\/v2\/pages\/640\/revisions\/4554"}],"wp:attachment":[{"href":"https:\/\/www.ju-aesthetic.de\/index.php?rest_route=%2Fwp%2Fv2%2Fmedia&parent=640"}],"curies":[{"name":"wp","href":"https:\/\/api.w.org\/{rel}","templated":true}]}}