{"id":616,"date":"2023-04-16T13:44:26","date_gmt":"2023-04-16T13:44:26","guid":{"rendered":"http:\/\/www.ju-aesthetic.de\/?page_id=616"},"modified":"2026-02-08T10:18:58","modified_gmt":"2026-02-08T10:18:58","slug":"strahlende-haut","status":"publish","type":"page","link":"https:\/\/www.ju-aesthetic.de\/?page_id=616","title":{"rendered":"Strahlende Haut"},"content":{"rendered":"\t\t<div data-elementor-type=\"wp-page\" data-elementor-id=\"616\" class=\"elementor elementor-616\" data-elementor-post-type=\"page\">\n\t\t\t\t<div class=\"elementor-element elementor-element-2c13b480 e-con-full e-flex e-con e-parent\" data-id=\"2c13b480\" data-element_type=\"container\">\n\t\t\t\t<div class=\"elementor-element elementor-element-26ac791d elementor-widget elementor-widget-heading\" data-id=\"26ac791d\" data-element_type=\"widget\" data-widget_type=\"heading.default\">\n\t\t\t\t<div class=\"elementor-widget-container\">\n\t\t\t\t\t<h2 class=\"elementor-heading-title elementor-size-default\">STRAHLENDE HAUT MIT \"GLOW\"<\/h2>\t\t\t\t<\/div>\n\t\t\t\t<\/div>\n\t\t\t\t<div class=\"elementor-element elementor-element-19d29b39 elementor-widget elementor-widget-text-editor\" data-id=\"19d29b39\" data-element_type=\"widget\" data-widget_type=\"text-editor.default\">\n\t\t\t\t<div class=\"elementor-widget-container\">\n\t\t\t\t\t\t\t\t\t<div dir=\"auto\"><div dir=\"auto\"><div dir=\"auto\">Die Haut ist unser gr\u00f6\u00dftes Organ und spielt eine entscheidende Rolle in unserem Erscheinungsbild. Mit zunehmendem Alter verlieren wir durch Feuchtigkeits- und Kollagenverlust die Strahlkraft, was die Haut matt und fahl erscheinen l\u00e4sst. Eine gesunde, glatte Haut strahlt Vitalit\u00e4t aus und sorgt f\u00fcr Selbstvertrauen. Moderne \u00e4sthetische Behandlungen k\u00f6nnen dabei helfen, die nat\u00fcrliche Strahlkraft wiederherzustellen und zu bewahren.<\/div><div dir=\"auto\">\u00a0<\/div><div dir=\"auto\"><a href=\"https:\/\/www.ju-aesthetic.de\/?page_id=612\"><strong>Skinboosters\u00ae und Profhilo\u00ae &#8211; Hydrierung mit schnellem Effekt<\/strong><\/a><\/div><div dir=\"auto\">\u00a0<\/div><div dir=\"auto\">Die Injektion von nur ganz d\u00fcnnfl\u00fcssiger Hyalurons\u00e4ure erh\u00f6hen die Hautfeuchtigkeit von innen und verleihen der Haut einen frischen, strahlenden Glow ohne ver\u00e4ndert zu wirken. Sie reparieren feine Linien und verbessern die Elastizit\u00e4t. Das Ergebnis ist innerhalb kurzer Zeit sichtbar. Die perfekte, unkomplizierte Behandlung kurz vor einem wichtigen Event oder vor dem Urlaub.\u00a0Die Haut strahlt wieder und auch Pigmentst\u00f6rungen werden verbessert. Allerdings sollte sie in regelm\u00e4\u00dfigen Abst\u00e4nden wiederholt werden, um den Effekt aufrecht zu erhalten.\u00a0<\/div><div dir=\"auto\">\u00a0<\/div><div dir=\"auto\"><a href=\"https:\/\/www.ju-aesthetic.de\/?page_id=606\"><strong>Polynukleotide und Sculptra\u00ae &#8211; \u00a0Tiefenregeneration durch Biostimulation<\/strong><\/a><\/div><div dir=\"auto\">\u00a0<\/div><div dir=\"auto\">Biostimulation mit Poly-L-Milchs\u00e4ure (Sculptra\u00ae) oder Polynukleotiden f\u00f6rdert die k\u00f6rpereigene Kollagenproduktion und regeneriert die Hautstruktur f\u00fcr ein langfristig jugendliches Aussehen. F\u00fcr den Effekt ist Geduld und eine mehrfache Behandlung notwendig (mindestens drei Sitzungen). Daf\u00fcr sind die Ergebnisse nat\u00fcrlich entstanden und halten dementsprechend l\u00e4nger. Eine echte Investition und langfristige Hautgesundheit.<\/div><div dir=\"auto\">\u00a0<\/div><div dir=\"auto\"><a href=\"https:\/\/www.ju-aesthetic.de\/?page_id=618\"><strong>Eigenbluttherapie &#8211; Nat\u00fcrliche Verbesserung mit Platelet Rich Plasma (PRP)<\/strong><\/a><\/div><div dir=\"auto\">\u00a0<\/div><div dir=\"auto\">PRP oder Vampir-Lifting nutzt k\u00f6rpereigene Wachstumsfaktoren, um die Hautstruktur sanft zu verbessern und einen nat\u00fcrlichen Glow zu erzeugen. Da wir hierbei das eigene Blut der Patienten nutzen, k\u00f6nnen die\u00a0Ergebnisse variieren. PRP muss nicht tief in die Haut injiziert werden. Daher kann man es auch durch eine professionelle Kosmetikerin mit Microneedling in die richtige Hautschicht eingebracht werden. Ich biete in meiner Praxis die Herstellung von PRP an.\u00a0<\/div><div dir=\"auto\">\u00a0<\/div><div dir=\"auto\">Eine gesunde und strahlende Haut ist ein wesentlicher Bestandteil eines jugendlichen Erscheinungsbildes. Dank der Vielfalt moderner medizinisch-\u00e4sthetischer Behandlungen jeder gezielt das Beste aus seiner Haut herausholen und den modernen Glass Skin Effekt erreichen. Wir <a href=\"https:\/\/www.ju-aesthetic.de\/?page_id=634\">planen<\/a> zusammen den Weg zu perfekter Haut. Ich freue mich auf Dich!<\/div><\/div><\/div>\t\t\t\t\t\t\t\t<\/div>\n\t\t\t\t<\/div>\n\t\t\t\t<div class=\"elementor-element elementor-element-231a4469 elementor-widget elementor-widget-price-list\" data-id=\"231a4469\" data-element_type=\"widget\" data-widget_type=\"price-list.default\">\n\t\t\t\t<div class=\"elementor-widget-container\">\n\t\t\t\t\t\n\t\t<ul class=\"elementor-price-list\">\n\n\t\t\t\t\t\t\t\t\t<li><a class=\"elementor-price-list-item\" href=\"https:\/\/www.ju-aesthetic.de\/?page_id=612\">\t\t\t\t\n\t\t\t\t<div class=\"elementor-price-list-text\">\n\t\t\t\t\t\t\t\t\t<div class=\"elementor-price-list-header\">\n\t\t\t\t\t\t\t\t\t\t\t<span class=\"elementor-price-list-title\">\n\t\t\t\t\t\t\tHyalurons\u00e4ure Skinbooster \t\t\t\t\t\t<\/span>\n\t\t\t\t\t\t\t\t\t\t\t\t\t\t\t\t\t\t<span class=\"elementor-price-list-separator\"><\/span>\n\t\t\t\t\t\t\t\t\t\t\t\t\t\t\t\t\t\t\t<span class=\"elementor-price-list-price\">ab 300\u20ac<\/span>\n\t\t\t\t\t\t\t\t\t\t<\/div>\n\t\t\t\t\t\t\t\t\t\t\t\t\t\t\t<p class=\"elementor-price-list-description\">\n\t\t\t\t\t\t\tTiefenhydrierung mit Profhilo oder Skinboosters\t\t\t\t\t\t<\/p>\n\t\t\t\t\t\t\t\t<\/div>\n\t\t\t\t<\/a><\/li>\t\t\t\t\t\t\t\t\t\t\t\t<li><a class=\"elementor-price-list-item\" href=\"https:\/\/www.ju-aesthetic.de\/?page_id=606\">\t\t\t\t\n\t\t\t\t<div class=\"elementor-price-list-text\">\n\t\t\t\t\t\t\t\t\t<div class=\"elementor-price-list-header\">\n\t\t\t\t\t\t\t\t\t\t\t<span class=\"elementor-price-list-title\">\n\t\t\t\t\t\t\tPolynukleotide\t\t\t\t\t\t<\/span>\n\t\t\t\t\t\t\t\t\t\t\t\t\t\t\t\t\t\t<span class=\"elementor-price-list-separator\"><\/span>\n\t\t\t\t\t\t\t\t\t\t\t\t\t\t\t\t\t\t\t<span class=\"elementor-price-list-price\">ab 330\u20ac<\/span>\n\t\t\t\t\t\t\t\t\t\t<\/div>\n\t\t\t\t\t\t\t\t\t\t\t\t\t\t\t<p class=\"elementor-price-list-description\">\n\t\t\t\t\t\t\tKollagenstimulation gegen  F\u00e4ltchen um Auge oder Mund\t\t\t\t\t\t<\/p>\n\t\t\t\t\t\t\t\t<\/div>\n\t\t\t\t<\/a><\/li>\t\t\t\t\t\t\t\t\t\t\t\t<li><a class=\"elementor-price-list-item\" href=\"https:\/\/www.ju-aesthetic.de\/?page_id=618\">\t\t\t\t\n\t\t\t\t<div class=\"elementor-price-list-text\">\n\t\t\t\t\t\t\t\t\t<div class=\"elementor-price-list-header\">\n\t\t\t\t\t\t\t\t\t\t\t<span class=\"elementor-price-list-title\">\n\t\t\t\t\t\t\tEigenblut\t\t\t\t\t\t<\/span>\n\t\t\t\t\t\t\t\t\t\t\t\t\t\t\t\t\t\t<span class=\"elementor-price-list-separator\"><\/span>\n\t\t\t\t\t\t\t\t\t\t\t\t\t\t\t\t\t\t\t<span class=\"elementor-price-list-price\">ab 150\u20ac<\/span>\n\t\t\t\t\t\t\t\t\t\t<\/div>\n\t\t\t\t\t\t\t\t\t\t\t\t\t\t\t<p class=\"elementor-price-list-description\">\n\t\t\t\t\t\t\tPRP Herstellung f\u00fcr externes Microneedling\t\t\t\t\t\t<\/p>\n\t\t\t\t\t\t\t\t<\/div>\n\t\t\t\t<\/a><\/li>\t\t\t\t\t\n\t\t<\/ul>\n\n\t\t\t\t\t\t<\/div>\n\t\t\t\t<\/div>\n\t\t\t\t<\/div>\n\t\t<div class=\"elementor-element elementor-element-bfe8afa e-flex e-con-boxed e-con e-parent\" data-id=\"bfe8afa\" data-element_type=\"container\">\n\t\t\t\t\t<div class=\"e-con-inner\">\n\t\t\t\t<div class=\"elementor-element elementor-element-2967 elementor-widget elementor-widget-global elementor-global-2967 elementor-widget-heading\" data-id=\"2967\" data-element_type=\"widget\" data-widget_type=\"heading.default\">\n\t\t\t\t<div class=\"elementor-widget-container\">\n\t\t\t\t\t<h3 class=\"elementor-heading-title elementor-size-default\">Die Preise richten sich  im Einzelfall stets nach den Vorgaben der GO\u00c4 und sind inkl. der gesetzl. MwSt.<\/h3>\t\t\t\t<\/div>\n\t\t\t\t<\/div>\n\t\t\t\t\t<\/div>\n\t\t\t\t<\/div>\n\t\t<div class=\"elementor-element elementor-element-6d24122 e-flex e-con-boxed e-con e-parent\" data-id=\"6d24122\" data-element_type=\"container\">\n\t\t\t\t\t<div class=\"e-con-inner\">\n\t\t\t\t<div class=\"elementor-element elementor-element-7425204 elementor-widget elementor-widget-spacer\" data-id=\"7425204\" data-element_type=\"widget\" data-widget_type=\"spacer.default\">\n\t\t\t\t<div class=\"elementor-widget-container\">\n\t\t\t\t\t\t\t<div class=\"elementor-spacer\">\n\t\t\t<div class=\"elementor-spacer-inner\"><\/div>\n\t\t<\/div>\n\t\t\t\t\t\t<\/div>\n\t\t\t\t<\/div>\n\t\t\t\t<div class=\"elementor-element elementor-element-832 elementor-align-center elementor-widget elementor-widget-global elementor-global-832 elementor-widget-button\" data-id=\"832\" data-element_type=\"widget\" data-widget_type=\"button.default\">\n\t\t\t\t<div class=\"elementor-widget-container\">\n\t\t\t\t\t\t\t\t\t<div class=\"elementor-button-wrapper\">\n\t\t\t\t\t<a class=\"elementor-button elementor-button-link elementor-size-sm\" href=\"https:\/\/www.ju-aesthetic.de\/?page_id=221\" target=\"_blank\">\n\t\t\t\t\t\t<span class=\"elementor-button-content-wrapper\">\n\t\t\t\t\t\t\t\t\t<span class=\"elementor-button-text\">Kontakt           <\/span>\n\t\t\t\t\t<\/span>\n\t\t\t\t\t<\/a>\n\t\t\t\t<\/div>\n\t\t\t\t\t\t\t\t<\/div>\n\t\t\t\t<\/div>\n\t\t\t\t<div class=\"elementor-element elementor-element-829 elementor-align-center elementor-widget elementor-widget-global elementor-global-829 elementor-widget-button\" data-id=\"829\" data-element_type=\"widget\" data-settings=\"{&quot;motion_fx_motion_fx_mouse&quot;:&quot;yes&quot;,&quot;_animation&quot;:&quot;none&quot;}\" data-widget_type=\"button.default\">\n\t\t\t\t<div class=\"elementor-widget-container\">\n\t\t\t\t\t\t\t\t\t<div class=\"elementor-button-wrapper\">\n\t\t\t\t\t<a class=\"elementor-button elementor-button-link elementor-size-sm\" href=\"https:\/\/www.doctolib.de\/arzt\/rosenheim\/julia-kiefl\" target=\"_blank\">\n\t\t\t\t\t\t<span class=\"elementor-button-content-wrapper\">\n\t\t\t\t\t\t\t\t\t<span class=\"elementor-button-text\">Online Terminvereinbarung<\/span>\n\t\t\t\t\t<\/span>\n\t\t\t\t\t<\/a>\n\t\t\t\t<\/div>\n\t\t\t\t\t\t\t\t<\/div>\n\t\t\t\t<\/div>\n\t\t\t\t\t<\/div>\n\t\t\t\t<\/div>\n\t\t<div class=\"elementor-element elementor-element-b3150f9 e-flex e-con-boxed e-con e-parent\" data-id=\"b3150f9\" data-element_type=\"container\">\n\t\t\t\t\t<div class=\"e-con-inner\">\n\t\t\t\t<div class=\"elementor-element elementor-element-a8c834c elementor-widget elementor-widget-spacer\" data-id=\"a8c834c\" data-element_type=\"widget\" data-widget_type=\"spacer.default\">\n\t\t\t\t<div class=\"elementor-widget-container\">\n\t\t\t\t\t\t\t<div class=\"elementor-spacer\">\n\t\t\t<div class=\"elementor-spacer-inner\"><\/div>\n\t\t<\/div>\n\t\t\t\t\t\t<\/div>\n\t\t\t\t<\/div>\n\t\t\t\t\t<\/div>\n\t\t\t\t<\/div>\n\t\t<div class=\"elementor-element elementor-element-dc8ec9e e-flex e-con-boxed e-con e-parent\" data-id=\"dc8ec9e\" data-element_type=\"container\">\n\t\t\t\t\t<div class=\"e-con-inner\">\n\t\t\t\t<div class=\"elementor-element elementor-element-e92733d elementor-widget elementor-widget-image\" data-id=\"e92733d\" data-element_type=\"widget\" data-widget_type=\"image.default\">\n\t\t\t\t<div class=\"elementor-widget-container\">\n\t\t\t\t\t\t\t\t\t\t\t\t\t\t\t<img fetchpriority=\"high\" decoding=\"async\" width=\"683\" height=\"1024\" src=\"https:\/\/www.ju-aesthetic.de\/wp-content\/uploads\/2025\/03\/00377__L7A5885-683x1024.jpg\" class=\"attachment-large size-large wp-image-4170\" alt=\"Glow\" srcset=\"https:\/\/www.ju-aesthetic.de\/wp-content\/uploads\/2025\/03\/00377__L7A5885-683x1024.jpg 683w, https:\/\/www.ju-aesthetic.de\/wp-content\/uploads\/2025\/03\/00377__L7A5885-200x300.jpg 200w, https:\/\/www.ju-aesthetic.de\/wp-content\/uploads\/2025\/03\/00377__L7A5885-768x1152.jpg 768w, https:\/\/www.ju-aesthetic.de\/wp-content\/uploads\/2025\/03\/00377__L7A5885-1024x1536.jpg 1024w, https:\/\/www.ju-aesthetic.de\/wp-content\/uploads\/2025\/03\/00377__L7A5885-1366x2048.jpg 1366w, https:\/\/www.ju-aesthetic.de\/wp-content\/uploads\/2025\/03\/00377__L7A5885-scaled.jpg 1707w\" sizes=\"(max-width: 683px) 100vw, 683px\" \/>\t\t\t\t\t\t\t\t\t\t\t\t\t\t\t<\/div>\n\t\t\t\t<\/div>\n\t\t\t\t\t<\/div>\n\t\t\t\t<\/div>\n\t\t\t\t<\/div>\n\t\t","protected":false},"excerpt":{"rendered":"<p>STRAHLENDE HAUT MIT &#8222;GLOW&#8220; Die Haut ist unser gr\u00f6\u00dftes Organ und spielt eine entscheidende Rolle in unserem Erscheinungsbild. Mit zunehmendem Alter verlieren wir durch Feuchtigkeits- und Kollagenverlust die Strahlkraft, was die Haut matt und fahl erscheinen l\u00e4sst. Eine gesunde, glatte Haut strahlt Vitalit\u00e4t aus und sorgt f\u00fcr Selbstvertrauen. Moderne \u00e4sthetische Behandlungen k\u00f6nnen dabei helfen, die [&hellip;]<\/p>\n","protected":false},"author":1,"featured_media":0,"parent":0,"menu_order":0,"comment_status":"closed","ping_status":"closed","template":"","meta":{"footnotes":""},"class_list":["post-616","page","type-page","status-publish","hentry"],"_links":{"self":[{"href":"https:\/\/www.ju-aesthetic.de\/index.php?rest_route=\/wp\/v2\/pages\/616","targetHints":{"allow":["GET"]}}],"collection":[{"href":"https:\/\/www.ju-aesthetic.de\/index.php?rest_route=\/wp\/v2\/pages"}],"about":[{"href":"https:\/\/www.ju-aesthetic.de\/index.php?rest_route=\/wp\/v2\/types\/page"}],"author":[{"embeddable":true,"href":"https:\/\/www.ju-aesthetic.de\/index.php?rest_route=\/wp\/v2\/users\/1"}],"replies":[{"embeddable":true,"href":"https:\/\/www.ju-aesthetic.de\/index.php?rest_route=%2Fwp%2Fv2%2Fcomments&post=616"}],"version-history":[{"count":20,"href":"https:\/\/www.ju-aesthetic.de\/index.php?rest_route=\/wp\/v2\/pages\/616\/revisions"}],"predecessor-version":[{"id":4482,"href":"https:\/\/www.ju-aesthetic.de\/index.php?rest_route=\/wp\/v2\/pages\/616\/revisions\/4482"}],"wp:attachment":[{"href":"https:\/\/www.ju-aesthetic.de\/index.php?rest_route=%2Fwp%2Fv2%2Fmedia&parent=616"}],"curies":[{"name":"wp","href":"https:\/\/api.w.org\/{rel}","templated":true}]}}