{"id":608,"date":"2023-04-16T13:42:22","date_gmt":"2023-04-16T13:42:22","guid":{"rendered":"http:\/\/www.ju-aesthetic.de\/?page_id=608"},"modified":"2026-02-08T10:05:23","modified_gmt":"2026-02-08T10:05:23","slug":"fadenlifting","status":"publish","type":"page","link":"https:\/\/www.ju-aesthetic.de\/?page_id=608","title":{"rendered":"Fadenlifting"},"content":{"rendered":"\t\t<div data-elementor-type=\"wp-page\" data-elementor-id=\"608\" class=\"elementor elementor-608\" data-elementor-post-type=\"page\">\n\t\t\t\t<div class=\"elementor-element elementor-element-49131ae9 e-flex e-con-boxed e-con e-parent\" data-id=\"49131ae9\" data-element_type=\"container\">\n\t\t\t\t\t<div class=\"e-con-inner\">\n\t\t<div class=\"elementor-element elementor-element-3d2cce84 e-con-full e-flex e-con e-child\" data-id=\"3d2cce84\" data-element_type=\"container\">\n\t\t\t\t<div class=\"elementor-element elementor-element-19852397 elementor-widget elementor-widget-heading\" data-id=\"19852397\" data-element_type=\"widget\" data-widget_type=\"heading.default\">\n\t\t\t\t<div class=\"elementor-widget-container\">\n\t\t\t\t\t<h2 class=\"elementor-heading-title elementor-size-default\">PDO FADENLIFTING<\/h2>\t\t\t\t<\/div>\n\t\t\t\t<\/div>\n\t\t\t\t<div class=\"elementor-element elementor-element-5efaef7e elementor-widget-divider--view-line elementor-widget elementor-widget-divider\" data-id=\"5efaef7e\" data-element_type=\"widget\" data-widget_type=\"divider.default\">\n\t\t\t\t<div class=\"elementor-widget-container\">\n\t\t\t\t\t\t\t<div class=\"elementor-divider\">\n\t\t\t<span class=\"elementor-divider-separator\">\n\t\t\t\t\t\t<\/span>\n\t\t<\/div>\n\t\t\t\t\t\t<\/div>\n\t\t\t\t<\/div>\n\t\t<div class=\"elementor-element elementor-element-5db37ca3 e-con-full e-flex e-con e-child\" data-id=\"5db37ca3\" data-element_type=\"container\">\n\t\t\t\t<div class=\"elementor-element elementor-element-480c0bf elementor-widget elementor-widget-accordion\" data-id=\"480c0bf\" data-element_type=\"widget\" data-widget_type=\"accordion.default\">\n\t\t\t\t<div class=\"elementor-widget-container\">\n\t\t\t\t\t\t\t<div class=\"elementor-accordion\">\n\t\t\t\t\t\t\t<div class=\"elementor-accordion-item\">\n\t\t\t\t\t<div id=\"elementor-tab-title-7551\" class=\"elementor-tab-title\" data-tab=\"1\" role=\"button\" aria-controls=\"elementor-tab-content-7551\" aria-expanded=\"false\">\n\t\t\t\t\t\t\t\t\t\t\t\t\t<span class=\"elementor-accordion-icon elementor-accordion-icon-left\" aria-hidden=\"true\">\n\t\t\t\t\t\t\t\t\t\t\t\t\t\t\t<span class=\"elementor-accordion-icon-closed\"><i class=\"fas fa-plus\"><\/i><\/span>\n\t\t\t\t\t\t\t\t<span class=\"elementor-accordion-icon-opened\"><i class=\"fas fa-minus\"><\/i><\/span>\n\t\t\t\t\t\t\t\t\t\t\t\t\t\t<\/span>\n\t\t\t\t\t\t\t\t\t\t\t\t<a class=\"elementor-accordion-title\" tabindex=\"0\">Wann sieht man das Ergebnis und wie lange h\u00e4lt es?<\/a>\n\t\t\t\t\t<\/div>\n\t\t\t\t\t<div id=\"elementor-tab-content-7551\" class=\"elementor-tab-content elementor-clearfix\" data-tab=\"1\" role=\"region\" aria-labelledby=\"elementor-tab-title-7551\"><p>Einen sanften Ersteffekt sieht man direkt nach der Behandlung. Allerdings dauert der Abbau der F\u00e4den und somit sich der Kollagenaufbau ca. 8- 12 Wochen. So lange sollte man sich gedulden.<\/p><p>Ein Fadenlifting h\u00e4lt bis zu einem Jahr, je nach individuellem Stoffwechsel und auch Lebenswandel. Je \u00f6fter man die Behandlung wiederholt, desto besser werden die Ergebnisse.<\/p><\/div>\n\t\t\t\t<\/div>\n\t\t\t\t\t\t\t<div class=\"elementor-accordion-item\">\n\t\t\t\t\t<div id=\"elementor-tab-title-7552\" class=\"elementor-tab-title\" data-tab=\"2\" role=\"button\" aria-controls=\"elementor-tab-content-7552\" aria-expanded=\"false\">\n\t\t\t\t\t\t\t\t\t\t\t\t\t<span class=\"elementor-accordion-icon elementor-accordion-icon-left\" aria-hidden=\"true\">\n\t\t\t\t\t\t\t\t\t\t\t\t\t\t\t<span class=\"elementor-accordion-icon-closed\"><i class=\"fas fa-plus\"><\/i><\/span>\n\t\t\t\t\t\t\t\t<span class=\"elementor-accordion-icon-opened\"><i class=\"fas fa-minus\"><\/i><\/span>\n\t\t\t\t\t\t\t\t\t\t\t\t\t\t<\/span>\n\t\t\t\t\t\t\t\t\t\t\t\t<a class=\"elementor-accordion-title\" tabindex=\"0\">Ist die Behandlung schmerzhaft?<\/a>\n\t\t\t\t\t<\/div>\n\t\t\t\t\t<div id=\"elementor-tab-content-7552\" class=\"elementor-tab-content elementor-clearfix\" data-tab=\"2\" role=\"region\" aria-labelledby=\"elementor-tab-title-7552\"><p>Tats\u00e4chlich ist das Legen der F\u00e4den oft weniger schmerzhaft als erwartet. Da ich stets mit bet\u00e4ubender Salbe oder Lokalan\u00e4sthetikum und sehr vorsichtig arbeite, ist die Behandlung gut auszuhalten, kann aber durchaus als unangenehm empfunden werden.<\/p><p>Empfindlichkeit, kleine H\u00e4matome und Druckschmerz im behandelten Bereich sind f\u00fcr kurze Zeit danach m\u00f6glich und v\u00f6llig normal.<\/p><\/div>\n\t\t\t\t<\/div>\n\t\t\t\t\t\t\t<div class=\"elementor-accordion-item\">\n\t\t\t\t\t<div id=\"elementor-tab-title-7553\" class=\"elementor-tab-title\" data-tab=\"3\" role=\"button\" aria-controls=\"elementor-tab-content-7553\" aria-expanded=\"false\">\n\t\t\t\t\t\t\t\t\t\t\t\t\t<span class=\"elementor-accordion-icon elementor-accordion-icon-left\" aria-hidden=\"true\">\n\t\t\t\t\t\t\t\t\t\t\t\t\t\t\t<span class=\"elementor-accordion-icon-closed\"><i class=\"fas fa-plus\"><\/i><\/span>\n\t\t\t\t\t\t\t\t<span class=\"elementor-accordion-icon-opened\"><i class=\"fas fa-minus\"><\/i><\/span>\n\t\t\t\t\t\t\t\t\t\t\t\t\t\t<\/span>\n\t\t\t\t\t\t\t\t\t\t\t\t<a class=\"elementor-accordion-title\" tabindex=\"0\">Wann sollte man kein Fadenlifting machen lassen?<\/a>\n\t\t\t\t\t<\/div>\n\t\t\t\t\t<div id=\"elementor-tab-content-7553\" class=\"elementor-tab-content elementor-clearfix\" data-tab=\"3\" role=\"region\" aria-labelledby=\"elementor-tab-title-7553\"><p>Bei offenen Wunden oder einer akuten Infektion, wie z.B. Herpesbl\u00e4schen oder florider Akne, aber auch bei Grippe oder Fieber sollte keine Behandlung stattfinden.\u00a0<\/p><p>Bei bekannten Unvertr\u00e4glichkeiten gegen chirurgischem Nahtmaterial oder speziellen Autoimmunerkrankungen (z.B. Lupus) darf ebenfalls kein Fadenlifting durchgef\u00fchrt werden. Wenn Du unsicher bist, frag mich einfach in Deinem Beratungsgespr\u00e4ch oder kontaktiere mich \u00fcber <a href=\"https:\/\/www.ju-aesthetic.de\/?page_id=221\">WhatsApp<\/a> oder <a href=\"https:\/\/www.ju-aesthetic.de\/?page_id=221\">Email<\/a>.<\/p><p>Bei einer Blutverd\u00fcnnung oder eine Blutungsneigung muss individuell entschieden werden.<\/p><\/div>\n\t\t\t\t<\/div>\n\t\t\t\t\t\t\t<div class=\"elementor-accordion-item\">\n\t\t\t\t\t<div id=\"elementor-tab-title-7554\" class=\"elementor-tab-title\" data-tab=\"4\" role=\"button\" aria-controls=\"elementor-tab-content-7554\" aria-expanded=\"false\">\n\t\t\t\t\t\t\t\t\t\t\t\t\t<span class=\"elementor-accordion-icon elementor-accordion-icon-left\" aria-hidden=\"true\">\n\t\t\t\t\t\t\t\t\t\t\t\t\t\t\t<span class=\"elementor-accordion-icon-closed\"><i class=\"fas fa-plus\"><\/i><\/span>\n\t\t\t\t\t\t\t\t<span class=\"elementor-accordion-icon-opened\"><i class=\"fas fa-minus\"><\/i><\/span>\n\t\t\t\t\t\t\t\t\t\t\t\t\t\t<\/span>\n\t\t\t\t\t\t\t\t\t\t\t\t<a class=\"elementor-accordion-title\" tabindex=\"0\">Welche Nebenwirkungen k\u00f6nnen auftreten?<\/a>\n\t\t\t\t\t<\/div>\n\t\t\t\t\t<div id=\"elementor-tab-content-7554\" class=\"elementor-tab-content elementor-clearfix\" data-tab=\"4\" role=\"region\" aria-labelledby=\"elementor-tab-title-7554\"><p>Wie bei nahezu jeder \u00e4sthetischen Behandlung \u00a0kann es zu H\u00e4matomen (blauen Flecken) oder leichten Schmerzen und Schwellungen an der Einstichstelle kommen.\u00a0<\/p><p>In manchen F\u00e4llen kommt es zu vor\u00fcbergehenden Kopf- oder Zahnschmerzen, welche mit frei verk\u00e4uflichen Schmerzmitteln behandelt werden k\u00f6nnen (z.B. Paracetamol).<\/p><p>Die eingelegten F\u00e4den k\u00f6nnen theoretisch verrutschen oder abbrechen und im Gewebe &#8222;wandern&#8220;, so dass es zu sichtbaren Erhebungen unter der Haut kommt. Diese m\u00fcssen eventuell sogar chirurgisch entfernt werden. Eine korrekte Implantation und Indikationsstellung im Voraus ist wichtig. Mittlerweile gibt es auch modernere Kollagen Biostimulationsbehandlungenwie z.B. Sculptra.<\/p><\/div>\n\t\t\t\t<\/div>\n\t\t\t\t\t\t\t<div class=\"elementor-accordion-item\">\n\t\t\t\t\t<div id=\"elementor-tab-title-7555\" class=\"elementor-tab-title\" data-tab=\"5\" role=\"button\" aria-controls=\"elementor-tab-content-7555\" aria-expanded=\"false\">\n\t\t\t\t\t\t\t\t\t\t\t\t\t<span class=\"elementor-accordion-icon elementor-accordion-icon-left\" aria-hidden=\"true\">\n\t\t\t\t\t\t\t\t\t\t\t\t\t\t\t<span class=\"elementor-accordion-icon-closed\"><i class=\"fas fa-plus\"><\/i><\/span>\n\t\t\t\t\t\t\t\t<span class=\"elementor-accordion-icon-opened\"><i class=\"fas fa-minus\"><\/i><\/span>\n\t\t\t\t\t\t\t\t\t\t\t\t\t\t<\/span>\n\t\t\t\t\t\t\t\t\t\t\t\t<a class=\"elementor-accordion-title\" tabindex=\"0\">Was muss ich vor und nach der Behandlung beachten?<\/a>\n\t\t\t\t\t<\/div>\n\t\t\t\t\t<div id=\"elementor-tab-content-7555\" class=\"elementor-tab-content elementor-clearfix\" data-tab=\"5\" role=\"region\" aria-labelledby=\"elementor-tab-title-7555\"><p>In den ersten 7 Tagen sollte auf Saunabesuche oder Sport oder Solarium verzichtet werden. Versuche ebenfalls <strong>starke Mimik (Lachen, Singen, fest Kauen)<\/strong> zu vermeiden und lass keine Gesichtsbehandlungen f\u00fcr mindestens 21 Tage durchf\u00fchren. Schlafe, wenn m\u00f6glich, die ersten N\u00e4chte auf dem R\u00fccken.<\/p><p>Alle weitere Ma\u00dfnahmen erkl\u00e4re ich Dir w\u00e4hrend der Behandlung ausf\u00fchrlich. \u00dcber die Kontakt Rufnummer bin ich im Notfall stets zu erreichen.<\/p><\/div>\n\t\t\t\t<\/div>\n\t\t\t\t\t\t\t\t\t\t<script type=\"application\/ld+json\">{\"@context\":\"https:\\\/\\\/schema.org\",\"@type\":\"FAQPage\",\"mainEntity\":[{\"@type\":\"Question\",\"name\":\"Wann sieht man das Ergebnis und wie lange h\\u00e4lt es?\",\"acceptedAnswer\":{\"@type\":\"Answer\",\"text\":\"<p>Einen sanften Ersteffekt sieht man direkt nach der Behandlung. Allerdings dauert der Abbau der F\\u00e4den und somit sich der Kollagenaufbau ca. 8- 12 Wochen. So lange sollte man sich gedulden.<\\\/p><p>Ein Fadenlifting h\\u00e4lt bis zu einem Jahr, je nach individuellem Stoffwechsel und auch Lebenswandel. Je \\u00f6fter man die Behandlung wiederholt, desto besser werden die Ergebnisse.<\\\/p>\"}},{\"@type\":\"Question\",\"name\":\"Ist die Behandlung schmerzhaft?\",\"acceptedAnswer\":{\"@type\":\"Answer\",\"text\":\"<p>Tats\\u00e4chlich ist das Legen der F\\u00e4den oft weniger schmerzhaft als erwartet. Da ich stets mit bet\\u00e4ubender Salbe oder Lokalan\\u00e4sthetikum und sehr vorsichtig arbeite, ist die Behandlung gut auszuhalten, kann aber durchaus als unangenehm empfunden werden.<\\\/p><p>Empfindlichkeit, kleine H\\u00e4matome und Druckschmerz im behandelten Bereich sind f\\u00fcr kurze Zeit danach m\\u00f6glich und v\\u00f6llig normal.<\\\/p>\"}},{\"@type\":\"Question\",\"name\":\"Wann sollte man kein Fadenlifting machen lassen?\",\"acceptedAnswer\":{\"@type\":\"Answer\",\"text\":\"<p>Bei offenen Wunden oder einer akuten Infektion, wie z.B. Herpesbl\\u00e4schen oder florider Akne, aber auch bei Grippe oder Fieber sollte keine Behandlung stattfinden.\\u00a0<\\\/p><p>Bei bekannten Unvertr\\u00e4glichkeiten gegen chirurgischem Nahtmaterial oder speziellen Autoimmunerkrankungen (z.B. Lupus) darf ebenfalls kein Fadenlifting durchgef\\u00fchrt werden. Wenn Du unsicher bist, frag mich einfach in Deinem Beratungsgespr\\u00e4ch oder kontaktiere mich \\u00fcber <a href=\\\"https:\\\/\\\/www.ju-aesthetic.de\\\/?page_id=221\\\">WhatsApp<\\\/a> oder <a href=\\\"https:\\\/\\\/www.ju-aesthetic.de\\\/?page_id=221\\\">Email<\\\/a>.<\\\/p><p>Bei einer Blutverd\\u00fcnnung oder eine Blutungsneigung muss individuell entschieden werden.<\\\/p>\"}},{\"@type\":\"Question\",\"name\":\"Welche Nebenwirkungen k\\u00f6nnen auftreten?\",\"acceptedAnswer\":{\"@type\":\"Answer\",\"text\":\"<p>Wie bei nahezu jeder \\u00e4sthetischen Behandlung \\u00a0kann es zu H\\u00e4matomen (blauen Flecken) oder leichten Schmerzen und Schwellungen an der Einstichstelle kommen.\\u00a0<\\\/p><p>In manchen F\\u00e4llen kommt es zu vor\\u00fcbergehenden Kopf- oder Zahnschmerzen, welche mit frei verk\\u00e4uflichen Schmerzmitteln behandelt werden k\\u00f6nnen (z.B. Paracetamol).<\\\/p><p>Die eingelegten F\\u00e4den k\\u00f6nnen theoretisch verrutschen oder abbrechen und im Gewebe &#8222;wandern&#8220;, so dass es zu sichtbaren Erhebungen unter der Haut kommt. Diese m\\u00fcssen eventuell sogar chirurgisch entfernt werden. Eine korrekte Implantation und Indikationsstellung im Voraus ist wichtig. Mittlerweile gibt es auch modernere Kollagen Biostimulationsbehandlungenwie z.B. Sculptra.<\\\/p>\"}},{\"@type\":\"Question\",\"name\":\"Was muss ich vor und nach der Behandlung beachten?\",\"acceptedAnswer\":{\"@type\":\"Answer\",\"text\":\"<p>In den ersten 7 Tagen sollte auf Saunabesuche oder Sport oder Solarium verzichtet werden. Versuche ebenfalls <strong>starke Mimik (Lachen, Singen, fest Kauen)<\\\/strong> zu vermeiden und lass keine Gesichtsbehandlungen f\\u00fcr mindestens 21 Tage durchf\\u00fchren. Schlafe, wenn m\\u00f6glich, die ersten N\\u00e4chte auf dem R\\u00fccken.<\\\/p><p>Alle weitere Ma\\u00dfnahmen erkl\\u00e4re ich Dir w\\u00e4hrend der Behandlung ausf\\u00fchrlich. \\u00dcber die Kontakt Rufnummer bin ich im Notfall stets zu erreichen.<\\\/p>\"}}]}<\/script>\n\t\t\t\t\t<\/div>\n\t\t\t\t\t\t<\/div>\n\t\t\t\t<\/div>\n\t\t\t\t<\/div>\n\t\t\t\t<div class=\"elementor-element elementor-element-2dcdc120 elementor-widget elementor-widget-text-editor\" data-id=\"2dcdc120\" data-element_type=\"widget\" data-widget_type=\"text-editor.default\">\n\t\t\t\t<div class=\"elementor-widget-container\">\n\t\t\t\t\t\t\t\t\t<div dir=\"auto\"><div dir=\"auto\">Das PDO Fadenlifting ist eine \u00a0Ansatz im Bereich der \u00e4sthetischen Medizin, der es erm\u00f6glicht, die Gesichtsz\u00fcge zu straffen ohne aufwendige Operationen oder invasive Eingriffe durchzuf\u00fchren.\u00a0<\/div><div dir=\"auto\">\u00a0<\/div><div dir=\"auto\">PDO steht f\u00fcr Polydioxanon, ein resorbierbares Material, das sicher und biokompatibel ist und seit vielen Jahren in der Medizin z.B. als Nahtmaterial verwendet wird. Die PDO-F\u00e4den werden in das Unterhautgewebe eingebracht und funktionieren wie feine\u00a0stabilisierende\u00a0Netze. Durch das Einsetzen wird die Kollagenbildung angeregt und so das Gewebe gefestigt.<\/div><div dir=\"auto\">\u00a0<\/div><div dir=\"auto\">Fadenliftings sind geeignet zur <strong>Verbesserung der Hautqualit\u00e4t<\/strong> und Elastizit\u00e4t, zur <strong>sanften Anhebung<\/strong> von leicht erschlafftem Gewebe\u00a0oder auch zur Prophylaxe gegen Absinken der\u00a0Haut an der Kinn-\/Kieferlinie (jaw line). Da es\u00a0sich um einen minimalinvasiven Eingriff handelt, gibt es keine lange Ausfallzeit, man kann schnell wieder in den Alltag \u00fcbergehen.\u00a0<\/div><div dir=\"auto\">\u00a0<\/div><div dir=\"auto\">Es ist wichtig, zwischen<strong> d\u00fcnnen<\/strong> <strong>Twin Screw<\/strong> <strong>F\u00e4den<\/strong> zur Verbesserung der Hautqualit\u00e4t und <strong>dickeren Widerhaken (oder\u00a0Mint oder Molding) F\u00e4den<\/strong> zu unterscheiden. Letztere k\u00f6nnen erschlafftes Gewebe sanft fixieren und sogar leicht anheben.<\/div><div dir=\"auto\">\u00a0<\/div><div dir=\"auto\">Beide Fadenarten werden ohne operativen Eingriff oder Vollnarkose ambulant eingesetzt. Die F\u00e4den werden mithilfe einer d\u00fcnnen, abgerundeten Nadel sanft in die Unterhaut eingef\u00fchrt. Der K\u00f6rper baut die F\u00e4den langsam ab und regt dabei die Kollagenproduktion an, wodurch die Haut straffer wirkt. Dieser Abbau kann bis zu 12 Wochen dauern.<\/div><div dir=\"auto\">\u00a0<\/div><\/div><div dir=\"auto\"><div dir=\"auto\">Bei einer Behandlung mit feinen Twin Screw F\u00e4den werden durchschnittlich 10-40 St\u00fcck netzartig gesetzt, bei Molding F\u00e4den sind es\u00a0meist 4-6 pro Seite. Beide bieten eine minimal-invasive M\u00f6glichkeit, um mit wenig Aufwand und geringer Ausfallzeit ein frischeres, j\u00fcngeres Aussehen zu erzielen. Das Verfahren ist weniger belastend als eine operative Behandlung. Fadenliftings lassen sich hervorragend mit <a href=\"https:\/\/www.ju-aesthetic.de\/?page_id=612\">Skinboostern<\/a>, <a href=\"https:\/\/www.ju-aesthetic.de\/?page_id=606\">Polynukleotiden<\/a>, <a href=\"https:\/\/www.ju-aesthetic.de\/?page_id=602\">Fillern<\/a>\u00a0oder <a href=\"https:\/\/www.ju-aesthetic.de\/?page_id=604\">Botox<\/a>\u00a0kombinieren.<\/div><div dir=\"auto\">\u00a0<\/div><div dir=\"auto\">Wenn Du Interesse hast, mehr \u00fcber das PDO-Fadenlifting oder andere \u00e4sthetische Behandlungsoptionen zu erfahren, vereinbare Dir gerne einen\u00a0ausf\u00fchrlichen Rundum\u00a0<a href=\"https:\/\/www.ju-aesthetic.de\/?page_id=634\">Beratungstermin<\/a> mit Gesichtsanalyse. Ich erstelle mit Dir einen individuellen Behandlungsplan, um das\u00a0bestm\u00f6gliche\u00a0Ergebnis zu schaffen.<\/div><\/div>\t\t\t\t\t\t\t\t<\/div>\n\t\t\t\t<\/div>\n\t\t\t\t<\/div>\n\t\t<div class=\"elementor-element elementor-element-2887adb5 e-con-full e-flex e-con e-child\" data-id=\"2887adb5\" data-element_type=\"container\" data-settings=\"{&quot;background_background&quot;:&quot;classic&quot;}\">\n\t\t\t\t<div class=\"elementor-element elementor-element-7499eabd elementor-widget-tablet__width-auto elementor-widget elementor-widget-price-list\" data-id=\"7499eabd\" data-element_type=\"widget\" data-widget_type=\"price-list.default\">\n\t\t\t\t<div class=\"elementor-widget-container\">\n\t\t\t\t\t\n\t\t<ul class=\"elementor-price-list\">\n\n\t\t\t\t\t\t\t\t\t<li><a class=\"elementor-price-list-item\" href=\"#\">\t\t\t\t\n\t\t\t\t<div class=\"elementor-price-list-text\">\n\t\t\t\t\t\t\t\t\t<div class=\"elementor-price-list-header\">\n\t\t\t\t\t\t\t\t\t\t\t<span class=\"elementor-price-list-title\">\n\t\t\t\t\t\t\tTwin Screw Lift Gesicht\t\t\t\t\t\t<\/span>\n\t\t\t\t\t\t\t\t\t\t\t\t\t\t\t\t\t\t<span class=\"elementor-price-list-separator\"><\/span>\n\t\t\t\t\t\t\t\t\t\t\t\t\t\t\t\t\t\t\t<span class=\"elementor-price-list-price\">ab 350\u20ac - 750\u20ac<\/span>\n\t\t\t\t\t\t\t\t\t\t<\/div>\n\t\t\t\t\t\t\t\t\t\t\t\t\t\t\t<p class=\"elementor-price-list-description\">\n\t\t\t\t\t\t\tSanfte Verbesserung der Hautqualit\u00e4t mit feinem Fadennetz (10-40 St\u00fcck)\t\t\t\t\t\t<\/p>\n\t\t\t\t\t\t\t\t<\/div>\n\t\t\t\t<\/a><\/li>\t\t\t\t\t\t\t\t\t\t\t\t<li><a class=\"elementor-price-list-item\" href=\"#\">\t\t\t\t\n\t\t\t\t<div class=\"elementor-price-list-text\">\n\t\t\t\t\t\t\t\t\t<div class=\"elementor-price-list-header\">\n\t\t\t\t\t\t\t\t\t\t\t<span class=\"elementor-price-list-title\">\n\t\t\t\t\t\t\tTwin Screw Lift Kinn oder Hals \t\t\t\t\t\t<\/span>\n\t\t\t\t\t\t\t\t\t\t\t\t\t\t\t\t\t\t<span class=\"elementor-price-list-separator\"><\/span>\n\t\t\t\t\t\t\t\t\t\t\t\t\t\t\t\t\t\t\t<span class=\"elementor-price-list-price\">ab 350\u20ac - 500\u20ac<\/span>\n\t\t\t\t\t\t\t\t\t\t<\/div>\n\t\t\t\t\t\t\t\t\t\t\t\t\t\t\t<p class=\"elementor-price-list-description\">\n\t\t\t\t\t\t\t10-20 feine F\u00e4den zur Doppelkinn- oder Halsstraffung\t\t\t\t\t\t<\/p>\n\t\t\t\t\t\t\t\t<\/div>\n\t\t\t\t<\/a><\/li>\t\t\t\t\t\t\t\t\t\t\t\t<li><a class=\"elementor-price-list-item\" href=\"#\">\t\t\t\t\n\t\t\t\t<div class=\"elementor-price-list-text\">\n\t\t\t\t\t\t\t\t\t<div class=\"elementor-price-list-header\">\n\t\t\t\t\t\t\t\t\t\t\t<span class=\"elementor-price-list-title\">\n\t\t\t\t\t\t\tGro\u00dfes Molding Fadenlift Gesicht\t\t\t\t\t\t<\/span>\n\t\t\t\t\t\t\t\t\t\t\t\t\t\t\t\t\t\t<span class=\"elementor-price-list-separator\"><\/span>\n\t\t\t\t\t\t\t\t\t\t\t\t\t\t\t\t\t\t\t<span class=\"elementor-price-list-price\">ab 950\u20ac<\/span>\n\t\t\t\t\t\t\t\t\t\t<\/div>\n\t\t\t\t\t\t\t\t\t\t\t\t\t\t\t<p class=\"elementor-price-list-description\">\n\t\t\t\t\t\t\tJe 4 Molding Widerhaken F\u00e4den pro Seite\t\t\t\t\t\t<\/p>\n\t\t\t\t\t\t\t\t<\/div>\n\t\t\t\t<\/a><\/li>\t\t\t\t\t\t\t\t\t\t\t\t<li><a class=\"elementor-price-list-item\" href=\"#\">\t\t\t\t\n\t\t\t\t<div class=\"elementor-price-list-text\">\n\t\t\t\t\t\t\t\t\t<div class=\"elementor-price-list-header\">\n\t\t\t\t\t\t\t\t\t\t\t<span class=\"elementor-price-list-title\">\n\t\t\t\t\t\t\tJeder weitere  Molding Faden\t\t\t\t\t\t<\/span>\n\t\t\t\t\t\t\t\t\t\t\t\t\t\t\t\t\t\t<span class=\"elementor-price-list-separator\"><\/span>\n\t\t\t\t\t\t\t\t\t\t\t\t\t\t\t\t\t\t\t<span class=\"elementor-price-list-price\">ab 125\u20ac<\/span>\n\t\t\t\t\t\t\t\t\t\t<\/div>\n\t\t\t\t\t\t\t\t\t\t\t\t\t\t\t<p class=\"elementor-price-list-description\">\n\t\t\t\t\t\t\tz.B. zum Asymmetrie Ausgleich \t\t\t\t\t\t<\/p>\n\t\t\t\t\t\t\t\t<\/div>\n\t\t\t\t<\/a><\/li>\t\t\t\t\t\n\t\t<\/ul>\n\n\t\t\t\t\t\t<\/div>\n\t\t\t\t<\/div>\n\t\t\t\t<\/div>\n\t\t\t\t\t<\/div>\n\t\t\t\t<\/div>\n\t\t<div class=\"elementor-element elementor-element-7a19f382 e-flex e-con-boxed e-con e-parent\" data-id=\"7a19f382\" data-element_type=\"container\">\n\t\t\t\t\t<div class=\"e-con-inner\">\n\t\t\t\t<div class=\"elementor-element elementor-element-22bc956e elementor-widget elementor-widget-heading\" data-id=\"22bc956e\" data-element_type=\"widget\" data-widget_type=\"heading.default\">\n\t\t\t\t<div class=\"elementor-widget-container\">\n\t\t\t\t\t<h3 class=\"elementor-heading-title elementor-size-default\">Die Preise richten sich  im Einzelfall stets nach den Vorgaben der GO\u00c4 und sind inkl. der gesetzl. MwSt.<\/h3>\t\t\t\t<\/div>\n\t\t\t\t<\/div>\n\t\t\t\t<div class=\"elementor-element elementor-element-2d2f904c elementor-widget elementor-widget-spacer\" data-id=\"2d2f904c\" data-element_type=\"widget\" data-widget_type=\"spacer.default\">\n\t\t\t\t<div class=\"elementor-widget-container\">\n\t\t\t\t\t\t\t<div class=\"elementor-spacer\">\n\t\t\t<div class=\"elementor-spacer-inner\"><\/div>\n\t\t<\/div>\n\t\t\t\t\t\t<\/div>\n\t\t\t\t<\/div>\n\t\t\t\t<div class=\"elementor-element elementor-element-19f07bc6 elementor-align-center elementor-widget elementor-widget-global elementor-global-829 elementor-widget-button\" data-id=\"19f07bc6\" data-element_type=\"widget\" data-settings=\"{&quot;motion_fx_motion_fx_mouse&quot;:&quot;yes&quot;,&quot;_animation&quot;:&quot;none&quot;}\" data-widget_type=\"button.default\">\n\t\t\t\t<div class=\"elementor-widget-container\">\n\t\t\t\t\t\t\t\t\t<div class=\"elementor-button-wrapper\">\n\t\t\t\t\t<a class=\"elementor-button elementor-button-link elementor-size-sm\" href=\"https:\/\/www.doctolib.de\/arzt\/rosenheim\/julia-kiefl\" target=\"_blank\">\n\t\t\t\t\t\t<span class=\"elementor-button-content-wrapper\">\n\t\t\t\t\t\t\t\t\t<span class=\"elementor-button-text\">Online Terminvereinbarung<\/span>\n\t\t\t\t\t<\/span>\n\t\t\t\t\t<\/a>\n\t\t\t\t<\/div>\n\t\t\t\t\t\t\t\t<\/div>\n\t\t\t\t<\/div>\n\t\t\t\t<div class=\"elementor-element elementor-element-7f292656 elementor-align-center elementor-widget elementor-widget-global elementor-global-832 elementor-widget-button\" data-id=\"7f292656\" data-element_type=\"widget\" data-widget_type=\"button.default\">\n\t\t\t\t<div class=\"elementor-widget-container\">\n\t\t\t\t\t\t\t\t\t<div class=\"elementor-button-wrapper\">\n\t\t\t\t\t<a class=\"elementor-button elementor-button-link elementor-size-sm\" href=\"https:\/\/www.ju-aesthetic.de\/?page_id=221\" target=\"_blank\">\n\t\t\t\t\t\t<span class=\"elementor-button-content-wrapper\">\n\t\t\t\t\t\t\t\t\t<span class=\"elementor-button-text\">Kontakt           <\/span>\n\t\t\t\t\t<\/span>\n\t\t\t\t\t<\/a>\n\t\t\t\t<\/div>\n\t\t\t\t\t\t\t\t<\/div>\n\t\t\t\t<\/div>\n\t\t\t\t\t<\/div>\n\t\t\t\t<\/div>\n\t\t<div class=\"elementor-element elementor-element-e46bef4 e-flex e-con-boxed e-con e-parent\" data-id=\"e46bef4\" data-element_type=\"container\">\n\t\t\t\t\t<div class=\"e-con-inner\">\n\t\t\t\t<div class=\"elementor-element elementor-element-b5bad40 elementor-widget elementor-widget-spacer\" data-id=\"b5bad40\" data-element_type=\"widget\" data-widget_type=\"spacer.default\">\n\t\t\t\t<div class=\"elementor-widget-container\">\n\t\t\t\t\t\t\t<div class=\"elementor-spacer\">\n\t\t\t<div class=\"elementor-spacer-inner\"><\/div>\n\t\t<\/div>\n\t\t\t\t\t\t<\/div>\n\t\t\t\t<\/div>\n\t\t\t\t\t<\/div>\n\t\t\t\t<\/div>\n\t\t\t\t<\/div>\n\t\t","protected":false},"excerpt":{"rendered":"<p>PDO FADENLIFTING Wann sieht man das Ergebnis und wie lange h\u00e4lt es? Einen sanften Ersteffekt sieht man direkt nach der Behandlung. Allerdings dauert der Abbau der F\u00e4den und somit sich der Kollagenaufbau ca. 8- 12 Wochen. So lange sollte man sich gedulden. Ein Fadenlifting h\u00e4lt bis zu einem Jahr, je nach individuellem Stoffwechsel und auch [&hellip;]<\/p>\n","protected":false},"author":1,"featured_media":0,"parent":0,"menu_order":0,"comment_status":"closed","ping_status":"closed","template":"","meta":{"footnotes":""},"class_list":["post-608","page","type-page","status-publish","hentry"],"_links":{"self":[{"href":"https:\/\/www.ju-aesthetic.de\/index.php?rest_route=\/wp\/v2\/pages\/608","targetHints":{"allow":["GET"]}}],"collection":[{"href":"https:\/\/www.ju-aesthetic.de\/index.php?rest_route=\/wp\/v2\/pages"}],"about":[{"href":"https:\/\/www.ju-aesthetic.de\/index.php?rest_route=\/wp\/v2\/types\/page"}],"author":[{"embeddable":true,"href":"https:\/\/www.ju-aesthetic.de\/index.php?rest_route=\/wp\/v2\/users\/1"}],"replies":[{"embeddable":true,"href":"https:\/\/www.ju-aesthetic.de\/index.php?rest_route=%2Fwp%2Fv2%2Fcomments&post=608"}],"version-history":[{"count":94,"href":"https:\/\/www.ju-aesthetic.de\/index.php?rest_route=\/wp\/v2\/pages\/608\/revisions"}],"predecessor-version":[{"id":4464,"href":"https:\/\/www.ju-aesthetic.de\/index.php?rest_route=\/wp\/v2\/pages\/608\/revisions\/4464"}],"wp:attachment":[{"href":"https:\/\/www.ju-aesthetic.de\/index.php?rest_route=%2Fwp%2Fv2%2Fmedia&parent=608"}],"curies":[{"name":"wp","href":"https:\/\/api.w.org\/{rel}","templated":true}]}}