{"id":604,"date":"2023-04-16T13:40:56","date_gmt":"2023-04-16T13:40:56","guid":{"rendered":"http:\/\/www.ju-aesthetic.de\/?page_id=604"},"modified":"2026-04-01T11:08:35","modified_gmt":"2026-04-01T11:08:35","slug":"botulinumtoxin-botox","status":"publish","type":"page","link":"https:\/\/www.ju-aesthetic.de\/?page_id=604","title":{"rendered":"Botox"},"content":{"rendered":"\t\t<div data-elementor-type=\"wp-page\" data-elementor-id=\"604\" class=\"elementor elementor-604\" data-elementor-post-type=\"page\">\n\t\t\t\t<div class=\"elementor-element elementor-element-6fcd26f e-flex e-con-boxed e-con e-parent\" data-id=\"6fcd26f\" data-element_type=\"container\">\n\t\t\t\t\t<div class=\"e-con-inner\">\n\t\t<div class=\"elementor-element elementor-element-0d0d0b4 e-con-full e-flex e-con e-child\" data-id=\"0d0d0b4\" data-element_type=\"container\">\n\t\t\t\t<div class=\"elementor-element elementor-element-edb6e60 elementor-widget elementor-widget-heading\" data-id=\"edb6e60\" data-element_type=\"widget\" data-widget_type=\"heading.default\">\n\t\t\t\t<div class=\"elementor-widget-container\">\n\t\t\t\t\t<h2 class=\"elementor-heading-title elementor-size-default\">BOTULINUM (BOTOX)<\/h2>\t\t\t\t<\/div>\n\t\t\t\t<\/div>\n\t\t\t\t<div class=\"elementor-element elementor-element-ac7fa90 elementor-widget elementor-widget-text-editor\" data-id=\"ac7fa90\" data-element_type=\"widget\" data-widget_type=\"text-editor.default\">\n\t\t\t\t<div class=\"elementor-widget-container\">\n\t\t\t\t\t\t\t\t\t<div dir=\"auto\"><p>Die Injektion von Botulinum Typ A (der g\u00e4ngige Kurzname ist &#8222;Botulinumtoxin&#8220; oder &#8222;Botox&#8220;) ist die bekannteste Methode zur tempor\u00e4ren, kontrollierten Reduktion von mimischen Falten.\u00a0<\/p><p><strong>Was genau ist Botulinumtoxin A?<\/strong><\/p><p>Botulinumtoxin A ist ein Protein, das von bestimmten Bakterien (clostridium botulinum) produziert wird. Das Protein kann Nervensignale blockieren, die normalerweise f\u00fcr die Muskelbewegung zust\u00e4ndig sind. Durch die Blockade dieser Signale entspannt Botulinumtoxin A die Muskeln und Falten im Gesicht und Hals reduzieren sich. Es wird seit nunmehr fast 30 Jahren in der Medizin (vor allem Neurologie und Chirurgie) in hohen Dosen eingesetzt. Bei der kosmetischen Anwendung in der \u00e4sthetischen Medizin werden kleinste Mengen direkt in den Muskel injiziert. Der Wirkstoff verbleibt dort und gelangt nicht in den restlichen K\u00f6rper. Die extrem geringen, hoch aufgereinigten Dosen enthalten keinerlei Bakterien mehr, die noch aktiv ein Toxin (Gift) produzieren k\u00f6nnten, sondern nur noch den reinen Wirkstoff.<\/p><p><strong>Wo wird Botulinum eingesetzt?<\/strong><\/p><p>Botox wird zumeist im Bereich des Gesichts und des Halses eingesetzt, um Falten und unerw\u00fcnschte Bewegungen zu reduzieren. Die h\u00e4ufigsten Anwendungen sind Stirnfalten, Kr\u00e4henf\u00fc\u00dfe (Lachfalten), Zornes- und Nasenfalten (Bunny Lines). Ausserdem kann ein erfahrener Arzt auch die Lippenf\u00e4ltchen reduzieren, die Oberlippe optisch vergr\u00f6\u00dfern (Lip Flip), das sogenannte Gummy Smile (Zeigen des\u00a0Zahnfleisch beim Lachen) reduzieren oder die Augenbrauen leicht anheben (chemical browlift).<\/p><p>Dar\u00fcber hinaus kann Botulinum auch f\u00fcr andere Zwecke benutzt werden, wie zum Beispiel zur <strong>Reduktion von Schwitzen<\/strong> im Gesicht, an H\u00e4nden und F\u00fc\u00dfen oder unter den Armen bei Hyperhidrose.<\/p><p>Auch bei <strong>Migr\u00e4ne<\/strong>, Muskelkr\u00e4mpfen oder <strong>n\u00e4chtlichem Z\u00e4hneknirschen<\/strong> (Masseterhypertrophie) kann eine regelm\u00e4\u00dfige Botox Behandlung positiv lebensver\u00e4ndernd\u00a0sein.\u00a0<\/p><p><strong>Vorteile von Botulinum<\/strong><\/p><p>Viele Menschen entscheiden sich f\u00fcr eine Botox-Behandlung, da sie eine schnelle und effektive Art ist, feine Linien und Falten sicher zu reduzieren. Im Vergleich zu anderen \u00e4sthetischen Behandlungen hat Botox auch den Vorteil, dass es nicht invasiv ist. Das hei\u00dft, es besteht keine Notwendigkeit f\u00fcr eine Operation und es gibt keine Ausfallzeit.<\/p><p>Wichtig zu beachten ist jedoch, dass Botox eine tempor\u00e4re L\u00f6sung ist und regelm\u00e4\u00dfige Anwendungen erforderlich sind, um die Ergebnisse aufrechtzuerhalten.\u00a0<span style=\"color: var( --e-global-color-text ); background-color: var( --e-global-color-secondary );\">Botox l\u00e4sst sich\u00a0hervorragend\u00a0mit anderen\u00a0\u00e4sthetischen Behandlungen wie z.B. <a href=\"https:\/\/www.ju-aesthetic.de\/?page_id=602\">Filler<\/a>, <a href=\"https:\/\/www.ju-aesthetic.de\/?page_id=606\">Sculptra, <\/a><a href=\"https:\/\/www.ju-aesthetic.de\/?page_id=606\">Polynnukleotide<\/a> oder <a href=\"https:\/\/www.ju-aesthetic.de\/?page_id=608\">Fadenlifting<\/a> kombinieren, um das\u00a0bestm\u00f6gliche Ergebnis zu schaffen.\u00a0<\/span><\/p><p><strong>Fazit<\/strong><\/p><p>&#8222;Botox&#8220; ist eine nat\u00fcrliche L\u00f6sung zur Verbesserung des Erscheinungsbildes von Falten und feinen Linien im Gesicht. Wenn Du eine schnelle, effektive und sichere Methode suchst, um Dein Aussehen zu verbessern, k\u00f6nnte Botox eine Option f\u00fcr Dich sein. Ausserdem kann es Depressionen reduzieren und\u00a0gl\u00fccklich machen. Das wurde sogar in <a href=\"https:\/\/link.springer.com\/article\/10.1007\/s15006-012-0244-7\">Studien<\/a> belegt. Wenn Du noch weitere Fragen hast, kann ich diese gerne alle in einem <a href=\"https:\/\/www.ju-aesthetic.de\/?page_id=634\">Beratungstermin<\/a> beantworten,<\/p><\/div>\t\t\t\t\t\t\t\t<\/div>\n\t\t\t\t<\/div>\n\t\t\t\t<div class=\"elementor-element elementor-element-ade824a elementor-widget-divider--view-line elementor-widget elementor-widget-divider\" data-id=\"ade824a\" data-element_type=\"widget\" data-widget_type=\"divider.default\">\n\t\t\t\t<div class=\"elementor-widget-container\">\n\t\t\t\t\t\t\t<div class=\"elementor-divider\">\n\t\t\t<span class=\"elementor-divider-separator\">\n\t\t\t\t\t\t<\/span>\n\t\t<\/div>\n\t\t\t\t\t\t<\/div>\n\t\t\t\t<\/div>\n\t\t<div class=\"elementor-element elementor-element-b9ddb92 e-con-full e-flex e-con e-child\" data-id=\"b9ddb92\" data-element_type=\"container\">\n\t\t\t\t<div class=\"elementor-element elementor-element-4e94811 elementor-widget elementor-widget-accordion\" data-id=\"4e94811\" data-element_type=\"widget\" data-widget_type=\"accordion.default\">\n\t\t\t\t<div class=\"elementor-widget-container\">\n\t\t\t\t\t\t\t<div class=\"elementor-accordion\">\n\t\t\t\t\t\t\t<div class=\"elementor-accordion-item\">\n\t\t\t\t\t<div id=\"elementor-tab-title-8231\" class=\"elementor-tab-title\" data-tab=\"1\" role=\"button\" aria-controls=\"elementor-tab-content-8231\" aria-expanded=\"false\">\n\t\t\t\t\t\t\t\t\t\t\t\t\t<span class=\"elementor-accordion-icon elementor-accordion-icon-left\" aria-hidden=\"true\">\n\t\t\t\t\t\t\t\t\t\t\t\t\t\t\t<span class=\"elementor-accordion-icon-closed\"><i class=\"fas fa-plus\"><\/i><\/span>\n\t\t\t\t\t\t\t\t<span class=\"elementor-accordion-icon-opened\"><i class=\"fas fa-minus\"><\/i><\/span>\n\t\t\t\t\t\t\t\t\t\t\t\t\t\t<\/span>\n\t\t\t\t\t\t\t\t\t\t\t\t<a class=\"elementor-accordion-title\" tabindex=\"0\">Wie schnell und wie lange wirkt Botulinum?<\/a>\n\t\t\t\t\t<\/div>\n\t\t\t\t\t<div id=\"elementor-tab-content-8231\" class=\"elementor-tab-content elementor-clearfix\" data-tab=\"1\" role=\"region\" aria-labelledby=\"elementor-tab-title-8231\"><p>Die Wirkung setzt nach fr\u00fchestens 24 bis 72 Stunden langsam ein. Nach ca. 14 Tagen ist das Endergebnis sichtbar. Eine Botulinum Behandlung h\u00e4lt ungef\u00e4hr 3-5 Monate, je nach individuellem Stoffwechsel, Dosierung und dem Wunsch des Patienten, wie intensiv die Bewegungsreduktion sein soll. Es ist normal, dass man das Ergebnis nicht sofort sieht. Auch ist es normal, dass das Ergebnis langsam ab der 6-8. Woche nachl\u00e4sst. Dennoch empfehle ich keine Auffrischung \u00f6fter als alle 3 Monate.\u00a0<\/p><p>Ich biete eine kostenfreien Termin zum Nachspritzen zwischen dem 10. und 20. Tag nach der Behandlung an.<\/p><\/div>\n\t\t\t\t<\/div>\n\t\t\t\t\t\t\t<div class=\"elementor-accordion-item\">\n\t\t\t\t\t<div id=\"elementor-tab-title-8232\" class=\"elementor-tab-title\" data-tab=\"2\" role=\"button\" aria-controls=\"elementor-tab-content-8232\" aria-expanded=\"false\">\n\t\t\t\t\t\t\t\t\t\t\t\t\t<span class=\"elementor-accordion-icon elementor-accordion-icon-left\" aria-hidden=\"true\">\n\t\t\t\t\t\t\t\t\t\t\t\t\t\t\t<span class=\"elementor-accordion-icon-closed\"><i class=\"fas fa-plus\"><\/i><\/span>\n\t\t\t\t\t\t\t\t<span class=\"elementor-accordion-icon-opened\"><i class=\"fas fa-minus\"><\/i><\/span>\n\t\t\t\t\t\t\t\t\t\t\t\t\t\t<\/span>\n\t\t\t\t\t\t\t\t\t\t\t\t<a class=\"elementor-accordion-title\" tabindex=\"0\">Ist die Behandlung schmerzhaft?<\/a>\n\t\t\t\t\t<\/div>\n\t\t\t\t\t<div id=\"elementor-tab-content-8232\" class=\"elementor-tab-content elementor-clearfix\" data-tab=\"2\" role=\"region\" aria-labelledby=\"elementor-tab-title-8232\"><p>Das Spritzen wird von den meisten Patienten allenfalls als leicht unangenehm empfunden. Es besteht aber immer die M\u00f6glichkeit den Bereich vorher mit einer Salbe zu bet\u00e4uben.\u00a0<\/p><p>Selten kann es zu leichten Kopfschmerzen in den Tagen nach der Behandlung kommen.<\/p><\/div>\n\t\t\t\t<\/div>\n\t\t\t\t\t\t\t<div class=\"elementor-accordion-item\">\n\t\t\t\t\t<div id=\"elementor-tab-title-8233\" class=\"elementor-tab-title\" data-tab=\"3\" role=\"button\" aria-controls=\"elementor-tab-content-8233\" aria-expanded=\"false\">\n\t\t\t\t\t\t\t\t\t\t\t\t\t<span class=\"elementor-accordion-icon elementor-accordion-icon-left\" aria-hidden=\"true\">\n\t\t\t\t\t\t\t\t\t\t\t\t\t\t\t<span class=\"elementor-accordion-icon-closed\"><i class=\"fas fa-plus\"><\/i><\/span>\n\t\t\t\t\t\t\t\t<span class=\"elementor-accordion-icon-opened\"><i class=\"fas fa-minus\"><\/i><\/span>\n\t\t\t\t\t\t\t\t\t\t\t\t\t\t<\/span>\n\t\t\t\t\t\t\t\t\t\t\t\t<a class=\"elementor-accordion-title\" tabindex=\"0\">Wann darf man kein Botulinum spritzen lassen?<\/a>\n\t\t\t\t\t<\/div>\n\t\t\t\t\t<div id=\"elementor-tab-content-8233\" class=\"elementor-tab-content elementor-clearfix\" data-tab=\"3\" role=\"region\" aria-labelledby=\"elementor-tab-title-8233\"><p><strong>Schwangerschaft<\/strong> und <strong>Stillzeit<\/strong> sind nat\u00fcrlich ausgeschlossen, da hier keine ausreichenden Daten vorliegen.\u00a0<\/p><p>Bei bestimmten Muskel Erkrankungen wie z.B. Myasthenia Gravis darf ebenfalls keine Behandlung durchgef\u00fchrt werden. Wenn Du unsicher bist, frag mich einfach in Deinem Beratungsgespr\u00e4ch.<\/p><p>Bei einer medikament\u00f6sen Blutverd\u00fcnnung oder eine Blutungsneigung muss individuell entschieden werden.<\/p><\/div>\n\t\t\t\t<\/div>\n\t\t\t\t\t\t\t<div class=\"elementor-accordion-item\">\n\t\t\t\t\t<div id=\"elementor-tab-title-8234\" class=\"elementor-tab-title\" data-tab=\"4\" role=\"button\" aria-controls=\"elementor-tab-content-8234\" aria-expanded=\"false\">\n\t\t\t\t\t\t\t\t\t\t\t\t\t<span class=\"elementor-accordion-icon elementor-accordion-icon-left\" aria-hidden=\"true\">\n\t\t\t\t\t\t\t\t\t\t\t\t\t\t\t<span class=\"elementor-accordion-icon-closed\"><i class=\"fas fa-plus\"><\/i><\/span>\n\t\t\t\t\t\t\t\t<span class=\"elementor-accordion-icon-opened\"><i class=\"fas fa-minus\"><\/i><\/span>\n\t\t\t\t\t\t\t\t\t\t\t\t\t\t<\/span>\n\t\t\t\t\t\t\t\t\t\t\t\t<a class=\"elementor-accordion-title\" tabindex=\"0\">Welche Nebenwirkungen k\u00f6nnen auftreten?<\/a>\n\t\t\t\t\t<\/div>\n\t\t\t\t\t<div id=\"elementor-tab-content-8234\" class=\"elementor-tab-content elementor-clearfix\" data-tab=\"4\" role=\"region\" aria-labelledby=\"elementor-tab-title-8234\"><p>Wie bei jeder Injektionsbehandlung kann es zu kleinen H\u00e4matomen (blauen Flecken) oder leichten Schmerzen und Schwellungen an der Einstichstelle kommen.\u00a0<\/p><p>In seltenen F\u00e4llen kann es zum Absinken der Augenbrauen oder Herabh\u00e4ngen des Augenlids kommen. Dies kann aber durch einen professionellen, erfahrenen Behandler weitestgehend vermieden werden.<\/p><p>Eine Vergiftung (Botulismus) ist aufgrund der geringen Mengen ausgeschlossen. Auch gibt es derzeit keine bekannten unerw\u00fcnschten Langzeitfolgen oder Gew\u00f6hnungseffekt.<\/p><p><strong>Alle Nebenwirkungen &#8211; ebenso wie die Wirkung des Botulinum selbst &#8211; sind zeitlich beschr\u00e4nkt und vollkommen reversibel.\u00a0<\/strong><\/p><\/div>\n\t\t\t\t<\/div>\n\t\t\t\t\t\t\t<div class=\"elementor-accordion-item\">\n\t\t\t\t\t<div id=\"elementor-tab-title-8235\" class=\"elementor-tab-title\" data-tab=\"5\" role=\"button\" aria-controls=\"elementor-tab-content-8235\" aria-expanded=\"false\">\n\t\t\t\t\t\t\t\t\t\t\t\t\t<span class=\"elementor-accordion-icon elementor-accordion-icon-left\" aria-hidden=\"true\">\n\t\t\t\t\t\t\t\t\t\t\t\t\t\t\t<span class=\"elementor-accordion-icon-closed\"><i class=\"fas fa-plus\"><\/i><\/span>\n\t\t\t\t\t\t\t\t<span class=\"elementor-accordion-icon-opened\"><i class=\"fas fa-minus\"><\/i><\/span>\n\t\t\t\t\t\t\t\t\t\t\t\t\t\t<\/span>\n\t\t\t\t\t\t\t\t\t\t\t\t<a class=\"elementor-accordion-title\" tabindex=\"0\">Was muss ich nach der Behandlung beachten?l<\/a>\n\t\t\t\t\t<\/div>\n\t\t\t\t\t<div id=\"elementor-tab-content-8235\" class=\"elementor-tab-content elementor-clearfix\" data-tab=\"5\" role=\"region\" aria-labelledby=\"elementor-tab-title-8235\"><p>In den ersten 24 Stunden sollte auf starkes Schwitzen wie z.B. in der Sauna, Dampfbad oder beim Sport verzichtet werden. Auch ist zu empfehlen, sich nicht direkt nach der Behandlung hinzulegen oder Druck auf die Haut aus zu \u00fcben (z.B. bei einer Massage, Gesichtsbehandlung oder beim Tragen einer M\u00fctze).<\/p><\/div>\n\t\t\t\t<\/div>\n\t\t\t\t\t\t\t\t<\/div>\n\t\t\t\t\t\t<\/div>\n\t\t\t\t<\/div>\n\t\t\t\t<\/div>\n\t\t\t\t<\/div>\n\t\t<div class=\"elementor-element elementor-element-743ce6d e-con-full e-flex e-con e-child\" data-id=\"743ce6d\" data-element_type=\"container\" data-settings=\"{&quot;background_background&quot;:&quot;classic&quot;}\">\n\t\t\t\t<div class=\"elementor-element elementor-element-8916ddb elementor-widget__width-auto elementor-widget elementor-widget-price-list\" data-id=\"8916ddb\" data-element_type=\"widget\" data-widget_type=\"price-list.default\">\n\t\t\t\t<div class=\"elementor-widget-container\">\n\t\t\t\t\t\n\t\t<ul class=\"elementor-price-list\">\n\n\t\t\t\t\t\t\t\t\t<li><a class=\"elementor-price-list-item\" href=\"#\">\t\t\t\t\n\t\t\t\t<div class=\"elementor-price-list-text\">\n\t\t\t\t\t\t\t\t\t<div class=\"elementor-price-list-header\">\n\t\t\t\t\t\t\t\t\t\t\t<span class=\"elementor-price-list-title\">\n\t\t\t\t\t\t\tHappy Tox\t\t\t\t\t\t<\/span>\n\t\t\t\t\t\t\t\t\t\t\t\t\t\t\t\t\t\t<span class=\"elementor-price-list-separator\"><\/span>\n\t\t\t\t\t\t\t\t\t\t\t\t\t\t\t\t\t\t\t<span class=\"elementor-price-list-price\">ab 350\u20ac<\/span>\n\t\t\t\t\t\t\t\t\t\t<\/div>\n\t\t\t\t\t\t\t\t\t\t\t\t\t\t\t<p class=\"elementor-price-list-description\">\n\t\t\t\t\t\t\tErstbehandlung Zornesfalte oder Stirnfalten oder Kr\u00e4henf\u00fc\u00dfe\t\t\t\t\t\t<\/p>\n\t\t\t\t\t\t\t\t<\/div>\n\t\t\t\t<\/a><\/li>\t\t\t\t\t\t\t\t\t\t\t\t<li><a class=\"elementor-price-list-item\" href=\"#\">\t\t\t\t\n\t\t\t\t<div class=\"elementor-price-list-text\">\n\t\t\t\t\t\t\t\t\t<div class=\"elementor-price-list-header\">\n\t\t\t\t\t\t\t\t\t\t\t<span class=\"elementor-price-list-title\">\n\t\t\t\t\t\t\tFull Tox\t\t\t\t\t\t<\/span>\n\t\t\t\t\t\t\t\t\t\t\t\t\t\t\t\t\t\t<span class=\"elementor-price-list-separator\"><\/span>\n\t\t\t\t\t\t\t\t\t\t\t\t\t\t\t\t\t\t\t<span class=\"elementor-price-list-price\">370\u20ac bis 390\u20ac<\/span>\n\t\t\t\t\t\t\t\t\t\t<\/div>\n\t\t\t\t\t\t\t\t\t\t\t\t\t\t\t<p class=\"elementor-price-list-description\">\n\t\t\t\t\t\t\tMehrere Regionen im Gesicht je nach Aufwand und Menge \t\t\t\t\t\t<\/p>\n\t\t\t\t\t\t\t\t<\/div>\n\t\t\t\t<\/a><\/li>\t\t\t\t\t\t\t\t\t\t\t\t<li><a class=\"elementor-price-list-item\" href=\"#\">\t\t\t\t\n\t\t\t\t<div class=\"elementor-price-list-text\">\n\t\t\t\t\t\t\t\t\t<div class=\"elementor-price-list-header\">\n\t\t\t\t\t\t\t\t\t\t\t<span class=\"elementor-price-list-title\">\n\t\t\t\t\t\t\tBaby Tox\t\t\t\t\t\t<\/span>\n\t\t\t\t\t\t\t\t\t\t\t\t\t\t\t\t\t\t<span class=\"elementor-price-list-separator\"><\/span>\n\t\t\t\t\t\t\t\t\t\t\t\t\t\t\t\t\t\t\t<span class=\"elementor-price-list-price\">ab 150\u20ac<\/span>\n\t\t\t\t\t\t\t\t\t\t<\/div>\n\t\t\t\t\t\t\t\t\t\t\t\t\t\t\t<p class=\"elementor-price-list-description\">\n\t\t\t\t\t\t\tKleine Bereich wie Mundwinkel anheben, LipFlip, Augenbrauenlift\t\t\t\t\t\t<\/p>\n\t\t\t\t\t\t\t\t<\/div>\n\t\t\t\t<\/a><\/li>\t\t\t\t\t\t\t\t\t\t\t\t<li><a class=\"elementor-price-list-item\" href=\"#\">\t\t\t\t\n\t\t\t\t<div class=\"elementor-price-list-text\">\n\t\t\t\t\t\t\t\t\t<div class=\"elementor-price-list-header\">\n\t\t\t\t\t\t\t\t\t\t\t<span class=\"elementor-price-list-title\">\n\t\t\t\t\t\t\tTouch up Tox\t\t\t\t\t\t<\/span>\n\t\t\t\t\t\t\t\t\t\t\t\t\t\t\t\t\t\t<span class=\"elementor-price-list-separator\"><\/span>\n\t\t\t\t\t\t\t\t\t\t\t\t\t\t\t\t\t\t\t<span class=\"elementor-price-list-price\">280\u20ac<\/span>\n\t\t\t\t\t\t\t\t\t\t<\/div>\n\t\t\t\t\t\t\t\t\t\t\t\t\t\t\t<p class=\"elementor-price-list-description\">\n\t\t\t\t\t\t\tAuffrischbehandlung innerhalb von maximal 3 Monaten\t\t\t\t\t\t<\/p>\n\t\t\t\t\t\t\t\t<\/div>\n\t\t\t\t<\/a><\/li>\t\t\t\t\t\t\t\t\t\t\t\t<li><a class=\"elementor-price-list-item\" href=\"#\">\t\t\t\t\n\t\t\t\t<div class=\"elementor-price-list-text\">\n\t\t\t\t\t\t\t\t\t<div class=\"elementor-price-list-header\">\n\t\t\t\t\t\t\t\t\t\t\t<span class=\"elementor-price-list-title\">\n\t\t\t\t\t\t\tMasseter Tox\t\t\t\t\t\t<\/span>\n\t\t\t\t\t\t\t\t\t\t\t\t\t\t\t\t\t\t<span class=\"elementor-price-list-separator\"><\/span>\n\t\t\t\t\t\t\t\t\t\t\t\t\t\t\t\t\t\t\t<span class=\"elementor-price-list-price\">ab 350\u20ac  - 550\u20ac<\/span>\n\t\t\t\t\t\t\t\t\t\t<\/div>\n\t\t\t\t\t\t\t\t\t\t\t\t\t\t\t<p class=\"elementor-price-list-description\">\n\t\t\t\t\t\t\tGegen Z\u00e4hneknirschen oder n\u00e4chtliches Pressen oder zur Gesichtsverschm\u00e4lerung\t\t\t\t\t\t<\/p>\n\t\t\t\t\t\t\t\t<\/div>\n\t\t\t\t<\/a><\/li>\t\t\t\t\t\t\t\t\t\t\t\t<li><a class=\"elementor-price-list-item\" href=\"#\">\t\t\t\t\n\t\t\t\t<div class=\"elementor-price-list-text\">\n\t\t\t\t\t\t\t\t\t<div class=\"elementor-price-list-header\">\n\t\t\t\t\t\t\t\t\t\t\t<span class=\"elementor-price-list-title\">\n\t\t\t\t\t\t\tSchwei\u00dffrei Tox\t\t\t\t\t\t<\/span>\n\t\t\t\t\t\t\t\t\t\t\t\t\t\t\t\t\t\t<span class=\"elementor-price-list-separator\"><\/span>\n\t\t\t\t\t\t\t\t\t\t\t\t\t\t\t\t\t\t\t<span class=\"elementor-price-list-price\">ab 550\u20ac<\/span>\n\t\t\t\t\t\t\t\t\t\t<\/div>\n\t\t\t\t\t\t\t\t\t\t\t\t\t\t\t<p class=\"elementor-price-list-description\">\n\t\t\t\t\t\t\tGegen Hyperhidrose unter den Achseln oder F\u00fc\u00dfen\t\t\t\t\t\t<\/p>\n\t\t\t\t\t\t\t\t<\/div>\n\t\t\t\t<\/a><\/li>\t\t\t\t\t\t\t\t\t\t\t\t<li><a class=\"elementor-price-list-item\" href=\"#\">\t\t\t\t\n\t\t\t\t<div class=\"elementor-price-list-text\">\n\t\t\t\t\t\t\t\t\t<div class=\"elementor-price-list-header\">\n\t\t\t\t\t\t\t\t\t\t\t<span class=\"elementor-price-list-title\">\n\t\t\t\t\t\t\tMigr\u00e4ne Tox\t\t\t\t\t\t<\/span>\n\t\t\t\t\t\t\t\t\t\t\t\t\t\t\t\t\t\t<span class=\"elementor-price-list-separator\"><\/span>\n\t\t\t\t\t\t\t\t\t\t\t\t\t\t\t\t\t\t\t<span class=\"elementor-price-list-price\">ab 350\u20ac<\/span>\n\t\t\t\t\t\t\t\t\t\t<\/div>\n\t\t\t\t\t\t\t\t\t\t\t\t\t\t\t<p class=\"elementor-price-list-description\">\n\t\t\t\t\t\t\tInjektion von Botulinum an bestimmten migr\u00e4nebeteiligten  Muskelgruppen im Gesicht oder Nackenbereich\t\t\t\t\t\t<\/p>\n\t\t\t\t\t\t\t\t<\/div>\n\t\t\t\t<\/a><\/li>\t\t\t\t\t\n\t\t<\/ul>\n\n\t\t\t\t\t\t<\/div>\n\t\t\t\t<\/div>\n\t\t\t\t<\/div>\n\t\t\t\t\t<\/div>\n\t\t\t\t<\/div>\n\t\t<div class=\"elementor-element elementor-element-16f35c3 e-flex e-con-boxed e-con e-parent\" data-id=\"16f35c3\" data-element_type=\"container\">\n\t\t\t\t\t<div class=\"e-con-inner\">\n\t\t\t\t<div class=\"elementor-element elementor-element-1572ccd elementor-widget elementor-widget-global elementor-global-2967 elementor-widget-heading\" data-id=\"1572ccd\" data-element_type=\"widget\" data-widget_type=\"heading.default\">\n\t\t\t\t<div class=\"elementor-widget-container\">\n\t\t\t\t\t<h3 class=\"elementor-heading-title elementor-size-default\">Die Preise richten sich  im Einzelfall stets nach den Vorgaben der GO\u00c4 und sind inkl. der gesetzl. MwSt.<\/h3>\t\t\t\t<\/div>\n\t\t\t\t<\/div>\n\t\t\t\t<div class=\"elementor-element elementor-element-f6bead8 elementor-widget elementor-widget-spacer\" data-id=\"f6bead8\" data-element_type=\"widget\" data-widget_type=\"spacer.default\">\n\t\t\t\t<div class=\"elementor-widget-container\">\n\t\t\t\t\t\t\t<div class=\"elementor-spacer\">\n\t\t\t<div class=\"elementor-spacer-inner\"><\/div>\n\t\t<\/div>\n\t\t\t\t\t\t<\/div>\n\t\t\t\t<\/div>\n\t\t\t\t<div class=\"elementor-element elementor-element-abad193 elementor-align-center elementor-widget elementor-widget-global elementor-global-829 elementor-widget-button\" data-id=\"abad193\" data-element_type=\"widget\" data-settings=\"{&quot;motion_fx_motion_fx_mouse&quot;:&quot;yes&quot;,&quot;_animation&quot;:&quot;none&quot;}\" data-widget_type=\"button.default\">\n\t\t\t\t<div class=\"elementor-widget-container\">\n\t\t\t\t\t\t\t\t\t<div class=\"elementor-button-wrapper\">\n\t\t\t\t\t<a class=\"elementor-button elementor-button-link elementor-size-sm\" href=\"https:\/\/www.doctolib.de\/arzt\/rosenheim\/julia-kiefl\" target=\"_blank\">\n\t\t\t\t\t\t<span class=\"elementor-button-content-wrapper\">\n\t\t\t\t\t\t\t\t\t<span class=\"elementor-button-text\">Online Terminvereinbarung<\/span>\n\t\t\t\t\t<\/span>\n\t\t\t\t\t<\/a>\n\t\t\t\t<\/div>\n\t\t\t\t\t\t\t\t<\/div>\n\t\t\t\t<\/div>\n\t\t\t\t<div class=\"elementor-element elementor-element-6193d0d elementor-align-center elementor-widget elementor-widget-global elementor-global-832 elementor-widget-button\" data-id=\"6193d0d\" data-element_type=\"widget\" data-widget_type=\"button.default\">\n\t\t\t\t<div class=\"elementor-widget-container\">\n\t\t\t\t\t\t\t\t\t<div class=\"elementor-button-wrapper\">\n\t\t\t\t\t<a class=\"elementor-button elementor-button-link elementor-size-sm\" href=\"https:\/\/www.ju-aesthetic.de\/?page_id=221\" target=\"_blank\">\n\t\t\t\t\t\t<span class=\"elementor-button-content-wrapper\">\n\t\t\t\t\t\t\t\t\t<span class=\"elementor-button-text\">Kontakt           <\/span>\n\t\t\t\t\t<\/span>\n\t\t\t\t\t<\/a>\n\t\t\t\t<\/div>\n\t\t\t\t\t\t\t\t<\/div>\n\t\t\t\t<\/div>\n\t\t\t\t\t<\/div>\n\t\t\t\t<\/div>\n\t\t<div class=\"elementor-element elementor-element-539de80 e-flex e-con-boxed e-con e-parent\" data-id=\"539de80\" data-element_type=\"container\">\n\t\t\t\t\t<div class=\"e-con-inner\">\n\t\t\t\t<div class=\"elementor-element elementor-element-4123731 elementor-widget elementor-widget-spacer\" data-id=\"4123731\" data-element_type=\"widget\" data-widget_type=\"spacer.default\">\n\t\t\t\t<div class=\"elementor-widget-container\">\n\t\t\t\t\t\t\t<div class=\"elementor-spacer\">\n\t\t\t<div class=\"elementor-spacer-inner\"><\/div>\n\t\t<\/div>\n\t\t\t\t\t\t<\/div>\n\t\t\t\t<\/div>\n\t\t\t\t\t<\/div>\n\t\t\t\t<\/div>\n\t\t\t\t<\/div>\n\t\t","protected":false},"excerpt":{"rendered":"<p>BOTULINUM (BOTOX) Die Injektion von Botulinum Typ A (der g\u00e4ngige Kurzname ist &#8222;Botulinumtoxin&#8220; oder &#8222;Botox&#8220;) ist die bekannteste Methode zur tempor\u00e4ren, kontrollierten Reduktion von mimischen Falten.\u00a0 Was genau ist Botulinumtoxin A? Botulinumtoxin A ist ein Protein, das von bestimmten Bakterien (clostridium botulinum) produziert wird. Das Protein kann Nervensignale blockieren, die normalerweise f\u00fcr die Muskelbewegung zust\u00e4ndig [&hellip;]<\/p>\n","protected":false},"author":1,"featured_media":0,"parent":0,"menu_order":0,"comment_status":"closed","ping_status":"closed","template":"","meta":{"footnotes":""},"class_list":["post-604","page","type-page","status-publish","hentry"],"_links":{"self":[{"href":"https:\/\/www.ju-aesthetic.de\/index.php?rest_route=\/wp\/v2\/pages\/604","targetHints":{"allow":["GET"]}}],"collection":[{"href":"https:\/\/www.ju-aesthetic.de\/index.php?rest_route=\/wp\/v2\/pages"}],"about":[{"href":"https:\/\/www.ju-aesthetic.de\/index.php?rest_route=\/wp\/v2\/types\/page"}],"author":[{"embeddable":true,"href":"https:\/\/www.ju-aesthetic.de\/index.php?rest_route=\/wp\/v2\/users\/1"}],"replies":[{"embeddable":true,"href":"https:\/\/www.ju-aesthetic.de\/index.php?rest_route=%2Fwp%2Fv2%2Fcomments&post=604"}],"version-history":[{"count":237,"href":"https:\/\/www.ju-aesthetic.de\/index.php?rest_route=\/wp\/v2\/pages\/604\/revisions"}],"predecessor-version":[{"id":4570,"href":"https:\/\/www.ju-aesthetic.de\/index.php?rest_route=\/wp\/v2\/pages\/604\/revisions\/4570"}],"wp:attachment":[{"href":"https:\/\/www.ju-aesthetic.de\/index.php?rest_route=%2Fwp%2Fv2%2Fmedia&parent=604"}],"curies":[{"name":"wp","href":"https:\/\/api.w.org\/{rel}","templated":true}]}}