{"id":600,"date":"2023-04-16T13:40:22","date_gmt":"2023-04-16T13:40:22","guid":{"rendered":"http:\/\/www.ju-aesthetic.de\/?page_id=600"},"modified":"2025-03-06T16:08:52","modified_gmt":"2025-03-06T16:08:52","slug":"news","status":"publish","type":"page","link":"https:\/\/www.ju-aesthetic.de\/?page_id=600","title":{"rendered":"News"},"content":{"rendered":"\t\t<div data-elementor-type=\"wp-page\" data-elementor-id=\"600\" class=\"elementor elementor-600\" data-elementor-post-type=\"page\">\n\t\t\t\t<div class=\"elementor-element elementor-element-f0fa88c e-flex e-con-boxed e-con e-parent\" data-id=\"f0fa88c\" data-element_type=\"container\">\n\t\t\t\t\t<div class=\"e-con-inner\">\n\t\t\t\t<div class=\"elementor-element elementor-element-1e5811c elementor-widget elementor-widget-heading\" data-id=\"1e5811c\" data-element_type=\"widget\" data-widget_type=\"heading.default\">\n\t\t\t\t<div class=\"elementor-widget-container\">\n\t\t\t\t\t<h2 class=\"elementor-heading-title elementor-size-default\">Unser Opening Event am 12. Juli 2023<\/h2>\t\t\t\t<\/div>\n\t\t\t\t<\/div>\n\t\t\t\t<div class=\"elementor-element elementor-element-820b78f elementor-widget elementor-widget-spacer\" data-id=\"820b78f\" data-element_type=\"widget\" data-widget_type=\"spacer.default\">\n\t\t\t\t<div class=\"elementor-widget-container\">\n\t\t\t\t\t\t\t<div class=\"elementor-spacer\">\n\t\t\t<div class=\"elementor-spacer-inner\"><\/div>\n\t\t<\/div>\n\t\t\t\t\t\t<\/div>\n\t\t\t\t<\/div>\n\t\t\t\t<div class=\"elementor-element elementor-element-f7973ab elementor-widget elementor-widget-image-gallery\" data-id=\"f7973ab\" data-element_type=\"widget\" data-widget_type=\"image-gallery.default\">\n\t\t\t\t<div class=\"elementor-widget-container\">\n\t\t\t\t\t\t\t<div class=\"elementor-image-gallery\">\n\t\t\t<div id='gallery-1' class='gallery galleryid-600 gallery-columns-3 gallery-size-medium'><figure class='gallery-item'>\n\t\t\t<div class='gallery-icon portrait'>\n\t\t\t\t<a data-elementor-open-lightbox=\"yes\" data-elementor-lightbox-slideshow=\"f7973ab\" data-elementor-lightbox-title=\"Julia Kiefl Ju Aesthetic\" data-e-action-hash=\"#elementor-action%3Aaction%3Dlightbox%26settings%3DeyJpZCI6MjE3OSwidXJsIjoiaHR0cHM6XC9cL3d3dy5qdS1hZXN0aGV0aWMuZGVcL3dwLWNvbnRlbnRcL3VwbG9hZHNcLzIwMjNcLzA3XC9GYWNlQXBwXzE2ODkyNzI3NjA3MTEuanBnIiwic2xpZGVzaG93IjoiZjc5NzNhYiJ9\" href='https:\/\/www.ju-aesthetic.de\/wp-content\/uploads\/2023\/07\/FaceApp_1689272760711.jpg'><img fetchpriority=\"high\" decoding=\"async\" width=\"225\" height=\"300\" src=\"https:\/\/www.ju-aesthetic.de\/wp-content\/uploads\/2023\/07\/FaceApp_1689272760711-225x300.jpg\" class=\"attachment-medium size-medium\" alt=\"Julia Kiefl\" aria-describedby=\"gallery-1-2179\" srcset=\"https:\/\/www.ju-aesthetic.de\/wp-content\/uploads\/2023\/07\/FaceApp_1689272760711-225x300.jpg 225w, https:\/\/www.ju-aesthetic.de\/wp-content\/uploads\/2023\/07\/FaceApp_1689272760711-768x1024.jpg 768w, https:\/\/www.ju-aesthetic.de\/wp-content\/uploads\/2023\/07\/FaceApp_1689272760711-1152x1536.jpg 1152w, https:\/\/www.ju-aesthetic.de\/wp-content\/uploads\/2023\/07\/FaceApp_1689272760711.jpg 1536w\" sizes=\"(max-width: 225px) 100vw, 225px\" \/><\/a>\n\t\t\t<\/div>\n\t\t\t\t<figcaption class='wp-caption-text gallery-caption' id='gallery-1-2179'>\n\t\t\t\tJulia begr\u00fc\u00dfte die G\u00e4ste\n\t\t\t\t<\/figcaption><\/figure><figure class='gallery-item'>\n\t\t\t<div class='gallery-icon landscape'>\n\t\t\t\t<a data-elementor-open-lightbox=\"yes\" data-elementor-lightbox-slideshow=\"f7973ab\" data-elementor-lightbox-title=\"Ju Aesthetic Opening\" data-e-action-hash=\"#elementor-action%3Aaction%3Dlightbox%26settings%3DeyJpZCI6MjE4NCwidXJsIjoiaHR0cHM6XC9cL3d3dy5qdS1hZXN0aGV0aWMuZGVcL3dwLWNvbnRlbnRcL3VwbG9hZHNcLzIwMjNcLzA3XC9JTUctMjAyMzA3MTItV0EwMDY5LmpwZyIsInNsaWRlc2hvdyI6ImY3OTczYWIifQ%3D%3D\" href='https:\/\/www.ju-aesthetic.de\/wp-content\/uploads\/2023\/07\/IMG-20230712-WA0069.jpg'><img decoding=\"async\" width=\"300\" height=\"225\" src=\"https:\/\/www.ju-aesthetic.de\/wp-content\/uploads\/2023\/07\/IMG-20230712-WA0069-300x225.jpg\" class=\"attachment-medium size-medium\" alt=\"Waltraud Hackl\" aria-describedby=\"gallery-1-2184\" srcset=\"https:\/\/www.ju-aesthetic.de\/wp-content\/uploads\/2023\/07\/IMG-20230712-WA0069-300x225.jpg 300w, https:\/\/www.ju-aesthetic.de\/wp-content\/uploads\/2023\/07\/IMG-20230712-WA0069-1024x768.jpg 1024w, https:\/\/www.ju-aesthetic.de\/wp-content\/uploads\/2023\/07\/IMG-20230712-WA0069-768x576.jpg 768w, https:\/\/www.ju-aesthetic.de\/wp-content\/uploads\/2023\/07\/IMG-20230712-WA0069-1536x1152.jpg 1536w, https:\/\/www.ju-aesthetic.de\/wp-content\/uploads\/2023\/07\/IMG-20230712-WA0069.jpg 2048w\" sizes=\"(max-width: 300px) 100vw, 300px\" \/><\/a>\n\t\t\t<\/div>\n\t\t\t\t<figcaption class='wp-caption-text gallery-caption' id='gallery-1-2184'>\n\t\t\t\tTraudi beim Aufbau\n\t\t\t\t<\/figcaption><\/figure><figure class='gallery-item'>\n\t\t\t<div class='gallery-icon landscape'>\n\t\t\t\t<a data-elementor-open-lightbox=\"yes\" data-elementor-lightbox-slideshow=\"f7973ab\" data-elementor-lightbox-title=\"Galderma Give away\" data-e-action-hash=\"#elementor-action%3Aaction%3Dlightbox%26settings%3DeyJpZCI6MjE4NSwidXJsIjoiaHR0cHM6XC9cL3d3dy5qdS1hZXN0aGV0aWMuZGVcL3dwLWNvbnRlbnRcL3VwbG9hZHNcLzIwMjNcLzA3XC9JTUctMjAyMzA3MTItV0EwMDcwLmpwZyIsInNsaWRlc2hvdyI6ImY3OTczYWIifQ%3D%3D\" href='https:\/\/www.ju-aesthetic.de\/wp-content\/uploads\/2023\/07\/IMG-20230712-WA0070.jpg'><img decoding=\"async\" width=\"300\" height=\"225\" src=\"https:\/\/www.ju-aesthetic.de\/wp-content\/uploads\/2023\/07\/IMG-20230712-WA0070-300x225.jpg\" class=\"attachment-medium size-medium\" alt=\"Give away Galderma\" aria-describedby=\"gallery-1-2185\" srcset=\"https:\/\/www.ju-aesthetic.de\/wp-content\/uploads\/2023\/07\/IMG-20230712-WA0070-300x225.jpg 300w, https:\/\/www.ju-aesthetic.de\/wp-content\/uploads\/2023\/07\/IMG-20230712-WA0070-1024x768.jpg 1024w, https:\/\/www.ju-aesthetic.de\/wp-content\/uploads\/2023\/07\/IMG-20230712-WA0070-768x576.jpg 768w, https:\/\/www.ju-aesthetic.de\/wp-content\/uploads\/2023\/07\/IMG-20230712-WA0070-1536x1152.jpg 1536w, https:\/\/www.ju-aesthetic.de\/wp-content\/uploads\/2023\/07\/IMG-20230712-WA0070.jpg 2048w\" sizes=\"(max-width: 300px) 100vw, 300px\" \/><\/a>\n\t\t\t<\/div>\n\t\t\t\t<figcaption class='wp-caption-text gallery-caption' id='gallery-1-2185'>\n\t\t\t\tGive aways f\u00fcr G\u00e4ste von Galderma und der Rosen Apotheke\n\t\t\t\t<\/figcaption><\/figure><figure class='gallery-item'>\n\t\t\t<div class='gallery-icon portrait'>\n\t\t\t\t<a data-elementor-open-lightbox=\"yes\" data-elementor-lightbox-slideshow=\"f7973ab\" data-elementor-lightbox-title=\"Finger Food Prinzipal\" data-e-action-hash=\"#elementor-action%3Aaction%3Dlightbox%26settings%3DeyJpZCI6MjE4NywidXJsIjoiaHR0cHM6XC9cL3d3dy5qdS1hZXN0aGV0aWMuZGVcL3dwLWNvbnRlbnRcL3VwbG9hZHNcLzIwMjNcLzA3XC9JTUctMjAyMzA3MTItV0EwMTAzLmpwZyIsInNsaWRlc2hvdyI6ImY3OTczYWIifQ%3D%3D\" href='https:\/\/www.ju-aesthetic.de\/wp-content\/uploads\/2023\/07\/IMG-20230712-WA0103.jpg'><img loading=\"lazy\" decoding=\"async\" width=\"225\" height=\"300\" src=\"https:\/\/www.ju-aesthetic.de\/wp-content\/uploads\/2023\/07\/IMG-20230712-WA0103-225x300.jpg\" class=\"attachment-medium size-medium\" alt=\"Prinzipal Finger Food Ju Aesthetic\" aria-describedby=\"gallery-1-2187\" srcset=\"https:\/\/www.ju-aesthetic.de\/wp-content\/uploads\/2023\/07\/IMG-20230712-WA0103-225x300.jpg 225w, https:\/\/www.ju-aesthetic.de\/wp-content\/uploads\/2023\/07\/IMG-20230712-WA0103-768x1024.jpg 768w, https:\/\/www.ju-aesthetic.de\/wp-content\/uploads\/2023\/07\/IMG-20230712-WA0103-1152x1536.jpg 1152w, https:\/\/www.ju-aesthetic.de\/wp-content\/uploads\/2023\/07\/IMG-20230712-WA0103.jpg 1536w\" sizes=\"(max-width: 225px) 100vw, 225px\" \/><\/a>\n\t\t\t<\/div>\n\t\t\t\t<figcaption class='wp-caption-text gallery-caption' id='gallery-1-2187'>\n\t\t\t\tFinger Food von Prinzipal Catering\n\t\t\t\t<\/figcaption><\/figure><figure class='gallery-item'>\n\t\t\t<div class='gallery-icon portrait'>\n\t\t\t\t<a data-elementor-open-lightbox=\"yes\" data-elementor-lightbox-slideshow=\"f7973ab\" data-elementor-lightbox-title=\"Julia Kiefl Sylvia Augustin\" data-e-action-hash=\"#elementor-action%3Aaction%3Dlightbox%26settings%3DeyJpZCI6MjE4MCwidXJsIjoiaHR0cHM6XC9cL3d3dy5qdS1hZXN0aGV0aWMuZGVcL3dwLWNvbnRlbnRcL3VwbG9hZHNcLzIwMjNcLzA3XC9GYWNlQXBwXzE2ODkyNzE1MDgxMTcuanBnIiwic2xpZGVzaG93IjoiZjc5NzNhYiJ9\" href='https:\/\/www.ju-aesthetic.de\/wp-content\/uploads\/2023\/07\/FaceApp_1689271508117.jpg'><img loading=\"lazy\" decoding=\"async\" width=\"225\" height=\"300\" src=\"https:\/\/www.ju-aesthetic.de\/wp-content\/uploads\/2023\/07\/FaceApp_1689271508117-225x300.jpg\" class=\"attachment-medium size-medium\" alt=\"Sylvia Augustin Julia Kiefl\" aria-describedby=\"gallery-1-2180\" srcset=\"https:\/\/www.ju-aesthetic.de\/wp-content\/uploads\/2023\/07\/FaceApp_1689271508117-225x300.jpg 225w, https:\/\/www.ju-aesthetic.de\/wp-content\/uploads\/2023\/07\/FaceApp_1689271508117-768x1024.jpg 768w, https:\/\/www.ju-aesthetic.de\/wp-content\/uploads\/2023\/07\/FaceApp_1689271508117-1152x1536.jpg 1152w, https:\/\/www.ju-aesthetic.de\/wp-content\/uploads\/2023\/07\/FaceApp_1689271508117.jpg 1536w\" sizes=\"(max-width: 225px) 100vw, 225px\" \/><\/a>\n\t\t\t<\/div>\n\t\t\t\t<figcaption class='wp-caption-text gallery-caption' id='gallery-1-2180'>\n\t\t\t\tJulia mit  Sylvia \n\t\t\t\t<\/figcaption><\/figure><figure class='gallery-item'>\n\t\t\t<div class='gallery-icon portrait'>\n\t\t\t\t<a data-elementor-open-lightbox=\"yes\" data-elementor-lightbox-slideshow=\"f7973ab\" data-elementor-lightbox-title=\"Ju Aesthetic\" data-e-action-hash=\"#elementor-action%3Aaction%3Dlightbox%26settings%3DeyJpZCI6MjE4MywidXJsIjoiaHR0cHM6XC9cL3d3dy5qdS1hZXN0aGV0aWMuZGVcL3dwLWNvbnRlbnRcL3VwbG9hZHNcLzIwMjNcLzA3XC9JTUctMjAyMzA3MTItV0EwMDY2LmpwZyIsInNsaWRlc2hvdyI6ImY3OTczYWIifQ%3D%3D\" href='https:\/\/www.ju-aesthetic.de\/wp-content\/uploads\/2023\/07\/IMG-20230712-WA0066.jpg'><img loading=\"lazy\" decoding=\"async\" width=\"225\" height=\"300\" src=\"https:\/\/www.ju-aesthetic.de\/wp-content\/uploads\/2023\/07\/IMG-20230712-WA0066-225x300.jpg\" class=\"attachment-medium size-medium\" alt=\"Blumen\" aria-describedby=\"gallery-1-2183\" srcset=\"https:\/\/www.ju-aesthetic.de\/wp-content\/uploads\/2023\/07\/IMG-20230712-WA0066-225x300.jpg 225w, https:\/\/www.ju-aesthetic.de\/wp-content\/uploads\/2023\/07\/IMG-20230712-WA0066-768x1024.jpg 768w, https:\/\/www.ju-aesthetic.de\/wp-content\/uploads\/2023\/07\/IMG-20230712-WA0066-1152x1536.jpg 1152w, https:\/\/www.ju-aesthetic.de\/wp-content\/uploads\/2023\/07\/IMG-20230712-WA0066.jpg 1536w\" sizes=\"(max-width: 225px) 100vw, 225px\" \/><\/a>\n\t\t\t<\/div>\n\t\t\t\t<figcaption class='wp-caption-text gallery-caption' id='gallery-1-2183'>\n\t\t\t\tWundersch\u00f6ne Geschenke\n\t\t\t\t<\/figcaption><\/figure><figure class='gallery-item'>\n\t\t\t<div class='gallery-icon portrait'>\n\t\t\t\t<a data-elementor-open-lightbox=\"yes\" data-elementor-lightbox-slideshow=\"f7973ab\" data-elementor-lightbox-title=\"Victoria Hoffmeister Cherin D\u00fcrr\" data-e-action-hash=\"#elementor-action%3Aaction%3Dlightbox%26settings%3DeyJpZCI6MjE4MiwidXJsIjoiaHR0cHM6XC9cL3d3dy5qdS1hZXN0aGV0aWMuZGVcL3dwLWNvbnRlbnRcL3VwbG9hZHNcLzIwMjNcLzA3XC9JTUctMjAyMzA3MTItV0EwMDU3LmpwZyIsInNsaWRlc2hvdyI6ImY3OTczYWIifQ%3D%3D\" href='https:\/\/www.ju-aesthetic.de\/wp-content\/uploads\/2023\/07\/IMG-20230712-WA0057.jpg'><img loading=\"lazy\" decoding=\"async\" width=\"225\" height=\"300\" src=\"https:\/\/www.ju-aesthetic.de\/wp-content\/uploads\/2023\/07\/IMG-20230712-WA0057-225x300.jpg\" class=\"attachment-medium size-medium\" alt=\"Cherin D\u00fcrr Victoria Hoffmeister\" aria-describedby=\"gallery-1-2182\" srcset=\"https:\/\/www.ju-aesthetic.de\/wp-content\/uploads\/2023\/07\/IMG-20230712-WA0057-225x300.jpg 225w, https:\/\/www.ju-aesthetic.de\/wp-content\/uploads\/2023\/07\/IMG-20230712-WA0057.jpg 768w\" sizes=\"(max-width: 225px) 100vw, 225px\" \/><\/a>\n\t\t\t<\/div>\n\t\t\t\t<figcaption class='wp-caption-text gallery-caption' id='gallery-1-2182'>\n\t\t\t\tJulia mit ihren Kolleginnen Victoria und Cherin\n\t\t\t\t<\/figcaption><\/figure><figure class='gallery-item'>\n\t\t\t<div class='gallery-icon portrait'>\n\t\t\t\t<a data-elementor-open-lightbox=\"yes\" data-elementor-lightbox-slideshow=\"f7973ab\" data-elementor-lightbox-title=\"Kuchentr\u00e4ume Kolbermoor Ju Aesthetic\" data-e-action-hash=\"#elementor-action%3Aaction%3Dlightbox%26settings%3DeyJpZCI6MjE4NiwidXJsIjoiaHR0cHM6XC9cL3d3dy5qdS1hZXN0aGV0aWMuZGVcL3dwLWNvbnRlbnRcL3VwbG9hZHNcLzIwMjNcLzA3XC9JTUctMjAyMzA3MTItV0EwMTAxLmpwZyIsInNsaWRlc2hvdyI6ImY3OTczYWIifQ%3D%3D\" href='https:\/\/www.ju-aesthetic.de\/wp-content\/uploads\/2023\/07\/IMG-20230712-WA0101.jpg'><img loading=\"lazy\" decoding=\"async\" width=\"225\" height=\"300\" src=\"https:\/\/www.ju-aesthetic.de\/wp-content\/uploads\/2023\/07\/IMG-20230712-WA0101-225x300.jpg\" class=\"attachment-medium size-medium\" alt=\"Kuchentr\u00e4ume\" aria-describedby=\"gallery-1-2186\" srcset=\"https:\/\/www.ju-aesthetic.de\/wp-content\/uploads\/2023\/07\/IMG-20230712-WA0101-225x300.jpg 225w, https:\/\/www.ju-aesthetic.de\/wp-content\/uploads\/2023\/07\/IMG-20230712-WA0101-768x1024.jpg 768w, https:\/\/www.ju-aesthetic.de\/wp-content\/uploads\/2023\/07\/IMG-20230712-WA0101-1152x1536.jpg 1152w, https:\/\/www.ju-aesthetic.de\/wp-content\/uploads\/2023\/07\/IMG-20230712-WA0101.jpg 1536w\" sizes=\"(max-width: 225px) 100vw, 225px\" \/><\/a>\n\t\t\t<\/div>\n\t\t\t\t<figcaption class='wp-caption-text gallery-caption' id='gallery-1-2186'>\n\t\t\t\tDessert von Kuchentr\u00e4ume Birgit Ertl\n\t\t\t\t<\/figcaption><\/figure><figure class='gallery-item'>\n\t\t\t<div class='gallery-icon portrait'>\n\t\t\t\t<a data-elementor-open-lightbox=\"yes\" data-elementor-lightbox-slideshow=\"f7973ab\" data-elementor-lightbox-title=\"Flamingo Ju Aesthetic\" data-e-action-hash=\"#elementor-action%3Aaction%3Dlightbox%26settings%3DeyJpZCI6MjE4OCwidXJsIjoiaHR0cHM6XC9cL3d3dy5qdS1hZXN0aGV0aWMuZGVcL3dwLWNvbnRlbnRcL3VwbG9hZHNcLzIwMjNcLzA3XC9JTUctMjAyMzA3MTMtV0EwMDA1LmpwZyIsInNsaWRlc2hvdyI6ImY3OTczYWIifQ%3D%3D\" href='https:\/\/www.ju-aesthetic.de\/wp-content\/uploads\/2023\/07\/IMG-20230713-WA0005.jpg'><img loading=\"lazy\" decoding=\"async\" width=\"225\" height=\"300\" src=\"https:\/\/www.ju-aesthetic.de\/wp-content\/uploads\/2023\/07\/IMG-20230713-WA0005-225x300.jpg\" class=\"attachment-medium size-medium\" alt=\"Flamingo Ju Aesthetic\" aria-describedby=\"gallery-1-2188\" srcset=\"https:\/\/www.ju-aesthetic.de\/wp-content\/uploads\/2023\/07\/IMG-20230713-WA0005-225x300.jpg 225w, https:\/\/www.ju-aesthetic.de\/wp-content\/uploads\/2023\/07\/IMG-20230713-WA0005-768x1024.jpg 768w, https:\/\/www.ju-aesthetic.de\/wp-content\/uploads\/2023\/07\/IMG-20230713-WA0005-1152x1536.jpg 1152w, https:\/\/www.ju-aesthetic.de\/wp-content\/uploads\/2023\/07\/IMG-20230713-WA0005.jpg 1536w\" sizes=\"(max-width: 225px) 100vw, 225px\" \/><\/a>\n\t\t\t<\/div>\n\t\t\t\t<figcaption class='wp-caption-text gallery-caption' id='gallery-1-2188'>\n\t\t\t\tFlamingo Dekoration\n\t\t\t\t<\/figcaption><\/figure><figure class='gallery-item'>\n\t\t\t<div class='gallery-icon portrait'>\n\t\t\t\t<a data-elementor-open-lightbox=\"yes\" data-elementor-lightbox-slideshow=\"f7973ab\" data-elementor-lightbox-title=\"Julia Kiefl Marius Muerth\" data-e-action-hash=\"#elementor-action%3Aaction%3Dlightbox%26settings%3DeyJpZCI6MjE4OSwidXJsIjoiaHR0cHM6XC9cL3d3dy5qdS1hZXN0aGV0aWMuZGVcL3dwLWNvbnRlbnRcL3VwbG9hZHNcLzIwMjNcLzA3XC9JTUctMjAyMzA3MTMtV0EwMDA2LmpwZyIsInNsaWRlc2hvdyI6ImY3OTczYWIifQ%3D%3D\" href='https:\/\/www.ju-aesthetic.de\/wp-content\/uploads\/2023\/07\/IMG-20230713-WA0006.jpg'><img loading=\"lazy\" decoding=\"async\" width=\"225\" height=\"300\" src=\"https:\/\/www.ju-aesthetic.de\/wp-content\/uploads\/2023\/07\/IMG-20230713-WA0006-225x300.jpg\" class=\"attachment-medium size-medium\" alt=\"Ju Aesthetic\" aria-describedby=\"gallery-1-2189\" srcset=\"https:\/\/www.ju-aesthetic.de\/wp-content\/uploads\/2023\/07\/IMG-20230713-WA0006-225x300.jpg 225w, https:\/\/www.ju-aesthetic.de\/wp-content\/uploads\/2023\/07\/IMG-20230713-WA0006-768x1024.jpg 768w, https:\/\/www.ju-aesthetic.de\/wp-content\/uploads\/2023\/07\/IMG-20230713-WA0006-1152x1536.jpg 1152w, https:\/\/www.ju-aesthetic.de\/wp-content\/uploads\/2023\/07\/IMG-20230713-WA0006.jpg 1536w\" sizes=\"(max-width: 225px) 100vw, 225px\" \/><\/a>\n\t\t\t<\/div>\n\t\t\t\t<figcaption class='wp-caption-text gallery-caption' id='gallery-1-2189'>\n\t\t\t\tJulia mit Marius\n\t\t\t\t<\/figcaption><\/figure><figure class='gallery-item'>\n\t\t\t<div class='gallery-icon portrait'>\n\t\t\t\t<a data-elementor-open-lightbox=\"yes\" data-elementor-lightbox-slideshow=\"f7973ab\" data-elementor-lightbox-title=\"Getr\u00e4nke\" data-e-action-hash=\"#elementor-action%3Aaction%3Dlightbox%26settings%3DeyJpZCI6MjE5MCwidXJsIjoiaHR0cHM6XC9cL3d3dy5qdS1hZXN0aGV0aWMuZGVcL3dwLWNvbnRlbnRcL3VwbG9hZHNcLzIwMjNcLzA3XC9JTUctMjAyMzA3MTMtV0EwMDMzLmpwZyIsInNsaWRlc2hvdyI6ImY3OTczYWIifQ%3D%3D\" href='https:\/\/www.ju-aesthetic.de\/wp-content\/uploads\/2023\/07\/IMG-20230713-WA0033.jpg'><img loading=\"lazy\" decoding=\"async\" width=\"225\" height=\"300\" src=\"https:\/\/www.ju-aesthetic.de\/wp-content\/uploads\/2023\/07\/IMG-20230713-WA0033-225x300.jpg\" class=\"attachment-medium size-medium\" alt=\"Getr\u00e4nke Franz Stettner\" aria-describedby=\"gallery-1-2190\" srcset=\"https:\/\/www.ju-aesthetic.de\/wp-content\/uploads\/2023\/07\/IMG-20230713-WA0033-225x300.jpg 225w, https:\/\/www.ju-aesthetic.de\/wp-content\/uploads\/2023\/07\/IMG-20230713-WA0033-768x1024.jpg 768w, https:\/\/www.ju-aesthetic.de\/wp-content\/uploads\/2023\/07\/IMG-20230713-WA0033-1152x1536.jpg 1152w, https:\/\/www.ju-aesthetic.de\/wp-content\/uploads\/2023\/07\/IMG-20230713-WA0033.jpg 1536w\" sizes=\"(max-width: 225px) 100vw, 225px\" \/><\/a>\n\t\t\t<\/div>\n\t\t\t\t<figcaption class='wp-caption-text gallery-caption' id='gallery-1-2190'>\n\t\t\t\tBrunnen Bar von Franz Stettner\n\t\t\t\t<\/figcaption><\/figure><figure class='gallery-item'>\n\t\t\t<div class='gallery-icon landscape'>\n\t\t\t\t<a data-elementor-open-lightbox=\"yes\" data-elementor-lightbox-slideshow=\"f7973ab\" data-elementor-lightbox-title=\"Geschenke Ju Aesthetic\" data-e-action-hash=\"#elementor-action%3Aaction%3Dlightbox%26settings%3DeyJpZCI6MjE4MSwidXJsIjoiaHR0cHM6XC9cL3d3dy5qdS1hZXN0aGV0aWMuZGVcL3dwLWNvbnRlbnRcL3VwbG9hZHNcLzIwMjNcLzA3XC9JTUdfMjAyMzA3MTRfMjExNjQ2XzgwNi1zY2FsZWQuanBnIiwic2xpZGVzaG93IjoiZjc5NzNhYiJ9\" href='https:\/\/www.ju-aesthetic.de\/wp-content\/uploads\/2023\/07\/IMG_20230714_211646_806-scaled.jpg'><img loading=\"lazy\" decoding=\"async\" width=\"300\" height=\"268\" src=\"https:\/\/www.ju-aesthetic.de\/wp-content\/uploads\/2023\/07\/IMG_20230714_211646_806-300x268.jpg\" class=\"attachment-medium size-medium\" alt=\"Ju Aesthetic\" aria-describedby=\"gallery-1-2181\" srcset=\"https:\/\/www.ju-aesthetic.de\/wp-content\/uploads\/2023\/07\/IMG_20230714_211646_806-300x268.jpg 300w, https:\/\/www.ju-aesthetic.de\/wp-content\/uploads\/2023\/07\/IMG_20230714_211646_806-1024x916.jpg 1024w, https:\/\/www.ju-aesthetic.de\/wp-content\/uploads\/2023\/07\/IMG_20230714_211646_806-768x687.jpg 768w, https:\/\/www.ju-aesthetic.de\/wp-content\/uploads\/2023\/07\/IMG_20230714_211646_806-1536x1374.jpg 1536w, https:\/\/www.ju-aesthetic.de\/wp-content\/uploads\/2023\/07\/IMG_20230714_211646_806-2048x1832.jpg 2048w\" sizes=\"(max-width: 300px) 100vw, 300px\" \/><\/a>\n\t\t\t<\/div>\n\t\t\t\t<figcaption class='wp-caption-text gallery-caption' id='gallery-1-2181'>\n\t\t\t\tVielen Dank an alle Beteiligten\n\t\t\t\t<\/figcaption><\/figure>\n\t\t<\/div>\n\t\t<\/div>\n\t\t\t\t\t\t<\/div>\n\t\t\t\t<\/div>\n\t\t\t\t\t<\/div>\n\t\t\t\t<\/div>\n\t\t<div class=\"elementor-element elementor-element-54d445a e-flex e-con-boxed e-con e-parent\" data-id=\"54d445a\" data-element_type=\"container\">\n\t\t\t\t\t<div class=\"e-con-inner\">\n\t\t\t\t<div class=\"elementor-element elementor-element-be440ce elementor-widget elementor-widget-text-editor\" data-id=\"be440ce\" data-element_type=\"widget\" data-widget_type=\"text-editor.default\">\n\t\t\t\t<div class=\"elementor-widget-container\">\n\t\t\t\t\t\t\t\t\t<div dir=\"auto\">Das Opening Event der \u00e4sthetischen Privatpraxis von Ju Aesthetic am 12. Juli 2023 war ein voller Erfolg. Trotz des leichten Nieselregens war die Stimmung von Anfang an ausgelassen und fr\u00f6hlich. \u00dcber 100 geladene G\u00e4ste waren anwesend und hatten die M\u00f6glichkeit, unter einem gro\u00dfen Pavillon und mehreren Schirmen Schutz zu suchen und das k\u00f6stliche flying Fingerfood Buffet von <a href=\"https:\/\/www.prinzipal-catering.de\/\">Prinzipal Catering<\/a> zu genie\u00dfen.<\/div><div dir=\"auto\">\u00a0<\/div><div dir=\"auto\">Die Getr\u00e4nke, geliefert von <a href=\"https:\/\/www.franz-stettner.com\">Franz Stettner<\/a>, lie\u00dfen keine W\u00fcnsche offen. Hervorragender Prosecco, Ros\u00e9 und Wei\u00dfwein direkt aus dem mit Eis gef\u00fclltem Brunnen sorgten f\u00fcr einen genussvollen Abend. Als besonderes Highlight gab es kleine Zitronen Gugelhupf mit dem Logo der Praxis als Dessert &#8211; eine s\u00fc\u00dfe und kreative Idee von der <a href=\"https:\/\/www.konditorei-kuchentraeume.de\">Konditorei Kuchentr\u00e4ume<\/a>.<\/div><div dir=\"auto\">\u00a0<\/div><div dir=\"auto\">Die Inhaberin Julia Kiefl \u00a0begr\u00fc\u00dfte ihre G\u00e4ste nat\u00fcrlich pers\u00f6nlich am wundersch\u00f6nen Eingang des Reschenhofs in Happing und empfing sie mit einem Glas Prosecco. Anschlie\u00dfend durfte jeder den wundersch\u00f6nen privaten Rosengarten erkunden und dabei leckeres Essen und gute Gesellschaft genie\u00dfen. Die M\u00f6glichkeit, die Praxis und alle R\u00e4umlichkeiten zu besichtigen und genau zu inspizieren, stie\u00df bei den G\u00e4sten auf gro\u00dfes Interesse. Im Wartebereich wurden intensive Gespr\u00e4che gef\u00fchrt und im Drip Spa Infusionsraum konnten sich die G\u00e4ste entspannen. F\u00fcr die musikalische Unterhaltung sorgte ein DJ, der in den Garten Sundowner Atmosph\u00e4re zauberte.<\/div><div dir=\"auto\">\u00a0<\/div><div dir=\"auto\">Insgesamt war das Event ein voller Erfolg. Die Stimmung war ausgelassen und die G\u00e4ste f\u00fchlten sich wohl. Es war eine wunderbare Gelegenheit, die \u00e4sthetische Privatpraxis von Ju Aesthetic kennenzulernen und sich mit anderen Menschen auszutauschen. Wir freuen uns bereits auf die n\u00e4chste Party bei Ju Aesthetic und sind gespannt, was uns dort erwartet.<\/div>\t\t\t\t\t\t\t\t<\/div>\n\t\t\t\t<\/div>\n\t\t\t\t\t<\/div>\n\t\t\t\t<\/div>\n\t\t\t\t<\/div>\n\t\t","protected":false},"excerpt":{"rendered":"<p>Unser Opening Event am 12. Juli 2023 Julia begr\u00fc\u00dfte die G\u00e4ste Traudi beim Aufbau Give aways f\u00fcr G\u00e4ste von Galderma und der Rosen Apotheke Finger Food von Prinzipal Catering Julia mit Sylvia Wundersch\u00f6ne Geschenke Julia mit ihren Kolleginnen Victoria und Cherin Dessert von Kuchentr\u00e4ume Birgit Ertl Flamingo Dekoration Julia mit Marius Brunnen Bar von Franz [&hellip;]<\/p>\n","protected":false},"author":1,"featured_media":0,"parent":0,"menu_order":0,"comment_status":"closed","ping_status":"closed","template":"","meta":{"footnotes":""},"class_list":["post-600","page","type-page","status-publish","hentry"],"_links":{"self":[{"href":"https:\/\/www.ju-aesthetic.de\/index.php?rest_route=\/wp\/v2\/pages\/600","targetHints":{"allow":["GET"]}}],"collection":[{"href":"https:\/\/www.ju-aesthetic.de\/index.php?rest_route=\/wp\/v2\/pages"}],"about":[{"href":"https:\/\/www.ju-aesthetic.de\/index.php?rest_route=\/wp\/v2\/types\/page"}],"author":[{"embeddable":true,"href":"https:\/\/www.ju-aesthetic.de\/index.php?rest_route=\/wp\/v2\/users\/1"}],"replies":[{"embeddable":true,"href":"https:\/\/www.ju-aesthetic.de\/index.php?rest_route=%2Fwp%2Fv2%2Fcomments&post=600"}],"version-history":[{"count":34,"href":"https:\/\/www.ju-aesthetic.de\/index.php?rest_route=\/wp\/v2\/pages\/600\/revisions"}],"predecessor-version":[{"id":2724,"href":"https:\/\/www.ju-aesthetic.de\/index.php?rest_route=\/wp\/v2\/pages\/600\/revisions\/2724"}],"wp:attachment":[{"href":"https:\/\/www.ju-aesthetic.de\/index.php?rest_route=%2Fwp%2Fv2%2Fmedia&parent=600"}],"curies":[{"name":"wp","href":"https:\/\/api.w.org\/{rel}","templated":true}]}}