{"id":286,"date":"2023-04-15T10:24:55","date_gmt":"2023-04-15T10:24:55","guid":{"rendered":"http:\/\/www.ju-aesthetic.de\/?page_id=286"},"modified":"2026-03-02T08:42:33","modified_gmt":"2026-03-02T08:42:33","slug":"standort","status":"publish","type":"page","link":"https:\/\/www.ju-aesthetic.de\/?page_id=286","title":{"rendered":"Julia Kiefl"},"content":{"rendered":"\t\t<div data-elementor-type=\"wp-page\" data-elementor-id=\"286\" class=\"elementor elementor-286\" data-elementor-post-type=\"page\">\n\t\t\t\t<div class=\"elementor-element elementor-element-738d575b e-flex e-con-boxed e-con e-parent\" data-id=\"738d575b\" data-element_type=\"container\">\n\t\t\t\t\t<div class=\"e-con-inner\">\n\t\t\t\t<div class=\"elementor-element elementor-element-c334b95 elementor-widget elementor-widget-image\" data-id=\"c334b95\" data-element_type=\"widget\" data-widget_type=\"image.default\">\n\t\t\t\t<div class=\"elementor-widget-container\">\n\t\t\t\t\t\t\t\t\t\t\t\t\t\t\t<img fetchpriority=\"high\" decoding=\"async\" width=\"800\" height=\"534\" src=\"https:\/\/www.ju-aesthetic.de\/wp-content\/uploads\/2023\/10\/DSC01608-1024x683.jpg\" class=\"attachment-large size-large wp-image-2242\" alt=\"Julia Kiefl\" srcset=\"https:\/\/www.ju-aesthetic.de\/wp-content\/uploads\/2023\/10\/DSC01608-1024x683.jpg 1024w, https:\/\/www.ju-aesthetic.de\/wp-content\/uploads\/2023\/10\/DSC01608-300x200.jpg 300w, https:\/\/www.ju-aesthetic.de\/wp-content\/uploads\/2023\/10\/DSC01608-768x512.jpg 768w, https:\/\/www.ju-aesthetic.de\/wp-content\/uploads\/2023\/10\/DSC01608-1536x1024.jpg 1536w, https:\/\/www.ju-aesthetic.de\/wp-content\/uploads\/2023\/10\/DSC01608.jpg 1920w\" sizes=\"(max-width: 800px) 100vw, 800px\" \/>\t\t\t\t\t\t\t\t\t\t\t\t\t\t\t<\/div>\n\t\t\t\t<\/div>\n\t\t<div class=\"elementor-element elementor-element-65804ae2 e-con-full e-flex e-con e-child\" data-id=\"65804ae2\" data-element_type=\"container\">\n\t\t\t\t<div class=\"elementor-element elementor-element-1111e63a elementor-widget elementor-widget-text-editor\" data-id=\"1111e63a\" data-element_type=\"widget\" data-widget_type=\"text-editor.default\">\n\t\t\t\t<div class=\"elementor-widget-container\">\n\t\t\t\t\t\t\t\t\t<div dir=\"auto\">Julia, das bin ich, die Inhaberin und \u00c4rztin von Ju Aesthetic.<\/div><div dir=\"auto\">\u00a0<\/div><div dir=\"auto\"><span style=\"color: #800000;\"><strong>Deine Spezialistin f\u00fcr \u00c4sthetische minimalinvasive Medizin in Rosenheim.<\/strong><\/span><\/div><div dir=\"auto\">\u00a0<\/div><div dir=\"auto\">Nach meinem Medizin (und Pharmazie) Studium an den Elite Universit\u00e4ten LMU und TU in M\u00fcnchen und dem Erhalt meiner Approbation 2008, absolvierte ich eine 7-j\u00e4hrige allgemeinchirurgische Ausbildung an der RoMed Klinik Prien am Chiemsee. Anschlie\u00dfend spezialisierte ich mich auf den Bereich der medizinischen \u00c4sthetik. Bis zur Gr\u00fcndung meiner eigenen Praxis 2023 durfte ich bei Amosaro in Rosenheim arbeiten.<\/div><div dir=\"auto\">\u00a0<\/div><div dir=\"auto\">Seit 2023 bin ich als selbstst\u00e4ndige \u00c4rztin in meiner eigenen Praxis Ju Aesthetic in Rosenheim t\u00e4tig. Mein Spezialgebiet sind \u00e4sthetische <a href=\"https:\/\/www.ju-aesthetic.de\/?page_id=219\">Unterspritzungen aller Art<\/a>, <a href=\"https:\/\/www.ju-aesthetic.de\/?page_id=606\">Kollagen Aufbau mit Biostimulatoren<\/a>, <a href=\"https:\/\/www.ju-aesthetic.de\/?page_id=608\">Fadenliftings<\/a>, <a href=\"https:\/\/www.ju-aesthetic.de\/?page_id=610\">Infusionstherapien<\/a>, <a href=\"https:\/\/www.ju-aesthetic.de\/?page_id=634\">Gesichtsanalyse<\/a>, <a href=\"https:\/\/www.ju-aesthetic.de\/?page_id=649\">Anti-Aging<\/a> und allgemeine <a href=\"https:\/\/www.ju-aesthetic.de\/?page_id=634\">Gesundheitsberatung<\/a>. Durch meine jahrelange Erfahrung und Expertise zeichnet sich meine Arbeit durch h\u00f6chste Professionalit\u00e4t und Kompetenz aus. Insbesondere im Bereich <a href=\"https:\/\/www.ju-aesthetic.de\/?page_id=604\">Botulinumtoxin<\/a> habe ich sehr viel Erfahrung mit mehr als 25.000 durchgef\u00fchrten Behandlungen.\u00a0<\/div><div dir=\"auto\">\u00a0<\/div><div dir=\"auto\">Als Mitglied der <a href=\"https:\/\/www.dgbt.de\/\">DGBT (Deutsche Gesellschaft f\u00fcr Botulinumtoxin)<\/a>, des GAIN Netzwerks von Galderma\u00ae und Markenbotschafterin von Restylane\u00ae bin ich stets auf dem neuesten Stand der Entwicklungen auf dem Gebiet der \u00c4sthetischen Medizin. Ich gebe regelm\u00e4\u00dfig Workshops f\u00fcr \u00c4rzte und halte Vortr\u00e4ge auf nationalen \u00e4sthetischen Veranstaltungen. Zus\u00e4tzlich reise ich immer wieder international auf Kongresse und Fortbildungen (u. a. <a href=\"https:\/\/www.imcas.com\/en\">IMCAS Paris<\/a>, <a href=\"https:\/\/www.amwc-conference.com\/en\/home.html\">AMWC Monaco<\/a>, Dubai), um mein Wissen zu erweitern und mit den neuesten Techniken und Methoden vertraut zu werden.<\/div><div dir=\"auto\">\u00a0<\/div><div dir=\"auto\">Ich freue mich darauf, Dir ein umfassendes professionelles <a href=\"https:\/\/www.ju-aesthetic.de\/?page_id=634\">Beratungsgespr\u00e4ch<\/a> zu bieten und dabei zu helfen, die besten und individuell auf Dich abgestimmten Behandlungen zu finden.<\/div><div dir=\"auto\">Vereinbare Dir gerne einen <a href=\"https:\/\/www.ju-aesthetic.de\/?page_id=296\">pers\u00f6nlichen Termin<\/a> mit mir in meiner <a href=\"https:\/\/www.ju-aesthetic.de\/?page_id=642\">Praxis in Rosenheim<\/a> und lass Dich von meiner Expertise und Einf\u00fchlungsverm\u00f6gen \u00fcberzeugen.<\/div><p>Mehr von meiner Arbeit und meinem Leben zeige ich auf meinem <a href=\"https:\/\/www.instagram.com\/ju.aesthetic.ro\/\">Instagram Account<\/a>.<\/p>\t\t\t\t\t\t\t\t<\/div>\n\t\t\t\t<\/div>\n\t\t\t\t<div class=\"elementor-element elementor-element-2ce9da2 elementor-widget elementor-widget-spacer\" data-id=\"2ce9da2\" data-element_type=\"widget\" data-widget_type=\"spacer.default\">\n\t\t\t\t<div class=\"elementor-widget-container\">\n\t\t\t\t\t\t\t<div class=\"elementor-spacer\">\n\t\t\t<div class=\"elementor-spacer-inner\"><\/div>\n\t\t<\/div>\n\t\t\t\t\t\t<\/div>\n\t\t\t\t<\/div>\n\t\t\t\t<div class=\"elementor-element elementor-element-829 elementor-align-center elementor-widget elementor-widget-global elementor-global-829 elementor-widget-button\" data-id=\"829\" data-element_type=\"widget\" data-settings=\"{&quot;motion_fx_motion_fx_mouse&quot;:&quot;yes&quot;,&quot;_animation&quot;:&quot;none&quot;}\" data-widget_type=\"button.default\">\n\t\t\t\t<div class=\"elementor-widget-container\">\n\t\t\t\t\t\t\t\t\t<div class=\"elementor-button-wrapper\">\n\t\t\t\t\t<a class=\"elementor-button elementor-button-link elementor-size-sm\" href=\"https:\/\/www.doctolib.de\/arzt\/rosenheim\/julia-kiefl\" target=\"_blank\">\n\t\t\t\t\t\t<span class=\"elementor-button-content-wrapper\">\n\t\t\t\t\t\t\t\t\t<span class=\"elementor-button-text\">Online Terminvereinbarung<\/span>\n\t\t\t\t\t<\/span>\n\t\t\t\t\t<\/a>\n\t\t\t\t<\/div>\n\t\t\t\t\t\t\t\t<\/div>\n\t\t\t\t<\/div>\n\t\t\t\t<\/div>\n\t\t\t\t\t<\/div>\n\t\t\t\t<\/div>\n\t\t<div class=\"elementor-element elementor-element-4190542d e-flex e-con-boxed e-con e-parent\" data-id=\"4190542d\" data-element_type=\"container\" data-settings=\"{&quot;background_background&quot;:&quot;classic&quot;}\">\n\t\t\t\t\t<div class=\"e-con-inner\">\n\t\t\t\t<div class=\"elementor-element elementor-element-832 elementor-align-center elementor-widget elementor-widget-global elementor-global-832 elementor-widget-button\" data-id=\"832\" data-element_type=\"widget\" data-widget_type=\"button.default\">\n\t\t\t\t<div class=\"elementor-widget-container\">\n\t\t\t\t\t\t\t\t\t<div class=\"elementor-button-wrapper\">\n\t\t\t\t\t<a class=\"elementor-button elementor-button-link elementor-size-sm\" href=\"https:\/\/www.ju-aesthetic.de\/?page_id=221\" target=\"_blank\">\n\t\t\t\t\t\t<span class=\"elementor-button-content-wrapper\">\n\t\t\t\t\t\t\t\t\t<span class=\"elementor-button-text\">Kontakt           <\/span>\n\t\t\t\t\t<\/span>\n\t\t\t\t\t<\/a>\n\t\t\t\t<\/div>\n\t\t\t\t\t\t\t\t<\/div>\n\t\t\t\t<\/div>\n\t\t\t\t\t<\/div>\n\t\t\t\t<\/div>\n\t\t<div class=\"elementor-element elementor-element-bb8a8e0 e-flex e-con-boxed e-con e-parent\" data-id=\"bb8a8e0\" data-element_type=\"container\">\n\t\t\t\t\t<div class=\"e-con-inner\">\n\t\t\t\t<div class=\"elementor-element elementor-element-c4aafe7 elementor-widget elementor-widget-spacer\" data-id=\"c4aafe7\" data-element_type=\"widget\" data-widget_type=\"spacer.default\">\n\t\t\t\t<div class=\"elementor-widget-container\">\n\t\t\t\t\t\t\t<div class=\"elementor-spacer\">\n\t\t\t<div class=\"elementor-spacer-inner\"><\/div>\n\t\t<\/div>\n\t\t\t\t\t\t<\/div>\n\t\t\t\t<\/div>\n\t\t\t\t\t<\/div>\n\t\t\t\t<\/div>\n\t\t\t\t<\/div>\n\t\t","protected":false},"excerpt":{"rendered":"<p>Julia, das bin ich, die Inhaberin und \u00c4rztin von Ju Aesthetic.\u00a0Deine Spezialistin f\u00fcr \u00c4sthetische minimalinvasive Medizin in Rosenheim.\u00a0Nach meinem Medizin (und Pharmazie) Studium an den Elite Universit\u00e4ten LMU und TU in M\u00fcnchen und dem Erhalt meiner Approbation 2008, absolvierte ich eine 7-j\u00e4hrige allgemeinchirurgische Ausbildung an der RoMed Klinik Prien am Chiemsee. Anschlie\u00dfend spezialisierte ich mich [&hellip;]<\/p>\n","protected":false},"author":1,"featured_media":0,"parent":0,"menu_order":0,"comment_status":"closed","ping_status":"closed","template":"","meta":{"footnotes":""},"class_list":["post-286","page","type-page","status-publish","hentry"],"_links":{"self":[{"href":"https:\/\/www.ju-aesthetic.de\/index.php?rest_route=\/wp\/v2\/pages\/286","targetHints":{"allow":["GET"]}}],"collection":[{"href":"https:\/\/www.ju-aesthetic.de\/index.php?rest_route=\/wp\/v2\/pages"}],"about":[{"href":"https:\/\/www.ju-aesthetic.de\/index.php?rest_route=\/wp\/v2\/types\/page"}],"author":[{"embeddable":true,"href":"https:\/\/www.ju-aesthetic.de\/index.php?rest_route=\/wp\/v2\/users\/1"}],"replies":[{"embeddable":true,"href":"https:\/\/www.ju-aesthetic.de\/index.php?rest_route=%2Fwp%2Fv2%2Fcomments&post=286"}],"version-history":[{"count":93,"href":"https:\/\/www.ju-aesthetic.de\/index.php?rest_route=\/wp\/v2\/pages\/286\/revisions"}],"predecessor-version":[{"id":4547,"href":"https:\/\/www.ju-aesthetic.de\/index.php?rest_route=\/wp\/v2\/pages\/286\/revisions\/4547"}],"wp:attachment":[{"href":"https:\/\/www.ju-aesthetic.de\/index.php?rest_route=%2Fwp%2Fv2%2Fmedia&parent=286"}],"curies":[{"name":"wp","href":"https:\/\/api.w.org\/{rel}","templated":true}]}}