{"id":2632,"date":"2025-03-06T14:58:18","date_gmt":"2025-03-06T14:58:18","guid":{"rendered":"https:\/\/www.ju-aesthetic.de\/?page_id=2632"},"modified":"2025-03-29T11:12:46","modified_gmt":"2025-03-29T11:12:46","slug":"straffere-konturen","status":"publish","type":"page","link":"https:\/\/www.ju-aesthetic.de\/?page_id=2632","title":{"rendered":"Straffe Konturen"},"content":{"rendered":"\t\t<div data-elementor-type=\"wp-page\" data-elementor-id=\"2632\" class=\"elementor elementor-2632\" data-elementor-post-type=\"page\">\n\t\t\t\t<div class=\"elementor-element elementor-element-18cf6b8d e-con-full e-flex e-con e-parent\" data-id=\"18cf6b8d\" data-element_type=\"container\">\n\t\t\t\t<div class=\"elementor-element elementor-element-7d100e7d elementor-widget elementor-widget-heading\" data-id=\"7d100e7d\" data-element_type=\"widget\" data-widget_type=\"heading.default\">\n\t\t\t\t<div class=\"elementor-widget-container\">\n\t\t\t\t\t<h2 class=\"elementor-heading-title elementor-size-default\">STRAFFE KONTUREN<\/h2>\t\t\t\t<\/div>\n\t\t\t\t<\/div>\n\t\t\t\t<div class=\"elementor-element elementor-element-5ec46f57 elementor-widget elementor-widget-text-editor\" data-id=\"5ec46f57\" data-element_type=\"widget\" data-widget_type=\"text-editor.default\">\n\t\t\t\t<div class=\"elementor-widget-container\">\n\t\t\t\t\t\t\t\t\t<div dir=\"auto\"><div dir=\"auto\"><div dir=\"auto\">Mit zunehmendem Alter verliert die Haut an Elastizit\u00e4t und Festigkeit. Dies f\u00fchrt oft zu unerw\u00fcnschten Hauterschlaffungen und einem Verlust der Gesichtskonturen. Abgesehen von altersbedingten Ver\u00e4nderungen gibt es auch angeborene Faktoren, die zu Asymmetrien oder einer unzureichenden Knochenstruktur beitragen k\u00f6nnen (fliehendes Kinn, flaches Mittelgesicht oder schwach ausgepr\u00e4gte Jaw line). Gl\u00fccklicherweise stehen in der \u00e4sthetischen Medizin verschiedene Behandlungsm\u00f6glichkeiten zur Verf\u00fcgung, um diese Herausforderungen anzugehen.<\/div><div dir=\"auto\">\u00a0<\/div><div dir=\"auto\"><a href=\"https:\/\/www.ju-aesthetic.de\/?page_id=602\"><strong>Hyalurons\u00e4ure-Filler &#8211; Volumenaufbau und Verbesserung der Symmetrie<\/strong><\/a><\/div><div dir=\"auto\">\u00a0<\/div><div dir=\"auto\">Hyalurons\u00e4ure-Filler sind ideal zum Volumenaufbau und zum Ausgleich asymmetrischer Gesichtsstrukturen. Sie bieten sofort sichtbare Ergebnisse, indem sie das Hautvolumen erh\u00f6hen und Knochenstrukturen &#8222;imitieren&#8220;. Zu den Vorteilen geh\u00f6ren ihre nat\u00fcrliche Wirkung und die unkomplizierte, schnelle Behandlung. \u00a0Allerdings sind regelm\u00e4\u00dfige Auffrischungen n\u00f6tig, da die Effekte nicht dauerhaft sind.<\/div><div dir=\"auto\">\u00a0<\/div><div dir=\"auto\"><a href=\"https:\/\/www.ju-aesthetic.de\/?page_id=606\"><strong>Sculptra &#8211; Marktf\u00fchrer in Sachen Straffung durch Kollagenb<\/strong><strong>iostimulation\u00a0<\/strong><\/a><\/div><div dir=\"auto\">\u00a0<\/div><div dir=\"auto\">Sculptra ist eine innovative Methode zur Biostimulation mit Poly-L-Milchs\u00e4ure, die die k\u00f6rpereigene Kollagenproduktion anregt. Dies f\u00fchrt zu einer nat\u00fcrlichen Straffung und Festigung der Haut \u00fcber einen Zeitraum von mehreren Monaten. Zu den Vorteilen z\u00e4hlen lang anhaltende Effekte und eine langsam fortschreitende, f\u00fcr andere unauff\u00e4llige Verj\u00fcngung. Die Ergebnisse sind zumeist erst nach mehreren Sitzungen vollst\u00e4ndig sichtbar.<\/div><div dir=\"auto\">\u00a0<\/div><div dir=\"auto\"><a href=\"https:\/\/www.ju-aesthetic.de\/?page_id=608\"><strong>Fadenlifting &#8211; Sanfte Anhebung ohne OP<\/strong><\/a><\/div><div dir=\"auto\">\u00a0<\/div><div dir=\"auto\">Ein Fadenlifting eignet sich zur Verbesserung von leicht abgesunkener Haut oder als Prophylaxe gegen &#8222;H\u00e4ngeb\u00e4ckchen&#8220;. Dabei werden F\u00e4den aus sterilem, chirurgischen Nahtmaterial in die Haut eingef\u00fchrt, die bei ihrem nat\u00fcrlichem Abbau die Kollagenproduktion stimulieren. Die Methode ist minimal-invasiv (ohne Operation oder Narkose) und bietet sofortige Straffung. Die Erholungszeit deutlich k\u00fcrzer als bei chirurgischen Eingriffen. Die Effekte sind subtil und daher ideal zur Erg\u00e4nzung anderer Verfahren (z.B. Filler).<\/div><div dir=\"auto\">\u00a0<\/div><div dir=\"auto\"><a href=\"https:\/\/www.ju-aesthetic.de\/?page_id=640\"><strong>Eine\u00a0Besonderheit &#8211; Konturverbesserung bei M\u00e4nnern<\/strong><\/a>\u00a0<\/div><div dir=\"auto\">\u00a0<\/div><div dir=\"auto\">Gerade M\u00e4nner streben nach definierten Gesichtskonturen, sei es durch eine ausgepr\u00e4gte Jawline oder markante Wangenknochen. Behandlungen mit Hyalurons\u00e4ure und Sculptra sind auch hier effektiv und helfen, die Proportionen m\u00e4nnlicher Gesichtsz\u00fcge zu betonen. Wichtig ist die individuelle Beratung, um spezifische Maskulinit\u00e4tsmerkmale zu unterstreichen und ein harmonisches Erscheinungsbild zu wahren.<\/div><div dir=\"auto\">\u00a0<\/div><div dir=\"auto\">Durch diese modernen Verfahren k\u00f6nnen gezielt und effektiv Konturen im Gesicht aufgebaut oder erhalten werden, um ein harmonisches Erscheinungsbild zu schaffen. Bei einem individuellen <a href=\"https:\/\/www.ju-aesthetic.de\/?page_id=634\">Beratungstermin<\/a> in meiner <a href=\"https:\/\/www.ju-aesthetic.de\/?page_id=642\">Praxis<\/a> k\u00f6nnen wir \u00fcber alle M\u00f6glichkeiten sprechen, um Deine nat\u00fcrliche Sch\u00f6nheit zu unterstreichen.<\/div><div dir=\"auto\">Ich freue mich auf Dich!<\/div><\/div><\/div>\t\t\t\t\t\t\t\t<\/div>\n\t\t\t\t<\/div>\n\t\t\t\t<div class=\"elementor-element elementor-element-3beba43 elementor-widget elementor-widget-price-list\" data-id=\"3beba43\" data-element_type=\"widget\" data-widget_type=\"price-list.default\">\n\t\t\t\t<div class=\"elementor-widget-container\">\n\t\t\t\t\t\n\t\t<ul class=\"elementor-price-list\">\n\n\t\t\t\t\t\t\t\t\t<li><a class=\"elementor-price-list-item\" href=\"https:\/\/www.ju-aesthetic.de\/?page_id=602\">\t\t\t\t\n\t\t\t\t<div class=\"elementor-price-list-text\">\n\t\t\t\t\t\t\t\t\t<div class=\"elementor-price-list-header\">\n\t\t\t\t\t\t\t\t\t\t\t<span class=\"elementor-price-list-title\">\n\t\t\t\t\t\t\tKonturierung mit Filler\t\t\t\t\t\t<\/span>\n\t\t\t\t\t\t\t\t\t\t\t\t\t\t\t\t\t\t<span class=\"elementor-price-list-separator\"><\/span>\n\t\t\t\t\t\t\t\t\t\t\t\t\t\t\t\t\t\t\t<span class=\"elementor-price-list-price\">ab 390\u20ac<\/span>\n\t\t\t\t\t\t\t\t\t\t<\/div>\n\t\t\t\t\t\t\t\t\t\t\t\t\t\t\t<p class=\"elementor-price-list-description\">\n\t\t\t\t\t\t\tHyalurons\u00e4ure zum Aufbau von Kinn, Jawline oder Jochbogen \t\t\t\t\t\t<\/p>\n\t\t\t\t\t\t\t\t<\/div>\n\t\t\t\t<\/a><\/li>\t\t\t\t\t\t\t\t\t\t\t\t<li><a class=\"elementor-price-list-item\" href=\"https:\/\/www.ju-aesthetic.de\/?page_id=606\">\t\t\t\t\n\t\t\t\t<div class=\"elementor-price-list-text\">\n\t\t\t\t\t\t\t\t\t<div class=\"elementor-price-list-header\">\n\t\t\t\t\t\t\t\t\t\t\t<span class=\"elementor-price-list-title\">\n\t\t\t\t\t\t\tSculptra\t\t\t\t\t\t<\/span>\n\t\t\t\t\t\t\t\t\t\t\t\t\t\t\t\t\t\t<span class=\"elementor-price-list-separator\"><\/span>\n\t\t\t\t\t\t\t\t\t\t\t\t\t\t\t\t\t\t\t<span class=\"elementor-price-list-price\">ab 490\u20ac<\/span>\n\t\t\t\t\t\t\t\t\t\t<\/div>\n\t\t\t\t\t\t\t\t\t\t\t\t\t\t\t<p class=\"elementor-price-list-description\">\n\t\t\t\t\t\t\tKollagenstimulation mit Poly-L-Milchs\u00e4ure zu Straffung erschlaffter Haut\t\t\t\t\t\t<\/p>\n\t\t\t\t\t\t\t\t<\/div>\n\t\t\t\t<\/a><\/li>\t\t\t\t\t\t\t\t\t\t\t\t<li><a class=\"elementor-price-list-item\" href=\"https:\/\/www.ju-aesthetic.de\/?page_id=608\">\t\t\t\t\n\t\t\t\t<div class=\"elementor-price-list-text\">\n\t\t\t\t\t\t\t\t\t<div class=\"elementor-price-list-header\">\n\t\t\t\t\t\t\t\t\t\t\t<span class=\"elementor-price-list-title\">\n\t\t\t\t\t\t\tFadenlifting\t\t\t\t\t\t<\/span>\n\t\t\t\t\t\t\t\t\t\t\t\t\t\t\t\t\t\t<span class=\"elementor-price-list-separator\"><\/span>\n\t\t\t\t\t\t\t\t\t\t\t\t\t\t\t\t\t\t\t<span class=\"elementor-price-list-price\">ab 950\u20ac<\/span>\n\t\t\t\t\t\t\t\t\t\t<\/div>\n\t\t\t\t\t\t\t\t\t\t\t\t\t\t\t<p class=\"elementor-price-list-description\">\n\t\t\t\t\t\t\tAnhebende Fadenliftingbehandlung mit Widerhaken Molding F\u00e4den\t\t\t\t\t\t<\/p>\n\t\t\t\t\t\t\t\t<\/div>\n\t\t\t\t<\/a><\/li>\t\t\t\t\t\n\t\t<\/ul>\n\n\t\t\t\t\t\t<\/div>\n\t\t\t\t<\/div>\n\t\t\t\t<\/div>\n\t\t<div class=\"elementor-element elementor-element-e3a704c e-flex e-con-boxed e-con e-parent\" data-id=\"e3a704c\" data-element_type=\"container\">\n\t\t\t\t\t<div class=\"e-con-inner\">\n\t\t\t\t<div class=\"elementor-element elementor-element-2967 elementor-widget elementor-widget-global elementor-global-2967 elementor-widget-heading\" data-id=\"2967\" data-element_type=\"widget\" data-widget_type=\"heading.default\">\n\t\t\t\t<div class=\"elementor-widget-container\">\n\t\t\t\t\t<h3 class=\"elementor-heading-title elementor-size-default\">Die Preise richten sich  im Einzelfall stets nach den Vorgaben der GO\u00c4 und sind inkl. der gesetzl. MwSt.<\/h3>\t\t\t\t<\/div>\n\t\t\t\t<\/div>\n\t\t\t\t<div class=\"elementor-element elementor-element-b174a22 elementor-widget elementor-widget-spacer\" data-id=\"b174a22\" data-element_type=\"widget\" data-widget_type=\"spacer.default\">\n\t\t\t\t<div class=\"elementor-widget-container\">\n\t\t\t\t\t\t\t<div class=\"elementor-spacer\">\n\t\t\t<div class=\"elementor-spacer-inner\"><\/div>\n\t\t<\/div>\n\t\t\t\t\t\t<\/div>\n\t\t\t\t<\/div>\n\t\t\t\t\t<\/div>\n\t\t\t\t<\/div>\n\t\t<div class=\"elementor-element elementor-element-a43e9b5 e-flex e-con-boxed e-con e-parent\" data-id=\"a43e9b5\" data-element_type=\"container\">\n\t\t\t\t\t<div class=\"e-con-inner\">\n\t\t\t\t<div class=\"elementor-element elementor-element-829 elementor-align-center elementor-widget elementor-widget-global elementor-global-829 elementor-widget-button\" data-id=\"829\" data-element_type=\"widget\" data-settings=\"{&quot;motion_fx_motion_fx_mouse&quot;:&quot;yes&quot;,&quot;_animation&quot;:&quot;none&quot;}\" data-widget_type=\"button.default\">\n\t\t\t\t<div class=\"elementor-widget-container\">\n\t\t\t\t\t\t\t\t\t<div class=\"elementor-button-wrapper\">\n\t\t\t\t\t<a class=\"elementor-button elementor-button-link elementor-size-sm\" href=\"https:\/\/www.doctolib.de\/arzt\/rosenheim\/julia-kiefl\" target=\"_blank\">\n\t\t\t\t\t\t<span class=\"elementor-button-content-wrapper\">\n\t\t\t\t\t\t\t\t\t<span class=\"elementor-button-text\">Online Terminvereinbarung<\/span>\n\t\t\t\t\t<\/span>\n\t\t\t\t\t<\/a>\n\t\t\t\t<\/div>\n\t\t\t\t\t\t\t\t<\/div>\n\t\t\t\t<\/div>\n\t\t\t\t<div class=\"elementor-element elementor-element-832 elementor-align-center elementor-widget elementor-widget-global elementor-global-832 elementor-widget-button\" data-id=\"832\" data-element_type=\"widget\" data-widget_type=\"button.default\">\n\t\t\t\t<div class=\"elementor-widget-container\">\n\t\t\t\t\t\t\t\t\t<div class=\"elementor-button-wrapper\">\n\t\t\t\t\t<a class=\"elementor-button elementor-button-link elementor-size-sm\" href=\"https:\/\/www.ju-aesthetic.de\/?page_id=221\" target=\"_blank\">\n\t\t\t\t\t\t<span class=\"elementor-button-content-wrapper\">\n\t\t\t\t\t\t\t\t\t<span class=\"elementor-button-text\">Kontakt           <\/span>\n\t\t\t\t\t<\/span>\n\t\t\t\t\t<\/a>\n\t\t\t\t<\/div>\n\t\t\t\t\t\t\t\t<\/div>\n\t\t\t\t<\/div>\n\t\t\t\t\t<\/div>\n\t\t\t\t<\/div>\n\t\t<div class=\"elementor-element elementor-element-d3a38ec e-flex e-con-boxed e-con e-parent\" data-id=\"d3a38ec\" data-element_type=\"container\">\n\t\t\t\t\t<div class=\"e-con-inner\">\n\t\t\t\t<div class=\"elementor-element elementor-element-5d571c4 elementor-widget elementor-widget-spacer\" data-id=\"5d571c4\" data-element_type=\"widget\" data-widget_type=\"spacer.default\">\n\t\t\t\t<div class=\"elementor-widget-container\">\n\t\t\t\t\t\t\t<div class=\"elementor-spacer\">\n\t\t\t<div class=\"elementor-spacer-inner\"><\/div>\n\t\t<\/div>\n\t\t\t\t\t\t<\/div>\n\t\t\t\t<\/div>\n\t\t\t\t\t<\/div>\n\t\t\t\t<\/div>\n\t\t<div class=\"elementor-element elementor-element-eb1f51a e-flex e-con-boxed e-con e-parent\" data-id=\"eb1f51a\" data-element_type=\"container\">\n\t\t\t\t\t<div class=\"e-con-inner\">\n\t\t\t\t<div class=\"elementor-element elementor-element-b0dfa67 elementor-widget elementor-widget-image\" data-id=\"b0dfa67\" data-element_type=\"widget\" data-widget_type=\"image.default\">\n\t\t\t\t<div class=\"elementor-widget-container\">\n\t\t\t\t\t\t\t\t\t\t\t\t\t\t\t<img fetchpriority=\"high\" decoding=\"async\" width=\"683\" height=\"1024\" src=\"https:\/\/www.ju-aesthetic.de\/wp-content\/uploads\/2025\/03\/00568__L7A6818-683x1024.jpg\" class=\"attachment-large size-large wp-image-4060\" alt=\"Straffe Konturen\" srcset=\"https:\/\/www.ju-aesthetic.de\/wp-content\/uploads\/2025\/03\/00568__L7A6818-683x1024.jpg 683w, https:\/\/www.ju-aesthetic.de\/wp-content\/uploads\/2025\/03\/00568__L7A6818-200x300.jpg 200w, https:\/\/www.ju-aesthetic.de\/wp-content\/uploads\/2025\/03\/00568__L7A6818-768x1152.jpg 768w, https:\/\/www.ju-aesthetic.de\/wp-content\/uploads\/2025\/03\/00568__L7A6818-1024x1536.jpg 1024w, https:\/\/www.ju-aesthetic.de\/wp-content\/uploads\/2025\/03\/00568__L7A6818-1366x2048.jpg 1366w, https:\/\/www.ju-aesthetic.de\/wp-content\/uploads\/2025\/03\/00568__L7A6818-scaled.jpg 1707w\" sizes=\"(max-width: 683px) 100vw, 683px\" \/>\t\t\t\t\t\t\t\t\t\t\t\t\t\t\t<\/div>\n\t\t\t\t<\/div>\n\t\t\t\t\t<\/div>\n\t\t\t\t<\/div>\n\t\t\t\t<\/div>\n\t\t","protected":false},"excerpt":{"rendered":"<p>STRAFFE KONTUREN Mit zunehmendem Alter verliert die Haut an Elastizit\u00e4t und Festigkeit. Dies f\u00fchrt oft zu unerw\u00fcnschten Hauterschlaffungen und einem Verlust der Gesichtskonturen. Abgesehen von altersbedingten Ver\u00e4nderungen gibt es auch angeborene Faktoren, die zu Asymmetrien oder einer unzureichenden Knochenstruktur beitragen k\u00f6nnen (fliehendes Kinn, flaches Mittelgesicht oder schwach ausgepr\u00e4gte Jaw line). Gl\u00fccklicherweise stehen in der \u00e4sthetischen [&hellip;]<\/p>\n","protected":false},"author":1,"featured_media":0,"parent":0,"menu_order":0,"comment_status":"closed","ping_status":"closed","template":"","meta":{"footnotes":""},"class_list":["post-2632","page","type-page","status-publish","hentry"],"_links":{"self":[{"href":"https:\/\/www.ju-aesthetic.de\/index.php?rest_route=\/wp\/v2\/pages\/2632","targetHints":{"allow":["GET"]}}],"collection":[{"href":"https:\/\/www.ju-aesthetic.de\/index.php?rest_route=\/wp\/v2\/pages"}],"about":[{"href":"https:\/\/www.ju-aesthetic.de\/index.php?rest_route=\/wp\/v2\/types\/page"}],"author":[{"embeddable":true,"href":"https:\/\/www.ju-aesthetic.de\/index.php?rest_route=\/wp\/v2\/users\/1"}],"replies":[{"embeddable":true,"href":"https:\/\/www.ju-aesthetic.de\/index.php?rest_route=%2Fwp%2Fv2%2Fcomments&post=2632"}],"version-history":[{"count":26,"href":"https:\/\/www.ju-aesthetic.de\/index.php?rest_route=\/wp\/v2\/pages\/2632\/revisions"}],"predecessor-version":[{"id":4234,"href":"https:\/\/www.ju-aesthetic.de\/index.php?rest_route=\/wp\/v2\/pages\/2632\/revisions\/4234"}],"wp:attachment":[{"href":"https:\/\/www.ju-aesthetic.de\/index.php?rest_route=%2Fwp%2Fv2%2Fmedia&parent=2632"}],"curies":[{"name":"wp","href":"https:\/\/api.w.org\/{rel}","templated":true}]}}