{"id":2344,"date":"2024-01-28T19:23:30","date_gmt":"2024-01-28T19:23:30","guid":{"rendered":"https:\/\/www.ju-aesthetic.de\/?page_id=2344"},"modified":"2025-03-16T18:22:29","modified_gmt":"2025-03-16T18:22:29","slug":"lemon-bottle","status":"publish","type":"page","link":"https:\/\/www.ju-aesthetic.de\/?page_id=2344","title":{"rendered":"Lemon Bottle"},"content":{"rendered":"\t\t<div data-elementor-type=\"wp-page\" data-elementor-id=\"2344\" class=\"elementor elementor-2344\" data-elementor-post-type=\"page\">\n\t\t\t\t<div class=\"elementor-element elementor-element-171aea86 e-flex e-con-boxed e-con e-parent\" data-id=\"171aea86\" data-element_type=\"container\">\n\t\t\t\t\t<div class=\"e-con-inner\">\n\t\t<div class=\"elementor-element elementor-element-47762548 e-con-full e-flex e-con e-parent\" data-id=\"47762548\" data-element_type=\"container\">\n\t\t\t\t<div class=\"elementor-element elementor-element-4cc30910 elementor-widget-divider--view-line elementor-widget elementor-widget-divider\" data-id=\"4cc30910\" data-element_type=\"widget\" data-widget_type=\"divider.default\">\n\t\t\t\t<div class=\"elementor-widget-container\">\n\t\t\t\t\t\t\t<div class=\"elementor-divider\">\n\t\t\t<span class=\"elementor-divider-separator\">\n\t\t\t\t\t\t<\/span>\n\t\t<\/div>\n\t\t\t\t\t\t<\/div>\n\t\t\t\t<\/div>\n\t\t\t\t<div class=\"elementor-element elementor-element-5db80929 elementor-widget elementor-widget-heading\" data-id=\"5db80929\" data-element_type=\"widget\" data-widget_type=\"heading.default\">\n\t\t\t\t<div class=\"elementor-widget-container\">\n\t\t\t\t\t<h2 class=\"elementor-heading-title elementor-size-default\">LEMON BOTTLE\u00ae\nFETT WEG SPRITZE<\/h2>\t\t\t\t<\/div>\n\t\t\t\t<\/div>\n\t\t<div class=\"elementor-element elementor-element-67aa4fca e-con-full e-flex e-con e-parent\" data-id=\"67aa4fca\" data-element_type=\"container\">\n\t\t\t\t<div class=\"elementor-element elementor-element-5c8664bd elementor-widget elementor-widget-accordion\" data-id=\"5c8664bd\" data-element_type=\"widget\" data-widget_type=\"accordion.default\">\n\t\t\t\t<div class=\"elementor-widget-container\">\n\t\t\t\t\t\t\t<div class=\"elementor-accordion\">\n\t\t\t\t\t\t\t<div class=\"elementor-accordion-item\">\n\t\t\t\t\t<div id=\"elementor-tab-title-1551\" class=\"elementor-tab-title\" data-tab=\"1\" role=\"button\" aria-controls=\"elementor-tab-content-1551\" aria-expanded=\"false\">\n\t\t\t\t\t\t\t\t\t\t\t\t\t<span class=\"elementor-accordion-icon elementor-accordion-icon-left\" aria-hidden=\"true\">\n\t\t\t\t\t\t\t\t\t\t\t\t\t\t\t<span class=\"elementor-accordion-icon-closed\"><i class=\"fas fa-plus\"><\/i><\/span>\n\t\t\t\t\t\t\t\t<span class=\"elementor-accordion-icon-opened\"><i class=\"fas fa-minus\"><\/i><\/span>\n\t\t\t\t\t\t\t\t\t\t\t\t\t\t<\/span>\n\t\t\t\t\t\t\t\t\t\t\t\t<a class=\"elementor-accordion-title\" tabindex=\"0\">Wann sieht man das Ergebnis und wie lange h\u00e4lt es?<\/a>\n\t\t\t\t\t<\/div>\n\t\t\t\t\t<div id=\"elementor-tab-content-1551\" class=\"elementor-tab-content elementor-clearfix\" data-tab=\"1\" role=\"region\" aria-labelledby=\"elementor-tab-title-1551\"><p>Den\u00a0Effekt der Behandlung sieht man in der Regel bereits beginnend am n\u00e4chsten Tag. Der Abbau von Fett dauert bis zu 2 Wochen und verst\u00e4rkt sich mit jeder Anwendung.<\/p><p>Die Fettzellen, die durch Lemon Bottle abgebaut werden, bleiben dauerhaft verschwunden, da der erwachsene K\u00f6rper keine neuen Fettzellen produzieren kann. Es ist jedoch wichtig, ein gesundes konstantes Gewicht aufrecht zu erhalten. Lemon Bottle ist keine geeignete Methode, um Gewicht zu verlieren!<\/p><\/div>\n\t\t\t\t<\/div>\n\t\t\t\t\t\t\t<div class=\"elementor-accordion-item\">\n\t\t\t\t\t<div id=\"elementor-tab-title-1552\" class=\"elementor-tab-title\" data-tab=\"2\" role=\"button\" aria-controls=\"elementor-tab-content-1552\" aria-expanded=\"false\">\n\t\t\t\t\t\t\t\t\t\t\t\t\t<span class=\"elementor-accordion-icon elementor-accordion-icon-left\" aria-hidden=\"true\">\n\t\t\t\t\t\t\t\t\t\t\t\t\t\t\t<span class=\"elementor-accordion-icon-closed\"><i class=\"fas fa-plus\"><\/i><\/span>\n\t\t\t\t\t\t\t\t<span class=\"elementor-accordion-icon-opened\"><i class=\"fas fa-minus\"><\/i><\/span>\n\t\t\t\t\t\t\t\t\t\t\t\t\t\t<\/span>\n\t\t\t\t\t\t\t\t\t\t\t\t<a class=\"elementor-accordion-title\" tabindex=\"0\">Ist die Behandlung schmerzhaft?<\/a>\n\t\t\t\t\t<\/div>\n\t\t\t\t\t<div id=\"elementor-tab-content-1552\" class=\"elementor-tab-content elementor-clearfix\" data-tab=\"2\" role=\"region\" aria-labelledby=\"elementor-tab-title-1552\"><p>Das Spritzen wird von den meisten Patienten als nur minimal unangenehm empfunden. Ein leichtes Brennen kann auftreten.<\/p><p>Minimale Empfindlichkeit, Druckschmerz und Schwellung sind f\u00fcr kurze Zeit danach m\u00f6glich und v\u00f6llig normal.<\/p><\/div>\n\t\t\t\t<\/div>\n\t\t\t\t\t\t\t<div class=\"elementor-accordion-item\">\n\t\t\t\t\t<div id=\"elementor-tab-title-1553\" class=\"elementor-tab-title\" data-tab=\"3\" role=\"button\" aria-controls=\"elementor-tab-content-1553\" aria-expanded=\"false\">\n\t\t\t\t\t\t\t\t\t\t\t\t\t<span class=\"elementor-accordion-icon elementor-accordion-icon-left\" aria-hidden=\"true\">\n\t\t\t\t\t\t\t\t\t\t\t\t\t\t\t<span class=\"elementor-accordion-icon-closed\"><i class=\"fas fa-plus\"><\/i><\/span>\n\t\t\t\t\t\t\t\t<span class=\"elementor-accordion-icon-opened\"><i class=\"fas fa-minus\"><\/i><\/span>\n\t\t\t\t\t\t\t\t\t\t\t\t\t\t<\/span>\n\t\t\t\t\t\t\t\t\t\t\t\t<a class=\"elementor-accordion-title\" tabindex=\"0\">Wann darf man keine LemonBottle Behandlung durchf\u00fchren lassen?<\/a>\n\t\t\t\t\t<\/div>\n\t\t\t\t\t<div id=\"elementor-tab-content-1553\" class=\"elementor-tab-content elementor-clearfix\" data-tab=\"3\" role=\"region\" aria-labelledby=\"elementor-tab-title-1553\"><p><strong>Schwangerschaft<\/strong> und <strong>Stillzeit<\/strong> sind nat\u00fcrlich ausgeschlossen, da hier keine ausreichenden Daten vorliegen.\u00a0<\/p><p>Bei einer akuten Infektion, wie z.B. Herpesbl\u00e4schen oder florider Akne, aber auch bei Grippe oder Fieber sollte keine Injektion stattfinden.\u00a0<\/p><p>Bei bekannten Allergien gegen <strong>Zitrusfr\u00fcchte<\/strong> (insbesondere Ananas), <strong>Bromelain, Soja<\/strong> oder speziellen Autoimmunerkrankungen darf ebenfalls keine Behandlung durchgef\u00fchrt werden. Wenn Du unsicher bist, frag mich einfach in Deinem <a href=\"https:\/\/www.ju-aesthetic.de\/?page_id=634\">Beratungsgespr\u00e4ch<\/a> oder kontaktiere sie mich \u00fcber <a href=\"https:\/\/www.ju-aesthetic.de\/?page_id=221\">WhatsApp<\/a> oder <a href=\"https:\/\/www.ju-aesthetic.de\/?page_id=221\">Email<\/a>.<\/p><p>Bei einer Blutverd\u00fcnnung oder einer Blutungsneigung muss individuell entschieden werden.<\/p><p><strong>Disclaimer: Lemon Bottle ist ein auf dem europ\u00e4ischen Markt neu eingef\u00fchrtes Produkt. Es wurde in Studien untersucht und als sicher eingestuft. Dennoch gibt es derzeit keine Langzeitstudien oder FDA Zulassung. Dies muss jedem bewusst sein, wenn er die Lemon Bottle Kur durchf\u00fchren l\u00e4sst.<\/strong><\/p><\/div>\n\t\t\t\t<\/div>\n\t\t\t\t\t\t\t<div class=\"elementor-accordion-item\">\n\t\t\t\t\t<div id=\"elementor-tab-title-1554\" class=\"elementor-tab-title\" data-tab=\"4\" role=\"button\" aria-controls=\"elementor-tab-content-1554\" aria-expanded=\"false\">\n\t\t\t\t\t\t\t\t\t\t\t\t\t<span class=\"elementor-accordion-icon elementor-accordion-icon-left\" aria-hidden=\"true\">\n\t\t\t\t\t\t\t\t\t\t\t\t\t\t\t<span class=\"elementor-accordion-icon-closed\"><i class=\"fas fa-plus\"><\/i><\/span>\n\t\t\t\t\t\t\t\t<span class=\"elementor-accordion-icon-opened\"><i class=\"fas fa-minus\"><\/i><\/span>\n\t\t\t\t\t\t\t\t\t\t\t\t\t\t<\/span>\n\t\t\t\t\t\t\t\t\t\t\t\t<a class=\"elementor-accordion-title\" tabindex=\"0\">Welche Nebenwirkungen k\u00f6nnen auftreten?<\/a>\n\t\t\t\t\t<\/div>\n\t\t\t\t\t<div id=\"elementor-tab-content-1554\" class=\"elementor-tab-content elementor-clearfix\" data-tab=\"4\" role=\"region\" aria-labelledby=\"elementor-tab-title-1554\"><p>Wie bei jeder Injektionsbehandlung kann es zu H\u00e4matomen (blauen Flecken) oder leichten Schmerzen und Schwellungen an den behandelte Stellen kommen.\u00a0<\/p><p>In sehr seltenen F\u00e4llen kann es zu (schweren) allergischen Reaktionen kommen.<\/p><p>Es gibt Patienten, die auf die nat\u00fcrlichen Wirkstoffe von LemonBottle nicht ansprechen und somit auch nach mehreren Behandlungen keine Verbesserung sehen.<\/p><p>Insgesamt ist LemonBottle aber eine effektive und vor allem nat\u00fcrliche Art, kleine st\u00f6rende Fettpolster zu reduzieren.\u00a0<\/p><\/div>\n\t\t\t\t<\/div>\n\t\t\t\t\t\t\t<div class=\"elementor-accordion-item\">\n\t\t\t\t\t<div id=\"elementor-tab-title-1555\" class=\"elementor-tab-title\" data-tab=\"5\" role=\"button\" aria-controls=\"elementor-tab-content-1555\" aria-expanded=\"false\">\n\t\t\t\t\t\t\t\t\t\t\t\t\t<span class=\"elementor-accordion-icon elementor-accordion-icon-left\" aria-hidden=\"true\">\n\t\t\t\t\t\t\t\t\t\t\t\t\t\t\t<span class=\"elementor-accordion-icon-closed\"><i class=\"fas fa-plus\"><\/i><\/span>\n\t\t\t\t\t\t\t\t<span class=\"elementor-accordion-icon-opened\"><i class=\"fas fa-minus\"><\/i><\/span>\n\t\t\t\t\t\t\t\t\t\t\t\t\t\t<\/span>\n\t\t\t\t\t\t\t\t\t\t\t\t<a class=\"elementor-accordion-title\" tabindex=\"0\">Was muss ich nach der Behandlung beachten?l<\/a>\n\t\t\t\t\t<\/div>\n\t\t\t\t\t<div id=\"elementor-tab-content-1555\" class=\"elementor-tab-content elementor-clearfix\" data-tab=\"5\" role=\"region\" aria-labelledby=\"elementor-tab-title-1555\"><p>Das Gewebe muss nach der Injektion <strong>massiert<\/strong> werden.\u00a0<\/p><p>W\u00e4hrend einer LemonBottle Kur ist es wichtig f\u00fcr mindestens 7 Tage auf <strong>fettarme Ern\u00e4hrung<\/strong> zu achten und <strong>keinen Alkohol<\/strong> zu trinken. Das Gewebe sollte <strong>warm<\/strong> gehalten werden. T\u00e4glich mindestens <strong>30 Minuten sportliche Aktivit\u00e4t<\/strong> sind ebenfalls empfohlen.<\/p><p>Alle weitere Ma\u00dfnahmen erkl\u00e4re ich Dir w\u00e4hrend der Behandlung ausf\u00fchrlich. \u00dcber die Kontakt Rufnummer bin ich im Notfall stets zu erreichen.<\/p><\/div>\n\t\t\t\t<\/div>\n\t\t\t\t\t\t\t\t\t\t<script type=\"application\/ld+json\">{\"@context\":\"https:\\\/\\\/schema.org\",\"@type\":\"FAQPage\",\"mainEntity\":[{\"@type\":\"Question\",\"name\":\"Wann sieht man das Ergebnis und wie lange h\\u00e4lt es?\",\"acceptedAnswer\":{\"@type\":\"Answer\",\"text\":\"<p>Den\\u00a0Effekt der Behandlung sieht man in der Regel bereits beginnend am n\\u00e4chsten Tag. Der Abbau von Fett dauert bis zu 2 Wochen und verst\\u00e4rkt sich mit jeder Anwendung.<\\\/p><p>Die Fettzellen, die durch Lemon Bottle abgebaut werden, bleiben dauerhaft verschwunden, da der erwachsene K\\u00f6rper keine neuen Fettzellen produzieren kann. Es ist jedoch wichtig, ein gesundes konstantes Gewicht aufrecht zu erhalten. Lemon Bottle ist keine geeignete Methode, um Gewicht zu verlieren!<\\\/p>\"}},{\"@type\":\"Question\",\"name\":\"Ist die Behandlung schmerzhaft?\",\"acceptedAnswer\":{\"@type\":\"Answer\",\"text\":\"<p>Das Spritzen wird von den meisten Patienten als nur minimal unangenehm empfunden. Ein leichtes Brennen kann auftreten.<\\\/p><p>Minimale Empfindlichkeit, Druckschmerz und Schwellung sind f\\u00fcr kurze Zeit danach m\\u00f6glich und v\\u00f6llig normal.<\\\/p>\"}},{\"@type\":\"Question\",\"name\":\"Wann darf man keine LemonBottle Behandlung durchf\\u00fchren lassen?\",\"acceptedAnswer\":{\"@type\":\"Answer\",\"text\":\"<p><strong>Schwangerschaft<\\\/strong> und <strong>Stillzeit<\\\/strong> sind nat\\u00fcrlich ausgeschlossen, da hier keine ausreichenden Daten vorliegen.\\u00a0<\\\/p><p>Bei einer akuten Infektion, wie z.B. Herpesbl\\u00e4schen oder florider Akne, aber auch bei Grippe oder Fieber sollte keine Injektion stattfinden.\\u00a0<\\\/p><p>Bei bekannten Allergien gegen <strong>Zitrusfr\\u00fcchte<\\\/strong> (insbesondere Ananas), <strong>Bromelain, Soja<\\\/strong> oder speziellen Autoimmunerkrankungen darf ebenfalls keine Behandlung durchgef\\u00fchrt werden. Wenn Du unsicher bist, frag mich einfach in Deinem <a href=\\\"https:\\\/\\\/www.ju-aesthetic.de\\\/?page_id=634\\\">Beratungsgespr\\u00e4ch<\\\/a> oder kontaktiere sie mich \\u00fcber <a href=\\\"https:\\\/\\\/www.ju-aesthetic.de\\\/?page_id=221\\\">WhatsApp<\\\/a> oder <a href=\\\"https:\\\/\\\/www.ju-aesthetic.de\\\/?page_id=221\\\">Email<\\\/a>.<\\\/p><p>Bei einer Blutverd\\u00fcnnung oder einer Blutungsneigung muss individuell entschieden werden.<\\\/p><p><strong>Disclaimer: Lemon Bottle ist ein auf dem europ\\u00e4ischen Markt neu eingef\\u00fchrtes Produkt. Es wurde in Studien untersucht und als sicher eingestuft. Dennoch gibt es derzeit keine Langzeitstudien oder FDA Zulassung. Dies muss jedem bewusst sein, wenn er die Lemon Bottle Kur durchf\\u00fchren l\\u00e4sst.<\\\/strong><\\\/p>\"}},{\"@type\":\"Question\",\"name\":\"Welche Nebenwirkungen k\\u00f6nnen auftreten?\",\"acceptedAnswer\":{\"@type\":\"Answer\",\"text\":\"<p>Wie bei jeder Injektionsbehandlung kann es zu H\\u00e4matomen (blauen Flecken) oder leichten Schmerzen und Schwellungen an den behandelte Stellen kommen.\\u00a0<\\\/p><p>In sehr seltenen F\\u00e4llen kann es zu (schweren) allergischen Reaktionen kommen.<\\\/p><p>Es gibt Patienten, die auf die nat\\u00fcrlichen Wirkstoffe von LemonBottle nicht ansprechen und somit auch nach mehreren Behandlungen keine Verbesserung sehen.<\\\/p><p>Insgesamt ist LemonBottle aber eine effektive und vor allem nat\\u00fcrliche Art, kleine st\\u00f6rende Fettpolster zu reduzieren.\\u00a0<\\\/p>\"}},{\"@type\":\"Question\",\"name\":\"Was muss ich nach der Behandlung beachten?l\",\"acceptedAnswer\":{\"@type\":\"Answer\",\"text\":\"<p>Das Gewebe muss nach der Injektion <strong>massiert<\\\/strong> werden.\\u00a0<\\\/p><p>W\\u00e4hrend einer LemonBottle Kur ist es wichtig f\\u00fcr mindestens 7 Tage auf <strong>fettarme Ern\\u00e4hrung<\\\/strong> zu achten und <strong>keinen Alkohol<\\\/strong> zu trinken. Das Gewebe sollte <strong>warm<\\\/strong> gehalten werden. T\\u00e4glich mindestens <strong>30 Minuten sportliche Aktivit\\u00e4t<\\\/strong> sind ebenfalls empfohlen.<\\\/p><p>Alle weitere Ma\\u00dfnahmen erkl\\u00e4re ich Dir w\\u00e4hrend der Behandlung ausf\\u00fchrlich. \\u00dcber die Kontakt Rufnummer bin ich im Notfall stets zu erreichen.<\\\/p>\"}}]}<\/script>\n\t\t\t\t\t<\/div>\n\t\t\t\t\t\t<\/div>\n\t\t\t\t<\/div>\n\t\t\t\t<\/div>\n\t\t\t\t<div class=\"elementor-element elementor-element-2fdf130f elementor-widget elementor-widget-text-editor\" data-id=\"2fdf130f\" data-element_type=\"widget\" data-widget_type=\"text-editor.default\">\n\t\t\t\t<div class=\"elementor-widget-container\">\n\t\t\t\t\t\t\t\t\t<div dir=\"auto\">LemonBottle ist eine innovative Fett-weg-Spritze auf nat\u00fcrlicher Basis \u2013 eine L\u00f6sung zur sanften Fett Reduktion ohne Ausfallzeit.<\/div><div dir=\"auto\" style=\"text-align: left;\">\u00a0<\/div><div dir=\"auto\">LemonBottle bietet eine M\u00f6glichkeit f\u00fcr alle, die auf der Suche nach einer sanften Methode zur Fettreduktion sind. LemonBottle zielt darauf ab, hartn\u00e4ckige kleine Fettp\u00f6lsterchen (z. B. Doppelkinn, Kieferlinie, Pralinenfett an den Achseln oder kleine Bauch- oder H\u00fcft\u00a0Fettansammlungen) zu reduzieren.<\/div><div dir=\"auto\">\u00a0<\/div><div dir=\"auto\"><strong>Inhaltsstoffe &amp; Wirkung<\/strong><\/div><div dir=\"auto\">\u00a0<\/div><div dir=\"auto\">LemonBottle ist ein Innovationsprodukt aus Korea, der weltweiten Hochburg der\u00a0\u00c4sthetik. \u00a0Die Hauptkomponenten sind ausgew\u00e4hlte Phytowirkstoffe, die auf die lokalen Fettdepots abzielen und den Abbau von Fettzellen anregen soll. Es werden keine Hormone (Steroide) oder toxische Natriumdesoxychols\u00e4uren verwendet.<\/div><div dir=\"auto\">Riboflavin (Vitamin B2): Es regt den Fettstoffwechsel an und f\u00f6rdert somit den\u00a0nat\u00fcrlichen Abbau der zerst\u00f6rten Fettzellen \u00fcber das Lymphsystem.<\/div><div dir=\"auto\">Lecithin: Der chemische Name dieses Inhaltsstoff ist Phosphatidylcholin. Die Wirkung besteht in einem\u00a0nat\u00fcrlichen Emulgator, das bedeutet durch diesen Stoff k\u00f6nnen die\u00a0aufgel\u00f6sten Fettzellen mit Wasser\u00a0gemischt und besser abtransportiert werden.<\/div><div dir=\"auto\">Bromelain: Das aus der Ananas stammende Enzym ist vor allem f\u00fcr seine entz\u00fcndungshemmende Wirkung bekannt. In LemonBottle f\u00fchrt es zu einer Zerst\u00f6rung der Fettzellmembranen und Freisetzung der Fetts\u00e4uren, die dann ganz\u00a0nat\u00fcrlich ausgeschieden\u00a0werden.<\/div><div dir=\"auto\">\u00a0<\/div><div dir=\"auto\"><strong>Behandlungsablauf<\/strong><\/div><div dir=\"auto\">\u00a0<\/div><div dir=\"auto\">Eine LemonBottle-Kur besteht aus 2 bis 4 Behandlungen in einem Abstand mindestens zwei Wochen. Dies erm\u00f6glicht dem K\u00f6rper, die Wirkstoffe optimal aufzunehmen und das Fett effizient abzubauen.<\/div><div dir=\"auto\">Bei einer Behandlung wird das Produkt direkt in das zu behandelnde Fettgewebe injiziert. Eine\u00a0lokale Bet\u00e4ubungssalbe kann 20 Minuten\u00a0davor aufgetragen\u00a0werden, so dass die Anwendung selbst kaum schmerzhaft ist.\u00a0<span style=\"color: var( --e-global-color-text ); background-color: var( --e-global-color-secondary );\">Nach einer LemonBottle-Behandlung kannst Du Deinen Alltag ohne l\u00e4ngere Ausfallzeiten fortsetzen. Es kann zu leichten Schwellungen, kleinen H\u00e4matomen und Druckschmerzhaftigkeit kommen, die aber schnell abklingen. Die meisten meiner Patienten berichten von einem unkomplizierten Heilungsprozess und Ergebnissen innerhalb von wenigen Tagen. Es ist wichtig, dass das\u00a0Gewebe nach der\u00a0Injektion gut massiert wird. Ausserdem sollen f\u00fcr die Zeit der LemonBottle Kur keine stark fetthaltigen Lebensmittel oder\u00a0Alkohol\u00a0konsumiert werden, da dass negativen Einflu\u00df auf das Endergebnis haben k\u00f6nnte.<\/span><\/div><div dir=\"auto\"><p>Es gibt Patienten, die auf die nat\u00fcrlichen Wirkstoffe von LemonBottle <strong>nicht<\/strong> ansprechen und somit auch <strong>nach mehreren Behandlungen keine Verbesserung<\/strong> sehen.<\/p><p>Insgesamt ist LemonBottle aber eine effektive und vor allem nat\u00fcrliche Art, kleine st\u00f6rende Fettpolster zu reduzieren.\u00a0<\/p><\/div><div dir=\"auto\">\u00a0<\/div><div dir=\"auto\"><strong>Disclaimer: Lemon Bottle ist ein auf dem europ\u00e4ischen Markt neu eingef\u00fchrtes Produkt. Es wurde in kleineren Studien untersucht und als sicher eingestuft. Dennoch gibt es derzeit keine Langzeitstudien oder FDA Zulassung. Dies muss jedem bewusst sein, wenn er die LemonBottle Kur in\u00a0Erw\u00e4gung zieht.\u00a0Ich f\u00fchre bei jedem Patienten vor der ersten\u00a0<\/strong><b>Behandlung eine\u00a0ausf\u00fchrliche Aufkl\u00e4rung und einen Hauttest am Handgelenk durch. Bitte plane genug\u00a0Zeit ein (mind. 45min).<\/b><\/div><div dir=\"auto\">\u00a0<\/div>\t\t\t\t\t\t\t\t<\/div>\n\t\t\t\t<\/div>\n\t\t\t\t<\/div>\n\t\t<div class=\"elementor-element elementor-element-734edf38 e-con-full e-flex e-con e-parent\" data-id=\"734edf38\" data-element_type=\"container\" data-settings=\"{&quot;background_background&quot;:&quot;classic&quot;}\">\n\t\t\t\t<div class=\"elementor-element elementor-element-76eefb77 elementor-widget elementor-widget-price-list\" data-id=\"76eefb77\" data-element_type=\"widget\" data-widget_type=\"price-list.default\">\n\t\t\t\t<div class=\"elementor-widget-container\">\n\t\t\t\t\t\n\t\t<ul class=\"elementor-price-list\">\n\n\t\t\t\t\t\t\t\t\t<li><a class=\"elementor-price-list-item\" href=\"#\">\t\t\t\t\n\t\t\t\t<div class=\"elementor-price-list-text\">\n\t\t\t\t\t\t\t\t\t<div class=\"elementor-price-list-header\">\n\t\t\t\t\t\t\t\t\t\t\t<span class=\"elementor-price-list-title\">\n\t\t\t\t\t\t\tLemonBottle\u00ae 1 Ampulle\t\t\t\t\t\t<\/span>\n\t\t\t\t\t\t\t\t\t\t\t\t\t\t\t\t\t\t<span class=\"elementor-price-list-separator\"><\/span>\n\t\t\t\t\t\t\t\t\t\t\t\t\t\t\t\t\t\t\t<span class=\"elementor-price-list-price\">ab 150\u20ac <\/span>\n\t\t\t\t\t\t\t\t\t\t<\/div>\n\t\t\t\t\t\t\t\t\t\t\t\t\t\t\t<p class=\"elementor-price-list-description\">\n\t\t\t\t\t\t\t1 Ampulle (10ml) f\u00fcr Doppelkinn oder sehr kleine Fettpolster\t\t\t\t\t\t<\/p>\n\t\t\t\t\t\t\t\t<\/div>\n\t\t\t\t<\/a><\/li>\t\t\t\t\t\t\t\t\t\t\t\t<li><a class=\"elementor-price-list-item\" href=\"#\">\t\t\t\t\n\t\t\t\t<div class=\"elementor-price-list-text\">\n\t\t\t\t\t\t\t\t\t<div class=\"elementor-price-list-header\">\n\t\t\t\t\t\t\t\t\t\t\t<span class=\"elementor-price-list-title\">\n\t\t\t\t\t\t\tLemonBottle\u00ae 2 Ampullen\t\t\t\t\t\t<\/span>\n\t\t\t\t\t\t\t\t\t\t\t\t\t\t\t\t\t\t<span class=\"elementor-price-list-separator\"><\/span>\n\t\t\t\t\t\t\t\t\t\t\t\t\t\t\t\t\t\t\t<span class=\"elementor-price-list-price\">ab 250\u20ac <\/span>\n\t\t\t\t\t\t\t\t\t\t<\/div>\n\t\t\t\t\t\t\t\t\t\t\t\t\t\t\t<p class=\"elementor-price-list-description\">\n\t\t\t\t\t\t\t2 Ampullen (20ml) f\u00fcr z.B. das Pralinenfett an den Achseln oder der Kieferlinie\t\t\t\t\t\t<\/p>\n\t\t\t\t\t\t\t\t<\/div>\n\t\t\t\t<\/a><\/li>\t\t\t\t\t\t\t\t\t\t\t\t<li><a class=\"elementor-price-list-item\" href=\"#\">\t\t\t\t\n\t\t\t\t<div class=\"elementor-price-list-text\">\n\t\t\t\t\t\t\t\t\t<div class=\"elementor-price-list-header\">\n\t\t\t\t\t\t\t\t\t\t\t<span class=\"elementor-price-list-title\">\n\t\t\t\t\t\t\tLemonBottle\u00ae 3 Ampullen\t\t\t\t\t\t<\/span>\n\t\t\t\t\t\t\t\t\t\t\t\t\t\t\t\t\t\t<span class=\"elementor-price-list-separator\"><\/span>\n\t\t\t\t\t\t\t\t\t\t\t\t\t\t\t\t\t\t\t<span class=\"elementor-price-list-price\">ab 300\u20ac <\/span>\n\t\t\t\t\t\t\t\t\t\t<\/div>\n\t\t\t\t\t\t\t\t\t\t\t\t\t\t\t<p class=\"elementor-price-list-description\">\n\t\t\t\t\t\t\t3 Ampullen (30ml) f\u00fcr z.B. das Pralinenfett an den Achseln oder der Kieferlinie\t\t\t\t\t\t<\/p>\n\t\t\t\t\t\t\t\t<\/div>\n\t\t\t\t<\/a><\/li>\t\t\t\t\t\n\t\t<\/ul>\n\n\t\t\t\t\t\t<\/div>\n\t\t\t\t<\/div>\n\t\t\t\t<\/div>\n\t\t\t\t\t<\/div>\n\t\t\t\t<\/div>\n\t\t<div class=\"elementor-element elementor-element-62728eea e-flex e-con-boxed e-con e-parent\" data-id=\"62728eea\" data-element_type=\"container\">\n\t\t\t\t\t<div class=\"e-con-inner\">\n\t\t\t\t<div class=\"elementor-element elementor-element-72f12d85 elementor-widget elementor-widget-heading\" data-id=\"72f12d85\" data-element_type=\"widget\" data-widget_type=\"heading.default\">\n\t\t\t\t<div class=\"elementor-widget-container\">\n\t\t\t\t\t<h3 class=\"elementor-heading-title elementor-size-default\">Die Preise richten sich  im Einzelfall stets nach den Vorgaben der GO\u00c4 und sind inkl. der gesetzl. MwSt.<\/h3>\t\t\t\t<\/div>\n\t\t\t\t<\/div>\n\t\t\t\t<div class=\"elementor-element elementor-element-2405fdc4 elementor-widget elementor-widget-spacer\" data-id=\"2405fdc4\" data-element_type=\"widget\" data-widget_type=\"spacer.default\">\n\t\t\t\t<div class=\"elementor-widget-container\">\n\t\t\t\t\t\t\t<div class=\"elementor-spacer\">\n\t\t\t<div class=\"elementor-spacer-inner\"><\/div>\n\t\t<\/div>\n\t\t\t\t\t\t<\/div>\n\t\t\t\t<\/div>\n\t\t\t\t<div class=\"elementor-element elementor-element-66c5bcc8 elementor-align-center elementor-widget elementor-widget-global elementor-global-829 elementor-widget-button\" data-id=\"66c5bcc8\" data-element_type=\"widget\" data-settings=\"{&quot;motion_fx_motion_fx_mouse&quot;:&quot;yes&quot;,&quot;_animation&quot;:&quot;none&quot;}\" data-widget_type=\"button.default\">\n\t\t\t\t<div class=\"elementor-widget-container\">\n\t\t\t\t\t\t\t\t\t<div class=\"elementor-button-wrapper\">\n\t\t\t\t\t<a class=\"elementor-button elementor-button-link elementor-size-sm\" href=\"https:\/\/www.doctolib.de\/arzt\/rosenheim\/julia-kiefl\" target=\"_blank\">\n\t\t\t\t\t\t<span class=\"elementor-button-content-wrapper\">\n\t\t\t\t\t\t\t\t\t<span class=\"elementor-button-text\">Online Terminvereinbarung<\/span>\n\t\t\t\t\t<\/span>\n\t\t\t\t\t<\/a>\n\t\t\t\t<\/div>\n\t\t\t\t\t\t\t\t<\/div>\n\t\t\t\t<\/div>\n\t\t\t\t<div class=\"elementor-element elementor-element-722a7360 elementor-align-center elementor-widget elementor-widget-global elementor-global-832 elementor-widget-button\" data-id=\"722a7360\" data-element_type=\"widget\" data-widget_type=\"button.default\">\n\t\t\t\t<div class=\"elementor-widget-container\">\n\t\t\t\t\t\t\t\t\t<div class=\"elementor-button-wrapper\">\n\t\t\t\t\t<a class=\"elementor-button elementor-button-link elementor-size-sm\" href=\"https:\/\/www.ju-aesthetic.de\/?page_id=221\" target=\"_blank\">\n\t\t\t\t\t\t<span class=\"elementor-button-content-wrapper\">\n\t\t\t\t\t\t\t\t\t<span class=\"elementor-button-text\">Kontakt           <\/span>\n\t\t\t\t\t<\/span>\n\t\t\t\t\t<\/a>\n\t\t\t\t<\/div>\n\t\t\t\t\t\t\t\t<\/div>\n\t\t\t\t<\/div>\n\t\t\t\t\t<\/div>\n\t\t\t\t<\/div>\n\t\t<div class=\"elementor-element elementor-element-6e2c5a5 e-flex e-con-boxed e-con e-parent\" data-id=\"6e2c5a5\" data-element_type=\"container\">\n\t\t\t\t\t<div class=\"e-con-inner\">\n\t\t\t\t<div class=\"elementor-element elementor-element-b6998b4 elementor-widget elementor-widget-spacer\" data-id=\"b6998b4\" data-element_type=\"widget\" data-widget_type=\"spacer.default\">\n\t\t\t\t<div class=\"elementor-widget-container\">\n\t\t\t\t\t\t\t<div class=\"elementor-spacer\">\n\t\t\t<div class=\"elementor-spacer-inner\"><\/div>\n\t\t<\/div>\n\t\t\t\t\t\t<\/div>\n\t\t\t\t<\/div>\n\t\t\t\t\t<\/div>\n\t\t\t\t<\/div>\n\t\t\t\t<\/div>\n\t\t","protected":false},"excerpt":{"rendered":"<p>LEMON BOTTLE\u00ae FETT WEG SPRITZE Wann sieht man das Ergebnis und wie lange h\u00e4lt es? Den\u00a0Effekt der Behandlung sieht man in der Regel bereits beginnend am n\u00e4chsten Tag. Der Abbau von Fett dauert bis zu 2 Wochen und verst\u00e4rkt sich mit jeder Anwendung. Die Fettzellen, die durch Lemon Bottle abgebaut werden, bleiben dauerhaft verschwunden, da [&hellip;]<\/p>\n","protected":false},"author":1,"featured_media":0,"parent":0,"menu_order":0,"comment_status":"closed","ping_status":"closed","template":"","meta":{"footnotes":""},"class_list":["post-2344","page","type-page","status-publish","hentry"],"_links":{"self":[{"href":"https:\/\/www.ju-aesthetic.de\/index.php?rest_route=\/wp\/v2\/pages\/2344","targetHints":{"allow":["GET"]}}],"collection":[{"href":"https:\/\/www.ju-aesthetic.de\/index.php?rest_route=\/wp\/v2\/pages"}],"about":[{"href":"https:\/\/www.ju-aesthetic.de\/index.php?rest_route=\/wp\/v2\/types\/page"}],"author":[{"embeddable":true,"href":"https:\/\/www.ju-aesthetic.de\/index.php?rest_route=\/wp\/v2\/users\/1"}],"replies":[{"embeddable":true,"href":"https:\/\/www.ju-aesthetic.de\/index.php?rest_route=%2Fwp%2Fv2%2Fcomments&post=2344"}],"version-history":[{"count":88,"href":"https:\/\/www.ju-aesthetic.de\/index.php?rest_route=\/wp\/v2\/pages\/2344\/revisions"}],"predecessor-version":[{"id":3674,"href":"https:\/\/www.ju-aesthetic.de\/index.php?rest_route=\/wp\/v2\/pages\/2344\/revisions\/3674"}],"wp:attachment":[{"href":"https:\/\/www.ju-aesthetic.de\/index.php?rest_route=%2Fwp%2Fv2%2Fmedia&parent=2344"}],"curies":[{"name":"wp","href":"https:\/\/api.w.org\/{rel}","templated":true}]}}