{"id":1655,"date":"2023-06-25T12:29:46","date_gmt":"2023-06-25T12:29:46","guid":{"rendered":"https:\/\/www.ju-aesthetic.de\/?page_id=1655"},"modified":"2023-07-03T10:55:17","modified_gmt":"2023-07-03T10:55:17","slug":"impressum","status":"publish","type":"page","link":"https:\/\/www.ju-aesthetic.de\/?page_id=1655","title":{"rendered":"Impressum"},"content":{"rendered":"\t\t<div data-elementor-type=\"wp-page\" data-elementor-id=\"1655\" class=\"elementor elementor-1655\" data-elementor-post-type=\"page\">\n\t\t\t\t<div class=\"elementor-element elementor-element-cde6890 e-flex e-con-boxed e-con e-parent\" data-id=\"cde6890\" data-element_type=\"container\">\n\t\t\t\t\t<div class=\"e-con-inner\">\n\t\t\t\t<div class=\"elementor-element elementor-element-5eadd2d elementor-widget elementor-widget-heading\" data-id=\"5eadd2d\" data-element_type=\"widget\" data-widget_type=\"heading.default\">\n\t\t\t\t<div class=\"elementor-widget-container\">\n\t\t\t\t\t<h2 class=\"elementor-heading-title elementor-size-default\">Impressum<\/h2>\t\t\t\t<\/div>\n\t\t\t\t<\/div>\n\t\t\t\t\t<\/div>\n\t\t\t\t<\/div>\n\t\t<div class=\"elementor-element elementor-element-0a22df6 e-flex e-con-boxed e-con e-parent\" data-id=\"0a22df6\" data-element_type=\"container\">\n\t\t\t\t\t<div class=\"e-con-inner\">\n\t\t\t\t<div class=\"elementor-element elementor-element-d1d6d53 elementor-widget elementor-widget-text-editor\" data-id=\"d1d6d53\" data-element_type=\"widget\" data-widget_type=\"text-editor.default\">\n\t\t\t\t<div class=\"elementor-widget-container\">\n\t\t\t\t\t\t\t\t\t<p><span style=\"font-weight: 400;\">Angaben gem\u00e4\u00df \u00a7 5 TMG<\/span><\/p><p><b>Julia Kiefl<\/b><\/p><p><b>Innaustrasse 11<\/b><\/p><p><b>83026 Rosenheim<\/b><\/p><p><span style=\"font-weight: 400;\">Kontakt:<\/span><\/p><p><span style=\"font-weight: 400;\">E-Mail: <a href=\"mailto:hello@ju-aesthetic.de\">hello@ju-aesthetic.de<\/a><\/span><\/p><p><span style=\"font-weight: 400;\">Web: <\/span><a href=\"http:\/\/www.ju-aesthetic.de\/\"><span style=\"font-weight: 400;\">www.ju-aesthetic.de<\/span><\/a><\/p><p><span style=\"font-weight: 400;\">Tel: +49 (0) 8031 7966394<\/span><\/p><p><span style=\"font-weight: 400;\">Umsatzsteuer-Identifikationsnummer gem\u00e4\u00df \u00a727 a Umsatzsteuergesetz: DE360162891<\/span><\/p><p><span style=\"font-weight: 400;\">Berufsbezeichnung: Arzt<\/span><\/p><p><span style=\"font-weight: 400;\">Verliehen durch Bundesrepublik Deutschland<\/span><\/p><p><span style=\"font-weight: 400;\">Mitglied der \u00c4rztekammer M\u00fcnchen. Mitgliedsnummer: 306615<\/span><\/p><p><span style=\"font-weight: 400;\">Zust\u00e4ndige Aufsichtsbeh\u00f6rde:<\/span><\/p><p><span style=\"font-weight: 400;\">Bayerische Landesamt f\u00fcr Datenschutz<\/span><span style=\"font-weight: 400;\"><br \/><\/span><span style=\"font-weight: 400;\">\u00a0<\/span><\/p><p><span style=\"font-weight: 400;\">Zust\u00e4ndige Kammer:<\/span><\/p><p><span style=\"font-weight: 400;\">Bayerische Landes\u00e4rztekammer (BL\u00c4K)<\/span><\/p><p><span style=\"font-weight: 400;\">K\u00f6rperschaft \u00f6ffentliches Recht<\/span><\/p><p><span style=\"font-weight: 400;\">M\u00fchlbauerstr 16<\/span><\/p><p><span style=\"font-weight: 400;\">81677 M\u00fcnchen<\/span><\/p><p><span style=\"font-weight: 400;\">Dieses Impressum gilt auch f\u00fcr folgende Social Media Profile und Profile auf Bewertungsplattformen, die aktiv von mir betrieben werden:<\/span><\/p><p><span style=\"font-weight: 400;\">Instagram: <\/span><a href=\"https:\/\/instagram.com\/ju.aesthetic.ro?igshid=MzNlNGNkZWQ4Mg==\"><span style=\"font-weight: 400;\">ju.aesthetic.ro<\/span><\/a><\/p><p><span style=\"font-weight: 400;\">Bildmaterial : Canva \/ Eigene Bilder<\/span><\/p><p><span style=\"font-weight: 400;\">Haftung f\u00fcr Inhalte:<\/span><\/p><p><span style=\"font-weight: 400;\">Haftung f\u00fcr Links<\/span><\/p><p><span style=\"font-weight: 400;\">Unser Angebot enth\u00e4lt Links zu externen Websites Dritter, auf deren Inhalte wir keinen Einfluss haben. Deshalb k\u00f6nnen wir f\u00fcr diese fremden Inhalte auch keine Gew\u00e4hr \u00fcbernehmen. F\u00fcr die Inhalte der verlinkten Seiten ist stets der jeweilige Anbieter oder Betreiber der Seiten verantwortlich. Die verlinkten Seiten wurden zum Zeitpunkt der Verlinkung auf m\u00f6gliche Rechtsverst\u00f6\u00dfe \u00fcberpr\u00fcft. Rechtswidrige Inhalte waren zum Zeitpunkt der Verlinkung nicht erkennbar. Eine permanente inhaltliche Kontrolle der verlinkten Seiten ist jedoch ohne konkrete Anhaltspunkte einer Rechtsverletzung nicht zumutbar. Bei Bekanntwerden von Rechtsverletzungen werden wir derartige Links umgehend entfernen.<\/span><\/p><p><span style=\"font-weight: 400;\">Urheberrecht<\/span><\/p><p><span style=\"font-weight: 400;\">Die durch die Seitenbetreiber erstellten Inhalte und Werke auf diesen Seiten unterliegen dem deutschen Urheberrecht. Die Vervielf\u00e4ltigung, Bearbeitung, Verbreitung und jede Art der Verwertung au\u00dferhalb der Grenzen des Urheberrechtes bed\u00fcrfen der schriftlichen Zustimmung des jeweiligen Autors bzw. Erstellers. Downloads und Kopien dieser Seite sind nur f\u00fcr den privaten, nicht kommerziellen Gebrauch gestattet. Soweit die Inhalte auf dieser Seite nicht vom Betreiber erstellt wurden, werden die Urheberrechte Dritter beachtet. Insbesondere werden Inhalte Dritter als solche gekennzeichnet. Sollten Sie trotzdem auf eine Urheberrechtsverletzung aufmerksam werden, bitten wir um einen entsprechenden Hinweis. Bei Bekanntwerden von Rechtsverletzungen werden wir derartige Inhalte umgehend entfernen.<\/span><\/p><p><br style=\"font-weight: 400;\" \/>Julia Kiefl<\/p>\t\t\t\t\t\t\t\t<\/div>\n\t\t\t\t<\/div>\n\t\t\t\t\t<\/div>\n\t\t\t\t<\/div>\n\t\t\t\t<\/div>\n\t\t","protected":false},"excerpt":{"rendered":"<p>Impressum Angaben gem\u00e4\u00df \u00a7 5 TMG Julia Kiefl Innaustrasse 11 83026 Rosenheim Kontakt: E-Mail: hello@ju-aesthetic.de Web: www.ju-aesthetic.de Tel: +49 (0) 8031 7966394 Umsatzsteuer-Identifikationsnummer gem\u00e4\u00df \u00a727 a Umsatzsteuergesetz: DE360162891 Berufsbezeichnung: Arzt Verliehen durch Bundesrepublik Deutschland Mitglied der \u00c4rztekammer M\u00fcnchen. Mitgliedsnummer: 306615 Zust\u00e4ndige Aufsichtsbeh\u00f6rde: Bayerische Landesamt f\u00fcr Datenschutz\u00a0 Zust\u00e4ndige Kammer: Bayerische Landes\u00e4rztekammer (BL\u00c4K) K\u00f6rperschaft \u00f6ffentliches Recht M\u00fchlbauerstr [&hellip;]<\/p>\n","protected":false},"author":1,"featured_media":0,"parent":0,"menu_order":0,"comment_status":"closed","ping_status":"closed","template":"","meta":{"footnotes":""},"class_list":["post-1655","page","type-page","status-publish","hentry"],"_links":{"self":[{"href":"https:\/\/www.ju-aesthetic.de\/index.php?rest_route=\/wp\/v2\/pages\/1655","targetHints":{"allow":["GET"]}}],"collection":[{"href":"https:\/\/www.ju-aesthetic.de\/index.php?rest_route=\/wp\/v2\/pages"}],"about":[{"href":"https:\/\/www.ju-aesthetic.de\/index.php?rest_route=\/wp\/v2\/types\/page"}],"author":[{"embeddable":true,"href":"https:\/\/www.ju-aesthetic.de\/index.php?rest_route=\/wp\/v2\/users\/1"}],"replies":[{"embeddable":true,"href":"https:\/\/www.ju-aesthetic.de\/index.php?rest_route=%2Fwp%2Fv2%2Fcomments&post=1655"}],"version-history":[{"count":18,"href":"https:\/\/www.ju-aesthetic.de\/index.php?rest_route=\/wp\/v2\/pages\/1655\/revisions"}],"predecessor-version":[{"id":1915,"href":"https:\/\/www.ju-aesthetic.de\/index.php?rest_route=\/wp\/v2\/pages\/1655\/revisions\/1915"}],"wp:attachment":[{"href":"https:\/\/www.ju-aesthetic.de\/index.php?rest_route=%2Fwp%2Fv2%2Fmedia&parent=1655"}],"curies":[{"name":"wp","href":"https:\/\/api.w.org\/{rel}","templated":true}]}}